{"id":442,"date":"2021-06-06T08:00:45","date_gmt":"2021-06-06T08:00:45","guid":{"rendered":"https:\/\/www.goodprofits.online\/?page_id=442"},"modified":"2022-04-28T10:46:28","modified_gmt":"2022-04-28T10:46:28","slug":"fundacio-kalida","status":"publish","type":"page","link":"https:\/\/www.goodprofits.online\/en\/projects\/fundacio-kalida\/","title":{"rendered":"Fundaci\u00f3 K\u0101lida"},"content":{"rendered":"<p><!-- BLOCK --><\/p>\r\n<div id=\"projects-intro\" class=\"main-section section container-fluid block\">\r\n<div class=\"target row\">\r\n<div class=\"col-md-5 col-md-preffix-5\">\r\n<h2 class=\"section-title\">Fundaci\u00f3n K\u0101lida<\/h2>\r\n<h1 class=\"big-title\">Digital upgrade for the K\u0101lida Foundation<\/h1>\r\n<\/div>\r\n<\/div>\r\n<div class=\"clear\">\u00a0<\/div>\r\n<div id=\"stage1\" class=\"stage-point\" data-bgcolor=\"#00B5E2\" data-bodyclass=\"terciary-white\" data-animate=\"fadein from-bt\">\u00a0<\/div>\r\n<\/div>\r\n<p><!-- BLOCK --><\/p>\r\n<div class=\"projects block container-fluid center-relative\">\r\n<div class=\"row section\">\r\n<div class=\"item target col-md-12\"><img decoding=\"async\" loading=\"lazy\" class=\"alignnone wp-image-265 size-full\" src=\"https:\/\/www.goodprofits.online\/wp-content\/uploads\/2021\/06\/Work-7-Kalida-grill.jpg\" alt=\"\" width=\"1600\" height=\"1200\" srcset=\"https:\/\/www.goodprofits.online\/wp-content\/uploads\/2021\/06\/Work-7-Kalida-grill.jpg 1600w, https:\/\/www.goodprofits.online\/wp-content\/uploads\/2021\/06\/Work-7-Kalida-grill-300x225.jpg 300w, https:\/\/www.goodprofits.online\/wp-content\/uploads\/2021\/06\/Work-7-Kalida-grill-1024x768.jpg 1024w, https:\/\/www.goodprofits.online\/wp-content\/uploads\/2021\/06\/Work-7-Kalida-grill-768x576.jpg 768w, https:\/\/www.goodprofits.online\/wp-content\/uploads\/2021\/06\/Work-7-Kalida-grill-1536x1152.jpg 1536w\" sizes=\"(max-width: 1600px) 100vw, 1600px\" \/><\/div>\r\n<div id=\"stage2\" class=\"stage-point\" data-bgcolor=\"#d5d5d5\" data-removebodyclass=\"terciary-white\" data-animate=\"fadein from-bt\">\u00a0<\/div>\r\n<\/div>\r\n<\/div>\r\n<p><!-- BLOCK --><\/p>\r\n<div class=\"projects block container-fluid center-relative\">\r\n<div class=\"row section\">\r\n<div class=\"col-md-5 target\">\r\n<h2 class=\"section-subtitle\">CUSTOMER<\/h2>\r\n<p>Fundaci\u00f3n K\u0101lida<\/p>\r\n<h2 class=\"section-subtitle\">AREAS<\/h2>\r\n<p>Digital Strategy, Inbound Marketing and Web Development<\/p>\r\n<h2 class=\"section-subtitle\">SEE WEB<\/h2>\r\n<p><a href=\"https:\/\/www.fundaciokalida.org\" target=\"_blank\" rel=\"noopener\">https:\/\/www.fundaciokalida.org<\/a><\/p>\r\n<img decoding=\"async\" loading=\"lazy\" class=\"alignnone wp-image-982 size-full\" src=\"https:\/\/www.goodprofits.online\/wp-content\/uploads\/2022\/04\/kalida-proyectos-imagen-2-b.jpg\" alt=\"\" width=\"700\" height=\"500\" srcset=\"https:\/\/www.goodprofits.online\/wp-content\/uploads\/2022\/04\/kalida-proyectos-imagen-2-b.jpg 700w, https:\/\/www.goodprofits.online\/wp-content\/uploads\/2022\/04\/kalida-proyectos-imagen-2-b-300x214.jpg 300w\" sizes=\"(max-width: 700px) 100vw, 700px\" \/>\r\n<\/div>\r\n<div class=\"item target col-md-5\">\r\n<h2 class=\"section-subtitle\">\u00a0<\/h2>\r\n<div class=\"fusion-text fusion-text-1\">\r\n<p>The K\u0101lida Foundation supports people with cancer, their families and friends. Help improve their quality of life by offering practical, emotional and social support free and open to all.<\/p>\r\n<\/div>\r\n<div class=\"fusion-text fusion-text-2\">\r\n<p>It is based on the philosophy of the Maggies Centers organization and is a member of its international network. It has a center within the grounds of the Hospital de Sant Pau and is working to open more in other parts of Catalonia and Spain.<\/p>\r\n<\/div>\r\n<div class=\"fusion-text fusion-text-3\">\r\n<p>In September 2020 we started working for the K\u0101lida Foundation to make digital marketing a key piece in the organization&#8217;s growth strategy.<\/p>\r\n<div class=\"fusion-text fusion-text-3\">\r\n<p>Since then we have worked with them to deploy an inbound marketing strategy. We have accompanied them in the definition of a plan, the development of a new website, providing digital marketing services (SEO, Google Ads and Social Ads), and also providing creative proposals for recruitment campaigns and content.<\/p>\r\n<p>&nbsp;<\/p>\r\n<div class=\"fusion-text fusion-text-3\">\r\n<p><strong>&#8220;Not only do they provide us with digital marketing services, they also accompany us in the learning process that involves the commitment to the digital channel&#8221;. Joan Revent\u00f3s, Director.<\/strong><\/p>\r\n<p>&nbsp;<\/p>\r\n<div class=\"fusion-text fusion-text-3\">\r\n<p>Main performance data:<\/p>\r\n<div class=\"fusion-text fusion-text-3\">\r\n<p>In one year we have increased the number of followers on social networks by 70%; by 112% the number of web users; 65% the number of people in the emailing database; 35% the number of regular donors (members) and 98% the number of punctual donors.<\/p>\r\n<\/div>\r\n<div class=\"fusion-text fusion-text-3\">\r\n<p>In addition, with the 2021 Christmas campaign we have raised more than double what we got for Christmas 2020.<\/p>\r\n<\/div>\r\n<\/div>\r\n<div id=\"stage3\" class=\"stage-point\" data-bgcolor=\"#d5d5d5\" data-animate=\"fadein from-bt\">\u00a0<\/div>\r\n<\/div>\r\n<\/div>","protected":false},"excerpt":{"rendered":"<p>Fundaci\u00f3n K\u0101lida Digital upgrade for the K\u0101lida Foundation \u00a0 \u00a0 \u00a0 CUSTOMER Fundaci\u00f3n K\u0101lida AREAS Digital Strategy, Inbound Marketing and Web Development SEE WEB https:\/\/www.fundaciokalida.org \u00a0 The K\u0101lida Foundation supports people with cancer, their families and friends. Help improve their quality of life by offering practical, emotional and social support free and open to all. [&hellip;]<\/p>\n","protected":false},"author":2,"featured_media":265,"parent":437,"menu_order":0,"comment_status":"closed","ping_status":"closed","template":"_tmp-page-works-projects.php","meta":[],"tags":[],"yoast_head":"<!-- This site is optimized with the Yoast SEO plugin v20.0 - https:\/\/yoast.com\/wordpress\/plugins\/seo\/ -->\n<title>GoodProfits - Fundaci\u00f3 K\u0101lida<\/title>\n<meta name=\"description\" content=\"- Fundaci\u00f3 K\u0101lida - GoodProfits\" \/>\n<meta name=\"robots\" content=\"index, follow, max-snippet:-1, max-image-preview:large, max-video-preview:-1\" \/>\n<link rel=\"canonical\" href=\"https:\/\/www.goodprofits.online\/en\/projects\/fundacio-kalida\/\" \/>\n<meta property=\"og:locale\" content=\"en_US\" \/>\n<meta property=\"og:type\" content=\"article\" \/>\n<meta property=\"og:title\" content=\"GoodProfits - Fundaci\u00f3 K\u0101lida\" \/>\n<meta property=\"og:description\" content=\"- Fundaci\u00f3 K\u0101lida - GoodProfits\" \/>\n<meta property=\"og:url\" content=\"https:\/\/www.goodprofits.online\/en\/projects\/fundacio-kalida\/\" \/>\n<meta property=\"og:site_name\" content=\"GoodProfits\" \/>\n<meta property=\"article:modified_time\" content=\"2022-04-28T10:46:28+00:00\" \/>\n<meta property=\"og:image\" content=\"https:\/\/www.goodprofits.online\/wp-content\/uploads\/2021\/06\/Work-7-Kalida-grill.jpg\" \/>\n\t<meta property=\"og:image:width\" content=\"1600\" \/>\n\t<meta property=\"og:image:height\" content=\"1200\" \/>\n\t<meta property=\"og:image:type\" content=\"image\/jpeg\" \/>\n<meta name=\"twitter:card\" content=\"summary_large_image\" \/>\n<meta name=\"twitter:site\" content=\"@GoodProfitsOn\" \/>\n<script type=\"application\/ld+json\" class=\"yoast-schema-graph\">{\"@context\":\"https:\/\/schema.org\",\"@graph\":[{\"@type\":\"WebPage\",\"@id\":\"https:\/\/www.goodprofits.online\/en\/projects\/fundacio-kalida\/\",\"url\":\"https:\/\/www.goodprofits.online\/en\/projects\/fundacio-kalida\/\",\"name\":\"GoodProfits - Fundaci\u00f3 K\u0101lida\",\"isPartOf\":{\"@id\":\"https:\/\/www.goodprofits.online\/en\/#website\"},\"datePublished\":\"2021-06-06T08:00:45+00:00\",\"dateModified\":\"2022-04-28T10:46:28+00:00\",\"description\":\"- Fundaci\u00f3 K\u0101lida - GoodProfits\",\"breadcrumb\":{\"@id\":\"https:\/\/www.goodprofits.online\/en\/projects\/fundacio-kalida\/#breadcrumb\"},\"inLanguage\":\"en-US\",\"potentialAction\":[{\"@type\":\"ReadAction\",\"target\":[\"https:\/\/www.goodprofits.online\/en\/projects\/fundacio-kalida\/\"]}]},{\"@type\":\"BreadcrumbList\",\"@id\":\"https:\/\/www.goodprofits.online\/en\/projects\/fundacio-kalida\/#breadcrumb\",\"itemListElement\":[{\"@type\":\"ListItem\",\"position\":1,\"name\":\"Home\",\"item\":\"https:\/\/www.goodprofits.online\/en\/\"},{\"@type\":\"ListItem\",\"position\":2,\"name\":\"Projects\",\"item\":\"https:\/\/www.goodprofits.online\/en\/projects\/\"},{\"@type\":\"ListItem\",\"position\":3,\"name\":\"Fundaci\u00f3 K\u0101lida\"}]},{\"@type\":\"WebSite\",\"@id\":\"https:\/\/www.goodprofits.online\/en\/#website\",\"url\":\"https:\/\/www.goodprofits.online\/en\/\",\"name\":\"GoodProfits fundraising digital\",\"description\":\"Digital Fundraising\",\"publisher\":{\"@id\":\"https:\/\/www.goodprofits.online\/en\/#organization\"},\"potentialAction\":[{\"@type\":\"SearchAction\",\"target\":{\"@type\":\"EntryPoint\",\"urlTemplate\":\"https:\/\/www.goodprofits.online\/en\/?s={search_term_string}\"},\"query-input\":\"required name=search_term_string\"}],\"inLanguage\":\"en-US\"},{\"@type\":\"Organization\",\"@id\":\"https:\/\/www.goodprofits.online\/en\/#organization\",\"name\":\"GoodProfits Online\",\"url\":\"https:\/\/www.goodprofits.online\/en\/\",\"logo\":{\"@type\":\"ImageObject\",\"inLanguage\":\"en-US\",\"@id\":\"https:\/\/www.goodprofits.online\/en\/#\/schema\/logo\/image\/\",\"url\":\"https:\/\/www.goodprofits.online\/wp-content\/uploads\/2023\/01\/LogoImago-B-Red_Gsuite.png\",\"contentUrl\":\"https:\/\/www.goodprofits.online\/wp-content\/uploads\/2023\/01\/LogoImago-B-Red_Gsuite.png\",\"width\":320,\"height\":68,\"caption\":\"GoodProfits Online\"},\"image\":{\"@id\":\"https:\/\/www.goodprofits.online\/en\/#\/schema\/logo\/image\/\"},\"sameAs\":[\"https:\/\/www.linkedin.com\/company\/goodprofitsonline\/\",\"https:\/\/twitter.com\/GoodProfitsOn\"]}]}<\/script>\n<!-- \/ Yoast SEO plugin. -->","yoast_head_json":{"title":"GoodProfits - Fundaci\u00f3 K\u0101lida","description":"- Fundaci\u00f3 K\u0101lida - GoodProfits","robots":{"index":"index","follow":"follow","max-snippet":"max-snippet:-1","max-image-preview":"max-image-preview:large","max-video-preview":"max-video-preview:-1"},"canonical":"https:\/\/www.goodprofits.online\/en\/projects\/fundacio-kalida\/","og_locale":"en_US","og_type":"article","og_title":"GoodProfits - Fundaci\u00f3 K\u0101lida","og_description":"- Fundaci\u00f3 K\u0101lida - GoodProfits","og_url":"https:\/\/www.goodprofits.online\/en\/projects\/fundacio-kalida\/","og_site_name":"GoodProfits","article_modified_time":"2022-04-28T10:46:28+00:00","og_image":[{"width":1600,"height":1200,"url":"https:\/\/www.goodprofits.online\/wp-content\/uploads\/2021\/06\/Work-7-Kalida-grill.jpg","type":"image\/jpeg"}],"twitter_card":"summary_large_image","twitter_site":"@GoodProfitsOn","schema":{"@context":"https:\/\/schema.org","@graph":[{"@type":"WebPage","@id":"https:\/\/www.goodprofits.online\/en\/projects\/fundacio-kalida\/","url":"https:\/\/www.goodprofits.online\/en\/projects\/fundacio-kalida\/","name":"GoodProfits - Fundaci\u00f3 K\u0101lida","isPartOf":{"@id":"https:\/\/www.goodprofits.online\/en\/#website"},"datePublished":"2021-06-06T08:00:45+00:00","dateModified":"2022-04-28T10:46:28+00:00","description":"- Fundaci\u00f3 K\u0101lida - GoodProfits","breadcrumb":{"@id":"https:\/\/www.goodprofits.online\/en\/projects\/fundacio-kalida\/#breadcrumb"},"inLanguage":"en-US","potentialAction":[{"@type":"ReadAction","target":["https:\/\/www.goodprofits.online\/en\/projects\/fundacio-kalida\/"]}]},{"@type":"BreadcrumbList","@id":"https:\/\/www.goodprofits.online\/en\/projects\/fundacio-kalida\/#breadcrumb","itemListElement":[{"@type":"ListItem","position":1,"name":"Home","item":"https:\/\/www.goodprofits.online\/en\/"},{"@type":"ListItem","position":2,"name":"Projects","item":"https:\/\/www.goodprofits.online\/en\/projects\/"},{"@type":"ListItem","position":3,"name":"Fundaci\u00f3 K\u0101lida"}]},{"@type":"WebSite","@id":"https:\/\/www.goodprofits.online\/en\/#website","url":"https:\/\/www.goodprofits.online\/en\/","name":"GoodProfits fundraising digital","description":"Digital Fundraising","publisher":{"@id":"https:\/\/www.goodprofits.online\/en\/#organization"},"potentialAction":[{"@type":"SearchAction","target":{"@type":"EntryPoint","urlTemplate":"https:\/\/www.goodprofits.online\/en\/?s={search_term_string}"},"query-input":"required name=search_term_string"}],"inLanguage":"en-US"},{"@type":"Organization","@id":"https:\/\/www.goodprofits.online\/en\/#organization","name":"GoodProfits Online","url":"https:\/\/www.goodprofits.online\/en\/","logo":{"@type":"ImageObject","inLanguage":"en-US","@id":"https:\/\/www.goodprofits.online\/en\/#\/schema\/logo\/image\/","url":"https:\/\/www.goodprofits.online\/wp-content\/uploads\/2023\/01\/LogoImago-B-Red_Gsuite.png","contentUrl":"https:\/\/www.goodprofits.online\/wp-content\/uploads\/2023\/01\/LogoImago-B-Red_Gsuite.png","width":320,"height":68,"caption":"GoodProfits Online"},"image":{"@id":"https:\/\/www.goodprofits.online\/en\/#\/schema\/logo\/image\/"},"sameAs":["https:\/\/www.linkedin.com\/company\/goodprofitsonline\/","https:\/\/twitter.com\/GoodProfitsOn"]}]}},"_links":{"self":[{"href":"https:\/\/www.goodprofits.online\/en\/wp-json\/wp\/v2\/pages\/442"}],"collection":[{"href":"https:\/\/www.goodprofits.online\/en\/wp-json\/wp\/v2\/pages"}],"about":[{"href":"https:\/\/www.goodprofits.online\/en\/wp-json\/wp\/v2\/types\/page"}],"author":[{"embeddable":true,"href":"https:\/\/www.goodprofits.online\/en\/wp-json\/wp\/v2\/users\/2"}],"replies":[{"embeddable":true,"href":"https:\/\/www.goodprofits.online\/en\/wp-json\/wp\/v2\/comments?post=442"}],"version-history":[{"count":9,"href":"https:\/\/www.goodprofits.online\/en\/wp-json\/wp\/v2\/pages\/442\/revisions"}],"predecessor-version":[{"id":1116,"href":"https:\/\/www.goodprofits.online\/en\/wp-json\/wp\/v2\/pages\/442\/revisions\/1116"}],"up":[{"embeddable":true,"href":"https:\/\/www.goodprofits.online\/en\/wp-json\/wp\/v2\/pages\/437"}],"wp:featuredmedia":[{"embeddable":true,"href":"https:\/\/www.goodprofits.online\/en\/wp-json\/wp\/v2\/media\/265"}],"wp:attachment":[{"href":"https:\/\/www.goodprofits.online\/en\/wp-json\/wp\/v2\/media?parent=442"}],"wp:term":[{"taxonomy":"post_tag","embeddable":true,"href":"https:\/\/www.goodprofits.online\/en\/wp-json\/wp\/v2\/tags?post=442"}],"curies":[{"name":"wp","href":"https:\/\/api.w.org\/{rel}","templated":true}]}}