{"id":423,"date":"2021-08-24T12:18:00","date_gmt":"2021-08-24T12:18:00","guid":{"rendered":"https:\/\/www.goodprofits.online\/?page_id=423"},"modified":"2022-01-27T16:42:22","modified_gmt":"2022-01-27T16:42:22","slug":"services","status":"publish","type":"page","link":"https:\/\/www.goodprofits.online\/en\/services\/","title":{"rendered":"Services"},"content":{"rendered":"<div id=\"services-intro\" class=\"main-section section block container-fluid center-relative\">\r\n<div class=\"row section\">\r\n<div class=\"col-md-7 col-md-preffix-5\">\r\n<h2 class=\"section-title\" style=\"color: #fff;\">SERVICES<\/h2>\r\n<h1 class=\"big-title\">We don&#8217;t work for customers, we make team with them.<\/h1>\r\n<\/div>\r\n<\/div>\r\n<div class=\"clear\">\u00a0<\/div>\r\n<div id=\"stage1\" class=\"stage-point\" data-bgcolor=\"#3AD2B5\" data-bodyclass=\"secondary-white\" data-animate=\"fadein from-bt\">\u00a0<\/div>\r\n<\/div>\r\n<p><!-- ITEM --><\/p>\r\n<div class=\"block container-fluid center-relative\">\r\n<div class=\"row section\">\r\n<div class=\"item target col-md-5\">\r\n<div class=\"details\">\r\n<h1 class=\"mid-title\">Versatility, affection and attention to detail<\/h1>\r\n<\/div>\r\n<\/div>\r\n<div class=\"item target col-md-5\">\r\n<p>The digital environment requires a deep knowledge of different disciplines: marketing, communication, technology, design, user experience, creativity, digital advertising &#8230; At GoodProfits we offer you a range of solutions that will cover all your needs in the digital channel.<\/p>\r\n<p>We will help you create more attractive digital campaigns and user experiences. To connect with your social base and potential collaborators. To turn your digital environment into a fundamental asset within your fundraising strategy.<\/p>\r\n<p><strong>We will accompany you on a path of continuous improvement, adapting the work team and planning to the requirements of your project. Useful ideas, technology and services for organizations of any size.<\/strong><\/p>\r\n<\/div>\r\n<div class=\"item col-md-8 col-md-preffix-3\"><img decoding=\"async\" loading=\"lazy\" class=\"alignnone size-full wp-image-213 brand-image\" src=\"https:\/\/www.goodprofits.online\/wp-content\/uploads\/2021\/06\/working-as-partnership-hd.png\" alt=\"No trabajamos para clientes, formamos equipo con ellos.\" width=\"1440\" height=\"1024\" srcset=\"https:\/\/www.goodprofits.online\/wp-content\/uploads\/2021\/06\/working-as-partnership-hd.png 1440w, https:\/\/www.goodprofits.online\/wp-content\/uploads\/2021\/06\/working-as-partnership-hd-300x213.png 300w, https:\/\/www.goodprofits.online\/wp-content\/uploads\/2021\/06\/working-as-partnership-hd-1024x728.png 1024w, https:\/\/www.goodprofits.online\/wp-content\/uploads\/2021\/06\/working-as-partnership-hd-768x546.png 768w\" sizes=\"(max-width: 1440px) 100vw, 1440px\" \/><\/div>\r\n<div id=\"stage2\" class=\"stage-point\" data-bgcolor=\"#d5d5d5\" data-removebodyclass=\"secondary-white\" data-animate=\"fadein from-bt\">\u00a0<\/div>\r\n<\/div>\r\n<\/div>\r\n<p><!-- ITEM --><\/p>\r\n<p><!-- ITEM --><\/p>\r\n<div class=\"block container-fluid center-relative\">\r\n<div class=\"row section\">\r\n<div class=\"item target col-md-4 col-md-preffix-1\">\r\n\t\t\t<img decoding=\"async\" loading=\"lazy\" src=\"\/wp-content\/uploads\/2021\/09\/service_strategy.png\" alt=\"Digital Strategy\" width=\"878\" height=\"532\" class=\"alignnone size-full wp-image-565\" srcset=\"https:\/\/www.goodprofits.online\/wp-content\/uploads\/2021\/09\/service_strategy.png 878w, https:\/\/www.goodprofits.online\/wp-content\/uploads\/2021\/09\/service_strategy-300x182.png 300w, https:\/\/www.goodprofits.online\/wp-content\/uploads\/2021\/09\/service_strategy-768x465.png 768w\" sizes=\"(max-width: 878px) 100vw, 878px\" \/>\r\n\t\t<\/div>\r\n\t\t<div class=\"item target col-md-5\">\r\n<h2 class=\"section-subtitle\">Digital Strategy<\/h2>\r\n<p>Before investing in the digital channel you need to have a good plan: carry out an analysis of the situation, web environment, landing pages and CTAs, define the editorial line and content generation plan for the different target segments, define the technological tools and Necessary integrations, establish the traffic generation strategy (SEO, Google ad Grants, social media, digital advertising) and the email marketing strategy, define a table of KPIs to monitor the project, estimate the necessary investment and the expected return. .. From GoodProfits we will help you define a good digital fundraising strategy.<\/p>\r\n<\/div>\r\n<div id=\"stage3\" class=\"stage-point\" data-bgcolor=\"#d5d5d5\" data-removebodyclass=\"secondary-white\" data-animate=\"fadein from-bt\">\u00a0<\/div>\r\n<\/div>\r\n<\/div>\r\n<p><!-- ITEM --><\/p>\r\n<p><!-- ITEM --><\/p>\r\n<div class=\"block container-fluid center-relative\">\r\n<div class=\"row section\">\r\n<div class=\"item target col-md-4 col-md-preffix-1\">\r\n\t\t\t<img decoding=\"async\" loading=\"lazy\" src=\"\/wp-content\/uploads\/2021\/09\/service_creativity_content.png\" alt=\"Creativity, content and campaigns\" width=\"878\" height=\"732\" class=\"alignnone size-full wp-image-568\" srcset=\"https:\/\/www.goodprofits.online\/wp-content\/uploads\/2021\/09\/service_creativity_content.png 878w, https:\/\/www.goodprofits.online\/wp-content\/uploads\/2021\/09\/service_creativity_content-300x250.png 300w, https:\/\/www.goodprofits.online\/wp-content\/uploads\/2021\/09\/service_creativity_content-768x640.png 768w\" sizes=\"(max-width: 878px) 100vw, 878px\" \/>\r\n\t\t<\/div>\r\n\t\t<div class=\"item target col-md-5\">\r\n<h2 class=\"section-subtitle\">Creativity, content and campaigns<\/h2>\r\n<p>Every great story is born from a great idea. At GoodProfits we don&#8217;t believe in lengthy documents theorizing about the human and the divine. But yes in thinking, testing, observing, learning, innovating &#8230; If you want us to accompany you on that path, we will be delighted.<\/p>\r\n<p>To attract potential collaborators and build loyalty to your social base, you will need a lot of quality content and memorable campaigns. From GoodProfits we will provide you with pieces of content that enhance your digital marketing strategy: creativity, copies, graphics, videos, infographics, banners, ebooks, motion graphics, photography, illustration &#8230; We can produce everything you need in digital content.<\/p>\r\n<\/div>\r\n<div id=\"stage3\" class=\"stage-point\" data-bgcolor=\"#d5d5d5\" data-removebodyclass=\"secondary-white\" data-animate=\"fadein from-bt\">\u00a0<\/div>\r\n<\/div>\r\n<\/div>\r\n<p><!-- ITEM --><\/p>\r\n<p><!-- ITEM --><\/p>\r\n<div class=\"block container-fluid center-relative\">\r\n<div class=\"row section\">\r\n<div class=\"item target col-md-4 col-md-preffix-1\">\r\n\t\t\t<img decoding=\"async\" loading=\"lazy\" src=\"\/wp-content\/uploads\/2021\/09\/service_digital_marketing.png\" alt=\"Digital Marketing\" width=\"878\" height=\"642\" class=\"alignnone size-full wp-image-571\" srcset=\"https:\/\/www.goodprofits.online\/wp-content\/uploads\/2021\/09\/service_digital_marketing.png 878w, https:\/\/www.goodprofits.online\/wp-content\/uploads\/2021\/09\/service_digital_marketing-300x219.png 300w, https:\/\/www.goodprofits.online\/wp-content\/uploads\/2021\/09\/service_digital_marketing-768x562.png 768w\" sizes=\"(max-width: 878px) 100vw, 878px\" \/>\r\n\t\t<\/div>\r\n\t\t<div class=\"item target col-md-5\">\r\n<h2 class=\"section-subtitle\">Digital Marketing<\/h2>\r\n<p>We work as an extension of your team, fostering interaction and the exchange of ideas. We help you apply the inbound marketing methodology on your digital channel: attract the right people, get them to link with your organization and make their level of involvement grow over time. With GoodProfits you can implement and optimize your customer journey and digital conversion funnel.<\/p>\r\n<ul class=\"list-content\">\r\n\t<li><strong>SEO:<\/strong> We improve your ranking in Google to generate quality traffic to your website.<\/li>\r\n\t<li><strong>Social Media:<\/strong> We help you connect with your supporters, find new people who support the cause and build loyalty in your community.<\/li>\r\n\t<li><strong>Management of digital advertising and Google Ad Grants:<\/strong> We manage your advertising investment to extract the maximum return in the form of leads and donations.<\/li>\r\n\t<li><strong>Email marketing:<\/strong> We implement marketing automation processes, and we help you with your campaigns and communication to improve their effectiveness.<\/li>\r\n\t<li><strong>Engagement:<\/strong> We design and execute loyalty strategies, automating the essential processes.<\/li>\r\n<\/ul>\r\n<\/div>\r\n<div id=\"stage3\" class=\"stage-point\" data-bgcolor=\"#d5d5d5\" data-removebodyclass=\"secondary-white\" data-animate=\"fadein from-bt\">\u00a0<\/div>\r\n<\/div>\r\n<\/div>\r\n<p><!-- ITEM --><\/p>\r\n<p><!-- ITEM --><\/p>\r\n<div class=\"block container-fluid center-relative\">\r\n<div class=\"row section\">\r\n<div class=\"item target col-md-4 col-md-preffix-1\">\r\n\t\t\t<img decoding=\"async\" loading=\"lazy\" src=\"\/wp-content\/uploads\/2021\/09\/service_development.png\" alt=\"Web development\" width=\"878\" height=\"532\" class=\"alignnone size-full wp-image-562\" srcset=\"https:\/\/www.goodprofits.online\/wp-content\/uploads\/2021\/09\/service_development.png 878w, https:\/\/www.goodprofits.online\/wp-content\/uploads\/2021\/09\/service_development-300x182.png 300w, https:\/\/www.goodprofits.online\/wp-content\/uploads\/2021\/09\/service_development-768x465.png 768w\" sizes=\"(max-width: 878px) 100vw, 878px\" \/>\r\n\t\t<\/div>\r\n\t\t<div class=\"item target col-md-5\">\r\n<h2 class=\"section-subtitle\">Web development<\/h2>\r\n<p>It is important to optimize the performance and user experience of your web environment because that is where the main conversions of any digital campaign take place. At GoodProfits we develop effective websites that will help you increase and retain your social base. You will get your web visitors to become sympathizers of the organization, to establish a link with you.<\/p>\r\n<p>Our extensive development experience on all types of web technologies allows us to adapt to any requirement and project size.<\/p>\r\n<\/div>\r\n<div id=\"stage3\" class=\"stage-point\" data-bgcolor=\"#d5d5d5\" data-removebodyclass=\"secondary-white\" data-animate=\"fadein from-bt\">\u00a0<\/div>\r\n<\/div>\r\n<\/div>\r\n<!-- ITEM -->\r\n\r\n<!-- ITEM -->\r\n<div class=\"block container-fluid center-relative\">\r\n\t<div class=\"row section\">\r\n\t\t<div class=\"item target col-md-4 col-md-preffix-1\">\r\n\t\t\t<img decoding=\"async\" loading=\"lazy\" src=\"https:\/\/www.goodprofits.online\/wp-content\/uploads\/2022\/01\/technology-integration.png\" alt=\"Digitalizaci\u00f3n e integraci\u00f3n de tecnolog\u00edas\" width=\"724\" height=\"638\" class=\"alignnone size-full wp-image-817\" srcset=\"https:\/\/www.goodprofits.online\/wp-content\/uploads\/2022\/01\/technology-integration.png 724w, https:\/\/www.goodprofits.online\/wp-content\/uploads\/2022\/01\/technology-integration-300x264.png 300w\" sizes=\"(max-width: 724px) 100vw, 724px\" \/>\r\n\t\t<\/div>\r\n\t\t<div class=\"item target col-md-5\">\r\n\t\t\t<h2 class=\"section-subtitle\">Digitization and integration of technologies<\/h2>\r\n\t\t\t<p>We are experts in multiple technologies, development platforms and cloud services. This knowledge of technology, and its appropriate application in each situation, makes us a very valuable partner for digitization processes of organizations and integration of technologies.<\/p>\r\n\t\t\t<p>We design and integrate user-centric digital products and services. We help you implement the solutions that best suit the size and characteristics of your organization. We make information technologies become an ally to transform the activity of your organization and make it more agile, scalable and flexible.<\/p>\r\n\t\t<\/div>\r\n\t\t<div id=\"stage3\" class=\"stage-point\" data-bgcolor=\"#d5d5d5\" data-removebodyclass=\"secondary-white\" data-animate=\"fadein from-bt\"><\/div>\r\n\t<\/div>\r\n<\/div>\r\n<!-- ITEM -->","protected":false},"excerpt":{"rendered":"<p>SERVICES We don&#8217;t work for customers, we make team with them. \u00a0 \u00a0 Versatility, affection and attention to detail The digital environment requires a deep knowledge of different disciplines: marketing, communication, technology, design, user experience, creativity, digital advertising &#8230; At GoodProfits we offer you a range of solutions that will cover all your needs in [&hellip;]<\/p>\n","protected":false},"author":2,"featured_media":0,"parent":0,"menu_order":0,"comment_status":"closed","ping_status":"closed","template":"_tmp-page-services.php","meta":[],"tags":[],"yoast_head":"<!-- This site is optimized with the Yoast SEO plugin v20.0 - https:\/\/yoast.com\/wordpress\/plugins\/seo\/ -->\n<title>GoodProfits - Services<\/title>\n<meta name=\"description\" content=\"- Services - GoodProfits\" \/>\n<meta name=\"robots\" content=\"index, follow, max-snippet:-1, max-image-preview:large, max-video-preview:-1\" \/>\n<link rel=\"canonical\" href=\"https:\/\/www.goodprofits.online\/en\/services\/\" \/>\n<meta property=\"og:locale\" content=\"en_US\" \/>\n<meta property=\"og:type\" content=\"article\" \/>\n<meta property=\"og:title\" content=\"GoodProfits - Services\" \/>\n<meta property=\"og:description\" content=\"- Services - GoodProfits\" \/>\n<meta property=\"og:url\" content=\"https:\/\/www.goodprofits.online\/en\/services\/\" \/>\n<meta property=\"og:site_name\" content=\"GoodProfits\" \/>\n<meta property=\"article:modified_time\" content=\"2022-01-27T16:42:22+00:00\" \/>\n<meta property=\"og:image\" content=\"https:\/\/www.goodprofits.online\/wp-content\/uploads\/2021\/06\/working-as-partnership-hd.png\" \/>\n<meta name=\"twitter:card\" content=\"summary_large_image\" \/>\n<meta name=\"twitter:site\" content=\"@GoodProfitsOn\" \/>\n<script type=\"application\/ld+json\" class=\"yoast-schema-graph\">{\"@context\":\"https:\/\/schema.org\",\"@graph\":[{\"@type\":\"WebPage\",\"@id\":\"https:\/\/www.goodprofits.online\/en\/services\/\",\"url\":\"https:\/\/www.goodprofits.online\/en\/services\/\",\"name\":\"GoodProfits - Services\",\"isPartOf\":{\"@id\":\"https:\/\/www.goodprofits.online\/en\/#website\"},\"datePublished\":\"2021-08-24T12:18:00+00:00\",\"dateModified\":\"2022-01-27T16:42:22+00:00\",\"description\":\"- Services - GoodProfits\",\"breadcrumb\":{\"@id\":\"https:\/\/www.goodprofits.online\/en\/services\/#breadcrumb\"},\"inLanguage\":\"en-US\",\"potentialAction\":[{\"@type\":\"ReadAction\",\"target\":[\"https:\/\/www.goodprofits.online\/en\/services\/\"]}]},{\"@type\":\"BreadcrumbList\",\"@id\":\"https:\/\/www.goodprofits.online\/en\/services\/#breadcrumb\",\"itemListElement\":[{\"@type\":\"ListItem\",\"position\":1,\"name\":\"Home\",\"item\":\"https:\/\/www.goodprofits.online\/en\/\"},{\"@type\":\"ListItem\",\"position\":2,\"name\":\"Services\"}]},{\"@type\":\"WebSite\",\"@id\":\"https:\/\/www.goodprofits.online\/en\/#website\",\"url\":\"https:\/\/www.goodprofits.online\/en\/\",\"name\":\"GoodProfits fundraising digital\",\"description\":\"Digital Fundraising\",\"publisher\":{\"@id\":\"https:\/\/www.goodprofits.online\/en\/#organization\"},\"potentialAction\":[{\"@type\":\"SearchAction\",\"target\":{\"@type\":\"EntryPoint\",\"urlTemplate\":\"https:\/\/www.goodprofits.online\/en\/?s={search_term_string}\"},\"query-input\":\"required name=search_term_string\"}],\"inLanguage\":\"en-US\"},{\"@type\":\"Organization\",\"@id\":\"https:\/\/www.goodprofits.online\/en\/#organization\",\"name\":\"GoodProfits Online\",\"url\":\"https:\/\/www.goodprofits.online\/en\/\",\"logo\":{\"@type\":\"ImageObject\",\"inLanguage\":\"en-US\",\"@id\":\"https:\/\/www.goodprofits.online\/en\/#\/schema\/logo\/image\/\",\"url\":\"https:\/\/www.goodprofits.online\/wp-content\/uploads\/2023\/01\/LogoImago-B-Red_Gsuite.png\",\"contentUrl\":\"https:\/\/www.goodprofits.online\/wp-content\/uploads\/2023\/01\/LogoImago-B-Red_Gsuite.png\",\"width\":320,\"height\":68,\"caption\":\"GoodProfits Online\"},\"image\":{\"@id\":\"https:\/\/www.goodprofits.online\/en\/#\/schema\/logo\/image\/\"},\"sameAs\":[\"https:\/\/www.linkedin.com\/company\/goodprofitsonline\/\",\"https:\/\/twitter.com\/GoodProfitsOn\"]}]}<\/script>\n<!-- \/ Yoast SEO plugin. -->","yoast_head_json":{"title":"GoodProfits - Services","description":"- Services - GoodProfits","robots":{"index":"index","follow":"follow","max-snippet":"max-snippet:-1","max-image-preview":"max-image-preview:large","max-video-preview":"max-video-preview:-1"},"canonical":"https:\/\/www.goodprofits.online\/en\/services\/","og_locale":"en_US","og_type":"article","og_title":"GoodProfits - Services","og_description":"- Services - GoodProfits","og_url":"https:\/\/www.goodprofits.online\/en\/services\/","og_site_name":"GoodProfits","article_modified_time":"2022-01-27T16:42:22+00:00","og_image":[{"url":"https:\/\/www.goodprofits.online\/wp-content\/uploads\/2021\/06\/working-as-partnership-hd.png"}],"twitter_card":"summary_large_image","twitter_site":"@GoodProfitsOn","schema":{"@context":"https:\/\/schema.org","@graph":[{"@type":"WebPage","@id":"https:\/\/www.goodprofits.online\/en\/services\/","url":"https:\/\/www.goodprofits.online\/en\/services\/","name":"GoodProfits - Services","isPartOf":{"@id":"https:\/\/www.goodprofits.online\/en\/#website"},"datePublished":"2021-08-24T12:18:00+00:00","dateModified":"2022-01-27T16:42:22+00:00","description":"- Services - GoodProfits","breadcrumb":{"@id":"https:\/\/www.goodprofits.online\/en\/services\/#breadcrumb"},"inLanguage":"en-US","potentialAction":[{"@type":"ReadAction","target":["https:\/\/www.goodprofits.online\/en\/services\/"]}]},{"@type":"BreadcrumbList","@id":"https:\/\/www.goodprofits.online\/en\/services\/#breadcrumb","itemListElement":[{"@type":"ListItem","position":1,"name":"Home","item":"https:\/\/www.goodprofits.online\/en\/"},{"@type":"ListItem","position":2,"name":"Services"}]},{"@type":"WebSite","@id":"https:\/\/www.goodprofits.online\/en\/#website","url":"https:\/\/www.goodprofits.online\/en\/","name":"GoodProfits fundraising digital","description":"Digital Fundraising","publisher":{"@id":"https:\/\/www.goodprofits.online\/en\/#organization"},"potentialAction":[{"@type":"SearchAction","target":{"@type":"EntryPoint","urlTemplate":"https:\/\/www.goodprofits.online\/en\/?s={search_term_string}"},"query-input":"required name=search_term_string"}],"inLanguage":"en-US"},{"@type":"Organization","@id":"https:\/\/www.goodprofits.online\/en\/#organization","name":"GoodProfits Online","url":"https:\/\/www.goodprofits.online\/en\/","logo":{"@type":"ImageObject","inLanguage":"en-US","@id":"https:\/\/www.goodprofits.online\/en\/#\/schema\/logo\/image\/","url":"https:\/\/www.goodprofits.online\/wp-content\/uploads\/2023\/01\/LogoImago-B-Red_Gsuite.png","contentUrl":"https:\/\/www.goodprofits.online\/wp-content\/uploads\/2023\/01\/LogoImago-B-Red_Gsuite.png","width":320,"height":68,"caption":"GoodProfits Online"},"image":{"@id":"https:\/\/www.goodprofits.online\/en\/#\/schema\/logo\/image\/"},"sameAs":["https:\/\/www.linkedin.com\/company\/goodprofitsonline\/","https:\/\/twitter.com\/GoodProfitsOn"]}]}},"_links":{"self":[{"href":"https:\/\/www.goodprofits.online\/en\/wp-json\/wp\/v2\/pages\/423"}],"collection":[{"href":"https:\/\/www.goodprofits.online\/en\/wp-json\/wp\/v2\/pages"}],"about":[{"href":"https:\/\/www.goodprofits.online\/en\/wp-json\/wp\/v2\/types\/page"}],"author":[{"embeddable":true,"href":"https:\/\/www.goodprofits.online\/en\/wp-json\/wp\/v2\/users\/2"}],"replies":[{"embeddable":true,"href":"https:\/\/www.goodprofits.online\/en\/wp-json\/wp\/v2\/comments?post=423"}],"version-history":[{"count":6,"href":"https:\/\/www.goodprofits.online\/en\/wp-json\/wp\/v2\/pages\/423\/revisions"}],"predecessor-version":[{"id":832,"href":"https:\/\/www.goodprofits.online\/en\/wp-json\/wp\/v2\/pages\/423\/revisions\/832"}],"wp:attachment":[{"href":"https:\/\/www.goodprofits.online\/en\/wp-json\/wp\/v2\/media?parent=423"}],"wp:term":[{"taxonomy":"post_tag","embeddable":true,"href":"https:\/\/www.goodprofits.online\/en\/wp-json\/wp\/v2\/tags?post=423"}],"curies":[{"name":"wp","href":"https:\/\/api.w.org\/{rel}","templated":true}]}}