{"id":415,"date":"2021-08-24T12:12:56","date_gmt":"2021-08-24T12:12:56","guid":{"rendered":"https:\/\/www.goodprofits.online\/?page_id=415"},"modified":"2022-01-24T12:34:29","modified_gmt":"2022-01-24T12:34:29","slug":"homepage","status":"publish","type":"page","link":"https:\/\/www.goodprofits.online\/en\/","title":{"rendered":"Homepage"},"content":{"rendered":"<p><!-- BLOCK --><\/p>\r\n<div id=\"intro\" class=\"main-section section block\">\r\n<div class=\"block full-width target row center-relative\">\r\n<div class=\"col-md-7 col-md-preffix-5\">\r\n<h2 class=\"section-title\">DIGITAL FUNDRAISING AGENCY<\/h2>\r\n<h1 class=\"big-title\">We help organizations to connect with people.<\/h1>\r\n<p class=\"intro\">We are the perfect solution to promote your cause.<\/p>\r\n<p class=\"intro\"><a class=\"page-link\" href=\"en\/services\/\">Find out how we do it<\/a><\/p>\r\n<\/div>\r\n<div class=\"col-md-10 col-md-preffix-2\"><img decoding=\"async\" loading=\"lazy\" class=\"alignnone size-full wp-image-201 brand-image\" src=\"https:\/\/www.goodprofits.online\/wp-content\/uploads\/2021\/06\/helping-organizations-hd.png\" alt=\"We help organizations to connect with people.\" width=\"1440\" height=\"1024\" srcset=\"https:\/\/www.goodprofits.online\/wp-content\/uploads\/2021\/06\/helping-organizations-hd.png 1440w, https:\/\/www.goodprofits.online\/wp-content\/uploads\/2021\/06\/helping-organizations-hd-300x213.png 300w, https:\/\/www.goodprofits.online\/wp-content\/uploads\/2021\/06\/helping-organizations-hd-1024x728.png 1024w, https:\/\/www.goodprofits.online\/wp-content\/uploads\/2021\/06\/helping-organizations-hd-768x546.png 768w\" sizes=\"(max-width: 1440px) 100vw, 1440px\" \/><\/div>\r\n<\/div>\r\n<div class=\"clear\">\u00a0<\/div>\r\n<div id=\"stage1\" class=\"stage-point\" data-bgcolor=\"#F5F5F5\" data-animate=\"fadein from-bt\">\u00a0<\/div>\r\n<\/div>\r\n<p><!-- BLOCK --><\/p>\r\n<div class=\"section block\">\r\n<div class=\"block full-width target row center-relative\">\r\n<div class=\"col-md-7 col-md-preffix-5\">\r\n<h1 class=\"big-title\">It may be magic, but sure isn&#8217;t luck.<\/h1>\r\n<p class=\"intro\">GoodProfits was born from the shared experience of a group of professionals with a long history in the world of fundraising, digital marketing and technology.<\/p>\r\n<p class=\"intro\"><a class=\"page-link\" href=\"en\/agency\/\">Want to know more about us?<\/a><\/p>\r\n<\/div>\r\n<div class=\"col-md-10 col-md-preffix-2\"><img decoding=\"async\" loading=\"lazy\" class=\"alignnone size-full wp-image-207 brand-image\" src=\"https:\/\/www.goodprofits.online\/wp-content\/uploads\/2021\/06\/perhaps-magic-not-lucky-hd.png\" alt=\"It may be magic, but sure isn't luck.\" width=\"1440\" height=\"1024\" srcset=\"https:\/\/www.goodprofits.online\/wp-content\/uploads\/2021\/06\/perhaps-magic-not-lucky-hd.png 1440w, https:\/\/www.goodprofits.online\/wp-content\/uploads\/2021\/06\/perhaps-magic-not-lucky-hd-300x213.png 300w, https:\/\/www.goodprofits.online\/wp-content\/uploads\/2021\/06\/perhaps-magic-not-lucky-hd-1024x728.png 1024w, https:\/\/www.goodprofits.online\/wp-content\/uploads\/2021\/06\/perhaps-magic-not-lucky-hd-768x546.png 768w\" sizes=\"(max-width: 1440px) 100vw, 1440px\" \/><\/div>\r\n<\/div>\r\n<div class=\"clear\">\u00a0<\/div>\r\n<div id=\"stage1\" class=\"stage-point\" data-bgcolor=\"#FFD600\" data-animate=\"fadein from-bt\">\u00a0<\/div>\r\n<\/div>\r\n<p><!-- BLOCK --><\/p>\r\n<div class=\"section block\">\r\n<div class=\"block full-width target row center-relative\">\r\n<div class=\"col-md-7 col-md-preffix-5\">\r\n<h1 class=\"big-title\">We make technology contribute to the success of your cause.<\/h1>\r\n<p class=\"intro\">Technology cannot be a limit for your organization. We provide you with the tools you really need, adapted to your situation and resources.<\/p>\r\n<p class=\"intro\"><a class=\"page-link\" href=\"en\/technology\/\">More information<\/a><\/p>\r\n<\/div>\r\n<div class=\"col-md-10 col-md-preffix-2\"><img decoding=\"async\" loading=\"lazy\" class=\"alignnone size-full wp-image-210 brand-image\" src=\"https:\/\/www.goodprofits.online\/wp-content\/uploads\/2021\/06\/technology-for-success-hd.png\" alt=\"We make technology contribute to the success of your cause.\" width=\"1440\" height=\"1024\" srcset=\"https:\/\/www.goodprofits.online\/wp-content\/uploads\/2021\/06\/technology-for-success-hd.png 1440w, https:\/\/www.goodprofits.online\/wp-content\/uploads\/2021\/06\/technology-for-success-hd-300x213.png 300w, https:\/\/www.goodprofits.online\/wp-content\/uploads\/2021\/06\/technology-for-success-hd-1024x728.png 1024w, https:\/\/www.goodprofits.online\/wp-content\/uploads\/2021\/06\/technology-for-success-hd-768x546.png 768w\" sizes=\"(max-width: 1440px) 100vw, 1440px\" \/><\/div>\r\n<\/div>\r\n<div class=\"clear\">\u00a0<\/div>\r\n<div id=\"stage1\" class=\"stage-point\" data-bgcolor=\"#3AD2B5\" data-bodyclass=\"over-green\" data-animate=\"fadein from-bt\">\u00a0<\/div>\r\n<\/div>\r\n<p><!-- BLOCK --><\/p>\r\n<div class=\"section block\">\r\n<div class=\"block full-width target row center-relative\">\r\n<div class=\"col-md-7 col-md-preffix-5\">\r\n<h1 class=\"big-title\">We don&#8217;t work for clients, we make team with them.<\/h1>\r\n<p class=\"intro\">We only know do our best in what we do. We share effort with you and we get involved in the growth of your entity.<\/p>\r\n<p class=\"intro\"><a class=\"page-link\" href=\"en\/projects\/\">See Projects<\/a><\/p>\r\n<\/div>\r\n<div class=\"col-md-10 col-md-preffix-2\"><img decoding=\"async\" loading=\"lazy\" class=\"alignnone size-full wp-image-213 brand-image\" src=\"https:\/\/www.goodprofits.online\/wp-content\/uploads\/2021\/06\/working-as-partnership-hd.png\" alt=\"No trabajamos para clientes, formamos equipo con ellos.\" width=\"1440\" height=\"1024\" srcset=\"https:\/\/www.goodprofits.online\/wp-content\/uploads\/2021\/06\/working-as-partnership-hd.png 1440w, https:\/\/www.goodprofits.online\/wp-content\/uploads\/2021\/06\/working-as-partnership-hd-300x213.png 300w, https:\/\/www.goodprofits.online\/wp-content\/uploads\/2021\/06\/working-as-partnership-hd-1024x728.png 1024w, https:\/\/www.goodprofits.online\/wp-content\/uploads\/2021\/06\/working-as-partnership-hd-768x546.png 768w\" sizes=\"(max-width: 1440px) 100vw, 1440px\" \/><\/div>\r\n<\/div>\r\n<div class=\"clear\">\u00a0<\/div>\r\n<div id=\"stage1\" class=\"stage-point\" data-bgcolor=\"#FF0068\" data-bodyclass=\"over-red\" data-animate=\"fadein from-bt\">\u00a0<\/div>\r\n<\/div>\r\n<p><p><!-- BLOCK --><\/p>\r\n<div id=\"testimonials\" class=\"clear section container block\">\r\n<div class=\"row target\">\r\n<div class=\"col-md-8 col-md-preffix-2\">\r\n<h2 class=\"h2-title\">What they say about us<\/h2>\r\n<\/div>\r\n<div class=\"col-md-8 col-md-preffix-2 relative\">\r\n<div class=\"owl-carousel owl-theme\">\r\n<div class=\"item\">\r\n<div class=\"row\">\r\n<div class=\"col-md-6 col-md-preffix-3\">\r\n<p>\u00abThe combination of technological, communication and marketing knowledge make GoodProfits a strategic partner. In addition, they know the reality of the third sector and help us make decisions\u00bb<\/p>\r\n<h4>\u00cdRIA SAA, COMMUNICATION AND FUNDRAISING DIRECTOR OF FUNDACI\u00d3 ESCLEROSI M\u00daLTIPLE<\/h4>\r\n<\/div>\r\n<\/div>\r\n<\/div>\r\n<div class=\"item\">\r\n<div class=\"row\">\r\n<div class=\"col-md-6 col-md-preffix-3\">\r\n<p>\u00abOver the years, projects are always approached with enthusiasm, care and focused to accomplish defined objectives. This people is a Good option.\u00bb<\/p>\r\n<h4>Oleguer Serra, CEO of \u00d2mnium Cultural<\/h4>\r\n<\/div>\r\n<\/div>\r\n<\/div>\r\n<div class=\"item\">\r\n<div class=\"row\">\r\n<div class=\"col-md-6 col-md-preffix-3\">\r\n<p>\u00abThey provide the right balance of professionalism, creativity and customer service to meet our needs. They always listen carefully and bring us new ideas.\u00bb<\/p>\r\n<h4>ANNA ROIG, Communication and Fundraising Director of C\u00e0ritas de Barcelona<\/h4>\r\n<\/div>\r\n<\/div>\r\n<\/div>\r\n<div class=\"item\">\r\n<div class=\"row\">\r\n<div class=\"col-md-6 col-md-preffix-3\">\r\n<p>\u00abThe GoodProfits colleagues are a great choice for any nonprofit, large or small. They work with transparency, realism, experience and an important knowledge of the techniques and methodologies that helps to grow the organizations.\u00bb<\/p>\r\n<h4>PEDRO \u00c1LVAREZ, Consultant and Founder of SinergiaCRM<\/h4>\r\n<\/div>\r\n<\/div>\r\n<\/div>\r\n<div class=\"item\">\r\n<div class=\"row\">\r\n<div class=\"col-md-6 col-md-preffix-3\">\r\n<p>\u00abIt is always a pleasure to work with GoodProfits. A professional and innovative people who are 100% involved with the projects, and make collaboration very easy.\u00bb<\/p>\r\n<h4>VIRG\u00cdNIA GARCIA, ADJUNTA A DIRECCI\u00d3 DE FUNDACI\u00d3 LLARS DE L'AMISTAT<\/h4>\r\n<\/div>\r\n<\/div>\r\n<\/div>\r\n<div class=\"item\">\r\n<div class=\"row\">\r\n<div class=\"col-md-6 col-md-preffix-3\">\r\n<p>\u00abNot only provide us with digital fundraising services, they also accompany us in the learning process that supposes a commitment to the digital channel.\u00bb<\/p>\r\n<h4>JOAN REVENT\u00d3S, Director of Fundaci\u00f3 K\u0101lida<\/h4>\r\n<\/div>\r\n<\/div>\r\n<\/div>\r\n<div class=\"item\">\r\n<div class=\"row\">\r\n<div class=\"col-md-6 col-md-preffix-3\">\r\n<p>\u00abApart from their knowledge, I would highlight the commitment of the GoodProfits team. They make the projects their own and get involved to make them work.\u00bb<\/p>\r\n<h4>TON BARNILS, DIRECTOR at CENTRE EXCURSIONISTA DE CATALUNYA<\/h4>\r\n<\/div>\r\n<\/div>\r\n<\/div>\r\n<div class=\"item\">\r\n<div class=\"row\">\r\n<div class=\"col-md-6 col-md-preffix-3\">\r\n<p>\u00abStarting with digital marketing at the hands of professionals like the GoodProfits team gives you a lot of peace of mind due to the transparency, trust and knowledge they have of the environment.\u00bb<\/p>\r\n<h4>JOSEP HEREDIA, DIRECTOR en THE RICKY RUBIO FOUNDATION<\/h4>\r\n<\/div>\r\n<\/div>\r\n<\/div>\r\n<\/div>\r\n<\/div>\r\n<\/div>\r\n<div class=\"clear\">\u00a0<\/div>\r\n<div id=\"stage2\" class=\"stage-point\" data-bgcolor=\"#d5d5d5\" data-animate=\"fadein\">\u00a0<\/div>\r\n<\/div><br \/>\r\n<!-- BLOCK --><\/p>\r\n<div id=\"lastests-posts\" class=\"clear section full-width container block\">\r\n<div class=\"row target\">\r\n<div class=\"col-md-10 col-md-preffix-1\">\r\n<h2 class=\"h2-title\">Latest posts<\/h2>\r\n<\/div>\r\n<div class=\"col-md-10 col-md-preffix-1\"><ul class=\"owl-carousel owl-theme display-posts-listing\"><li class=\"listing-item\"><a class=\"image\" href=\"https:\/\/www.goodprofits.online\/en\/em-community-fundacio-esclerosi-multiple\/\"><img width=\"1350\" height=\"613\" src=\"https:\/\/www.goodprofits.online\/wp-content\/uploads\/2022\/03\/inicio-seion-cat.png\" class=\"attachment-default size-default wp-post-image\" alt=\"\" decoding=\"async\" loading=\"lazy\" srcset=\"https:\/\/www.goodprofits.online\/wp-content\/uploads\/2022\/03\/inicio-seion-cat.png 1350w, https:\/\/www.goodprofits.online\/wp-content\/uploads\/2022\/03\/inicio-seion-cat-300x136.png 300w, https:\/\/www.goodprofits.online\/wp-content\/uploads\/2022\/03\/inicio-seion-cat-1024x465.png 1024w, https:\/\/www.goodprofits.online\/wp-content\/uploads\/2022\/03\/inicio-seion-cat-768x349.png 768w\" sizes=\"(max-width: 1350px) 100vw, 1350px\" \/><\/a> <a class=\"title\" href=\"https:\/\/www.goodprofits.online\/en\/em-community-fundacio-esclerosi-multiple\/\">EM Community for the &#8220;Fundaci\u00f3 Esclerosi M\u00faltiple&#8221;<\/a> <span class=\"excerpt-dash\">-<\/span> <span class=\"excerpt\">At GoodProfits we believe that building an online community around an organization is essential for the success of your Inbound Marketing strategy. And as the movement is demonstrated by walking, today we&hellip; <span class=\"excerpt-more\"><\/span><\/span><span class=\"link\"><a href=\"https:\/\/www.goodprofits.online\/en\/em-community-fundacio-esclerosi-multiple\/\" class=\"page-link\">Read more...<\/a><\/li><li class=\"listing-item\"><a class=\"image\" href=\"https:\/\/www.goodprofits.online\/en\/automation-marketing-digital-fundraising\/\"><img width=\"1200\" height=\"800\" src=\"https:\/\/www.goodprofits.online\/wp-content\/uploads\/2022\/05\/automation-mkt-img-1-1200x800-1.jpg\" class=\"attachment-default size-default wp-post-image\" alt=\"\" decoding=\"async\" loading=\"lazy\" srcset=\"https:\/\/www.goodprofits.online\/wp-content\/uploads\/2022\/05\/automation-mkt-img-1-1200x800-1.jpg 1200w, https:\/\/www.goodprofits.online\/wp-content\/uploads\/2022\/05\/automation-mkt-img-1-1200x800-1-300x200.jpg 300w, https:\/\/www.goodprofits.online\/wp-content\/uploads\/2022\/05\/automation-mkt-img-1-1200x800-1-1024x683.jpg 1024w, https:\/\/www.goodprofits.online\/wp-content\/uploads\/2022\/05\/automation-mkt-img-1-1200x800-1-768x512.jpg 768w\" sizes=\"(max-width: 1200px) 100vw, 1200px\" \/><\/a> <a class=\"title\" href=\"https:\/\/www.goodprofits.online\/en\/automation-marketing-digital-fundraising\/\">Marketing automation for your digital fundraising<\/a> <span class=\"excerpt-dash\">-<\/span> <span class=\"excerpt\">Marketing automation will help you get more out of your digital fundraising campaigns, and it will also help you save time. As a fundraising manager, you have the challenge of launching a&hellip; <span class=\"excerpt-more\"><\/span><\/span><span class=\"link\"><a href=\"https:\/\/www.goodprofits.online\/en\/automation-marketing-digital-fundraising\/\" class=\"page-link\">Read more...<\/a><\/li><li class=\"listing-item\"><a class=\"image\" href=\"https:\/\/www.goodprofits.online\/en\/online-community-your-website-will-help-you-grow\/\"><img width=\"1200\" height=\"800\" src=\"https:\/\/www.goodprofits.online\/wp-content\/uploads\/2022\/02\/comunidad-online-2-1200x800-1.jpg\" class=\"attachment-default size-default wp-post-image\" alt=\"\" decoding=\"async\" loading=\"lazy\" srcset=\"https:\/\/www.goodprofits.online\/wp-content\/uploads\/2022\/02\/comunidad-online-2-1200x800-1.jpg 1200w, https:\/\/www.goodprofits.online\/wp-content\/uploads\/2022\/02\/comunidad-online-2-1200x800-1-300x200.jpg 300w, https:\/\/www.goodprofits.online\/wp-content\/uploads\/2022\/02\/comunidad-online-2-1200x800-1-1024x683.jpg 1024w, https:\/\/www.goodprofits.online\/wp-content\/uploads\/2022\/02\/comunidad-online-2-1200x800-1-768x512.jpg 768w\" sizes=\"(max-width: 1200px) 100vw, 1200px\" \/><\/a> <a class=\"title\" href=\"https:\/\/www.goodprofits.online\/en\/online-community-your-website-will-help-you-grow\/\">Deploying an online community on your website will help you grow<\/a> <span class=\"excerpt-dash\">-<\/span> <span class=\"excerpt\">Creating an online community for your organization will help you improve donor recruitment and retention. It will allow you to turn your digital environment into a fundamental asset within your fundraising strategy&hellip; <span class=\"excerpt-more\"><\/span><\/span><span class=\"link\"><a href=\"https:\/\/www.goodprofits.online\/en\/online-community-your-website-will-help-you-grow\/\" class=\"page-link\">Read more...<\/a><\/li><\/ul><\/div>\r\n<\/div>\r\n<div class=\"clear\">\u00a0<\/div>\r\n<div id=\"stage1\" class=\"stage-point\" data-bgcolor=\"#3AD2B5\" data-bodyclass=\"over-green\" data-animate=\"fadein from-bt\">\u00a0<\/div>\r\n<\/div>\r\n<p><!-- @Clients --><\/p>\r\n<div id=\"clients\" class=\"clear section section-bg full-width container block\">\r\n<div class=\"container\">\r\n<div class=\"row target fadein active\">\n    <div class=\"item col-md-3\"><img src=\"\/wp-content\/uploads\/assets\/logo-caritas-good.png\" title=\"C\u00e1ritas Barcelona\" alt=\"C\u00e1ritas Barcelona\"><\/div>\n    <div class=\"item col-md-3\"><img src=\"\/wp-content\/uploads\/assets\/logo-cec-good.png\" title=\"Centre Excursionista de Catalunya\" alt=\"Centre Excursionista de Catalunya\"><\/div>\n    <div class=\"item col-md-3\"><img src=\"\/wp-content\/uploads\/assets\/logo-amicsgentgran.png\" title=\"Amics de la gent gran\" alt=\"Amics de la gent gran\"><\/div>\n    <div class=\"item col-md-3\"><img src=\"\/wp-content\/uploads\/assets\/logo-fem-good.png\" title=\"Fundaci\u00f3 Esclerosi M\u00faltiple\" alt=\"Fundaci\u00f3 Esclerosi M\u00faltiple\"><\/div>\n    <div class=\"item col-md-3\"><img src=\"\/wp-content\/uploads\/assets\/logo-gencat-good.png\" title=\"Generalitat de Catalunya\" alt=\"Generalitat de Catalunya\"><\/div>\n    <div class=\"item col-md-3\"><img src=\"\/wp-content\/uploads\/assets\/logo-kalida-good.png\" title=\"Fundaci\u00f3 K\u0101lida\" alt=\"Fundaci\u00f3 K\u0101lida\"><\/div>\n    <div class=\"item col-md-3\"><img src=\"\/wp-content\/uploads\/assets\/logo-sjd-good.png\" title=\"Obra Social Sant Joan de D\u00e9u\" alt=\"Obra Social Sant Joan de D\u00e9u\"><\/div>\n    <div class=\"item col-md-3\"><img src=\"\/wp-content\/uploads\/assets\/logo-creaf-good.png\" title=\"CREAF\" alt=\"CREAF\"><\/div>\n    <div class=\"item col-md-3\"><img src=\"\/wp-content\/uploads\/assets\/logo-omnium-good.png\" title=\"\u00d2mnium Cultural\" alt=\"\u00d2mnium Cultural\"><\/div>\n    <div class=\"item col-md-3\"><img src=\"\/wp-content\/uploads\/assets\/logo-trrf_i.png\" title=\"The Ricky Rubio Foundation\" alt=\"The Ricky Rubio Foundation\"><\/div>\n    <div class=\"item col-md-3\"><img src=\"\/wp-content\/uploads\/assets\/logo-oncolliga_i.png\" title=\"Fundaci\u00f3 Oncollliga\" alt=\"Fundaci\u00f3 Oncollliga\"><\/div>\n    <div class=\"item col-md-3\"><img src=\"\/wp-content\/uploads\/assets\/logo-amistat-good.png\" title=\"Fundaci\u00f3 Llars de l'Amistat Chesire\" alt=\"Fundaci\u00f3 Llars de l'Amistat Chesire\"><\/div>\n<\/div>\r\n<div class=\"clear\">\u00a0<\/div>\r\n<div id=\"stage4\" class=\"stage-point faster\" data-bgcolor=\"#d5d5d5\" data-animate=\"fadein\">\u00a0<\/div>\r\n<\/div>\r\n<\/div>\r\n<p><!-- @Contact --><\/p>\r\n<div id=\"contact\" class=\"clear section container-fluid block\">\r\n<div class=\"row target fadein active\">\r\n<div class=\"col-md-8 col-md-preffix-2\">\r\n<h2 class=\"h2-title\">Contact us<\/h2>\r\n<\/div>\r\n<div class=\"col-md-8 col-md-preffix-2 relative center-text\">\r\n<p>If you have reached here, maybe we should meet<\/p>\r\n<p><a class=\"page-link center-text\" href=\"en\/contact\/\">Go to contact form<\/a><\/p>\r\n<\/div>\r\n<\/div>\r\n<div class=\"clear\">\u00a0<\/div>\r\n<div id=\"stage2\" class=\"stage-point\" data-animate=\"fadein\">\u00a0<\/div>\r\n<\/div>","protected":false},"excerpt":{"rendered":"<p>DIGITAL FUNDRAISING AGENCY We help organizations to connect with people. We are the perfect solution to promote your cause. Find out how we do it \u00a0 \u00a0 It may be magic, but sure isn&#8217;t luck. GoodProfits was born from the shared experience of a group of professionals with a long history in the world of [&hellip;]<\/p>\n","protected":false},"author":2,"featured_media":0,"parent":0,"menu_order":0,"comment_status":"closed","ping_status":"open","template":"_tmp-page-frontpage.php","meta":[],"tags":[],"yoast_head":"<!-- This site is optimized with the Yoast SEO plugin v20.0 - https:\/\/yoast.com\/wordpress\/plugins\/seo\/ -->\n<title>GoodProfits - Homepage<\/title>\n<meta name=\"description\" content=\"- Homepage - GoodProfits\" \/>\n<meta name=\"robots\" content=\"index, follow, max-snippet:-1, max-image-preview:large, max-video-preview:-1\" \/>\n<link rel=\"canonical\" href=\"https:\/\/www.goodprofits.online\/en\/\" \/>\n<meta property=\"og:locale\" content=\"en_US\" \/>\n<meta property=\"og:type\" content=\"article\" \/>\n<meta property=\"og:title\" content=\"GoodProfits - Homepage\" \/>\n<meta property=\"og:description\" content=\"- Homepage - GoodProfits\" \/>\n<meta property=\"og:url\" content=\"https:\/\/www.goodprofits.online\/en\/\" \/>\n<meta property=\"og:site_name\" content=\"GoodProfits\" \/>\n<meta property=\"article:modified_time\" content=\"2022-01-24T12:34:29+00:00\" \/>\n<meta property=\"og:image\" content=\"https:\/\/www.goodprofits.online\/wp-content\/uploads\/2021\/06\/helping-organizations-hd.png\" \/>\n<meta name=\"twitter:card\" content=\"summary_large_image\" \/>\n<meta name=\"twitter:site\" content=\"@GoodProfitsOn\" \/>\n<script type=\"application\/ld+json\" class=\"yoast-schema-graph\">{\"@context\":\"https:\/\/schema.org\",\"@graph\":[{\"@type\":\"WebPage\",\"@id\":\"https:\/\/www.goodprofits.online\/en\/\",\"url\":\"https:\/\/www.goodprofits.online\/en\/\",\"name\":\"GoodProfits - Homepage\",\"isPartOf\":{\"@id\":\"https:\/\/www.goodprofits.online\/en\/#website\"},\"datePublished\":\"2021-08-24T12:12:56+00:00\",\"dateModified\":\"2022-01-24T12:34:29+00:00\",\"description\":\"- Homepage - GoodProfits\",\"breadcrumb\":{\"@id\":\"https:\/\/www.goodprofits.online\/en\/#breadcrumb\"},\"inLanguage\":\"en-US\",\"potentialAction\":[{\"@type\":\"ReadAction\",\"target\":[\"https:\/\/www.goodprofits.online\/en\/\"]}]},{\"@type\":\"BreadcrumbList\",\"@id\":\"https:\/\/www.goodprofits.online\/en\/#breadcrumb\",\"itemListElement\":[{\"@type\":\"ListItem\",\"position\":1,\"name\":\"Home\",\"item\":\"https:\/\/www.goodprofits.online\/en\/\"},{\"@type\":\"ListItem\",\"position\":2,\"name\":\"Homepage\"}]},{\"@type\":\"WebSite\",\"@id\":\"https:\/\/www.goodprofits.online\/en\/#website\",\"url\":\"https:\/\/www.goodprofits.online\/en\/\",\"name\":\"GoodProfits fundraising digital\",\"description\":\"Digital Fundraising\",\"publisher\":{\"@id\":\"https:\/\/www.goodprofits.online\/en\/#organization\"},\"potentialAction\":[{\"@type\":\"SearchAction\",\"target\":{\"@type\":\"EntryPoint\",\"urlTemplate\":\"https:\/\/www.goodprofits.online\/en\/?s={search_term_string}\"},\"query-input\":\"required name=search_term_string\"}],\"inLanguage\":\"en-US\"},{\"@type\":\"Organization\",\"@id\":\"https:\/\/www.goodprofits.online\/en\/#organization\",\"name\":\"GoodProfits Online\",\"url\":\"https:\/\/www.goodprofits.online\/en\/\",\"logo\":{\"@type\":\"ImageObject\",\"inLanguage\":\"en-US\",\"@id\":\"https:\/\/www.goodprofits.online\/en\/#\/schema\/logo\/image\/\",\"url\":\"https:\/\/www.goodprofits.online\/wp-content\/uploads\/2023\/01\/LogoImago-B-Red_Gsuite.png\",\"contentUrl\":\"https:\/\/www.goodprofits.online\/wp-content\/uploads\/2023\/01\/LogoImago-B-Red_Gsuite.png\",\"width\":320,\"height\":68,\"caption\":\"GoodProfits Online\"},\"image\":{\"@id\":\"https:\/\/www.goodprofits.online\/en\/#\/schema\/logo\/image\/\"},\"sameAs\":[\"https:\/\/www.linkedin.com\/company\/goodprofitsonline\/\",\"https:\/\/twitter.com\/GoodProfitsOn\"]}]}<\/script>\n<!-- \/ Yoast SEO plugin. -->","yoast_head_json":{"title":"GoodProfits - Homepage","description":"- Homepage - GoodProfits","robots":{"index":"index","follow":"follow","max-snippet":"max-snippet:-1","max-image-preview":"max-image-preview:large","max-video-preview":"max-video-preview:-1"},"canonical":"https:\/\/www.goodprofits.online\/en\/","og_locale":"en_US","og_type":"article","og_title":"GoodProfits - Homepage","og_description":"- Homepage - GoodProfits","og_url":"https:\/\/www.goodprofits.online\/en\/","og_site_name":"GoodProfits","article_modified_time":"2022-01-24T12:34:29+00:00","og_image":[{"url":"https:\/\/www.goodprofits.online\/wp-content\/uploads\/2021\/06\/helping-organizations-hd.png"}],"twitter_card":"summary_large_image","twitter_site":"@GoodProfitsOn","schema":{"@context":"https:\/\/schema.org","@graph":[{"@type":"WebPage","@id":"https:\/\/www.goodprofits.online\/en\/","url":"https:\/\/www.goodprofits.online\/en\/","name":"GoodProfits - Homepage","isPartOf":{"@id":"https:\/\/www.goodprofits.online\/en\/#website"},"datePublished":"2021-08-24T12:12:56+00:00","dateModified":"2022-01-24T12:34:29+00:00","description":"- Homepage - GoodProfits","breadcrumb":{"@id":"https:\/\/www.goodprofits.online\/en\/#breadcrumb"},"inLanguage":"en-US","potentialAction":[{"@type":"ReadAction","target":["https:\/\/www.goodprofits.online\/en\/"]}]},{"@type":"BreadcrumbList","@id":"https:\/\/www.goodprofits.online\/en\/#breadcrumb","itemListElement":[{"@type":"ListItem","position":1,"name":"Home","item":"https:\/\/www.goodprofits.online\/en\/"},{"@type":"ListItem","position":2,"name":"Homepage"}]},{"@type":"WebSite","@id":"https:\/\/www.goodprofits.online\/en\/#website","url":"https:\/\/www.goodprofits.online\/en\/","name":"GoodProfits fundraising digital","description":"Digital Fundraising","publisher":{"@id":"https:\/\/www.goodprofits.online\/en\/#organization"},"potentialAction":[{"@type":"SearchAction","target":{"@type":"EntryPoint","urlTemplate":"https:\/\/www.goodprofits.online\/en\/?s={search_term_string}"},"query-input":"required name=search_term_string"}],"inLanguage":"en-US"},{"@type":"Organization","@id":"https:\/\/www.goodprofits.online\/en\/#organization","name":"GoodProfits Online","url":"https:\/\/www.goodprofits.online\/en\/","logo":{"@type":"ImageObject","inLanguage":"en-US","@id":"https:\/\/www.goodprofits.online\/en\/#\/schema\/logo\/image\/","url":"https:\/\/www.goodprofits.online\/wp-content\/uploads\/2023\/01\/LogoImago-B-Red_Gsuite.png","contentUrl":"https:\/\/www.goodprofits.online\/wp-content\/uploads\/2023\/01\/LogoImago-B-Red_Gsuite.png","width":320,"height":68,"caption":"GoodProfits Online"},"image":{"@id":"https:\/\/www.goodprofits.online\/en\/#\/schema\/logo\/image\/"},"sameAs":["https:\/\/www.linkedin.com\/company\/goodprofitsonline\/","https:\/\/twitter.com\/GoodProfitsOn"]}]}},"_links":{"self":[{"href":"https:\/\/www.goodprofits.online\/en\/wp-json\/wp\/v2\/pages\/415"}],"collection":[{"href":"https:\/\/www.goodprofits.online\/en\/wp-json\/wp\/v2\/pages"}],"about":[{"href":"https:\/\/www.goodprofits.online\/en\/wp-json\/wp\/v2\/types\/page"}],"author":[{"embeddable":true,"href":"https:\/\/www.goodprofits.online\/en\/wp-json\/wp\/v2\/users\/2"}],"replies":[{"embeddable":true,"href":"https:\/\/www.goodprofits.online\/en\/wp-json\/wp\/v2\/comments?post=415"}],"version-history":[{"count":7,"href":"https:\/\/www.goodprofits.online\/en\/wp-json\/wp\/v2\/pages\/415\/revisions"}],"predecessor-version":[{"id":775,"href":"https:\/\/www.goodprofits.online\/en\/wp-json\/wp\/v2\/pages\/415\/revisions\/775"}],"wp:attachment":[{"href":"https:\/\/www.goodprofits.online\/en\/wp-json\/wp\/v2\/media?parent=415"}],"wp:term":[{"taxonomy":"post_tag","embeddable":true,"href":"https:\/\/www.goodprofits.online\/en\/wp-json\/wp\/v2\/tags?post=415"}],"curies":[{"name":"wp","href":"https:\/\/api.w.org\/{rel}","templated":true}]}}