{"id":1529,"date":"2022-04-27T09:27:24","date_gmt":"2022-04-27T09:27:24","guid":{"rendered":"https:\/\/www.goodprofits.online\/projects\/fundacion-eclerosis-multiple-inbound\/"},"modified":"2022-05-17T08:21:42","modified_gmt":"2022-05-17T08:21:42","slug":"fundacion-eclerosis-multiple-inbound","status":"publish","type":"page","link":"https:\/\/www.goodprofits.online\/en\/projects\/fundacion-eclerosis-multiple-inbound\/","title":{"rendered":"Fundaci\u00f3n Escler\u00f3sis M\u00faltiple"},"content":{"rendered":"<div id=\"projects-intro\" class=\"main-section section container-fluid block\">\r\n<div class=\"target row\">\r\n<div class=\"col-md-5 col-md-preffix-5\">\r\n<h2 class=\"section-title\">Fundaci\u00f3n Escler\u00f3sis M\u00faltiple<\/h2>\r\n<h1 class=\"big-title\">Digital Strategy for the Fundaci\u00f3n Escler\u00f3sis M\u00faltiple<\/h1>\r\n<\/div>\r\n<\/div>\r\n<div class=\"clear\">\u00a0<\/div>\r\n<div id=\"stage1\" class=\"stage-point\" data-bgcolor=\"#00B5E2\" data-bodyclass=\"terciary-white\" data-animate=\"fadein from-bt\">\u00a0<\/div>\r\n<\/div>\r\n<p><!-- BLOCK --><\/p>\r\n<div class=\"projects block container-fluid center-relative\">\r\n<div class=\"row section\">\r\n<div class=\"item target col-md-12\">\u00a0<\/div>\r\n<div id=\"stage2\" class=\"stage-point\" data-bgcolor=\"#d5d5d5\" data-removebodyclass=\"terciary-white\" data-animate=\"fadein from-bt\">\u00a0<\/div>\r\n<\/div>\r\n<\/div>\r\n<p><!-- BLOCK --><\/p>\r\n<div class=\"projects block container-fluid center-relative\">\r\n<div class=\"row section\">\r\n<div class=\"col-md-5 target\">\r\n<h2 class=\"section-subtitle\">CLIENT<\/h2>\r\n<p>Fundaci\u00f3n Escler\u00f3sis M\u00faltiple<\/p>\r\n<h2 class=\"section-subtitle\">AREAS<\/h2>\r\n<p>Digital Strategy, Inbound Marketing, SEO, digital advertising<\/p>\r\n<h2 class=\"section-subtitle\">VER WEB<\/h2>\r\n<p><a href=\"https:\/\/www.fem.es\/\" target=\"_blank\" rel=\"noopener\">https:\/\/www.fem.es<\/a><\/p>\r\n<p><img decoding=\"async\" loading=\"lazy\" class=\"alignnone wp-image-1471 size-full\" src=\"https:\/\/www.goodprofits.online\/wp-content\/uploads\/2022\/05\/nens-petita_3-1600x1200-1.jpg\" alt=\"\" width=\"1599\" height=\"1200\" srcset=\"https:\/\/www.goodprofits.online\/wp-content\/uploads\/2022\/05\/nens-petita_3-1600x1200-1.jpg 1599w, https:\/\/www.goodprofits.online\/wp-content\/uploads\/2022\/05\/nens-petita_3-1600x1200-1-300x225.jpg 300w, https:\/\/www.goodprofits.online\/wp-content\/uploads\/2022\/05\/nens-petita_3-1600x1200-1-1024x768.jpg 1024w, https:\/\/www.goodprofits.online\/wp-content\/uploads\/2022\/05\/nens-petita_3-1600x1200-1-768x576.jpg 768w, https:\/\/www.goodprofits.online\/wp-content\/uploads\/2022\/05\/nens-petita_3-1600x1200-1-1536x1153.jpg 1536w\" sizes=\"(max-width: 1599px) 100vw, 1599px\" \/><\/p>\r\n<\/div>\r\n<div class=\"item target col-md-5\">\r\n<h2 class=\"section-subtitle\">\u00a0<\/h2>\r\n<div class=\"fusion-text fusion-text-1\">\r\n<p>The Fundaci\u00f3n Esclerosis M\u00faltiple helps people who suffer from the disease and their environment to improve their quality of life. After helping them define a digital fundraising strategy, we are accompanying them in its application.<\/p>\r\n<\/div>\r\n<div class=\"fusion-text fusion-text-1\">\r\n<p>This strategy is based on Inbound Marketing and its objective is to help the foundation generate attractive content for its supporters, with which to increase their level of engagement and their ability to broaden their social base.<\/p>\r\n<\/div>\r\n<p>We have defined a content and online services strategy structured through the Sclerosis Multiple Observatory and the EM Community that allows us to respond to the doubts and needs of people with this disease, caregivers and family members. And we have deployed an SEO, digital advertising and social media plan to attract this audience and convert them into supporters of the organization.<\/p>\r\n<div class=\"fusion-text fusion-text-1\">\r\n<p>In addition, we are deploying a layer of marketing automation that allows us to increase the level of engagement of these people so that they become economic collaborators of the foundation.<\/p>\r\n<p>&nbsp;<\/p>\r\n<\/div>\r\n<div class=\"fusion-text fusion-text-3\">\r\n<p><strong>\u201cThe combination of technological, communication and marketing knowledge make GoodProfits a strategic partner. In addition, they know the reality of the third sector and help us make decisions\u201d. <\/strong><\/p>\r\n<p><strong>\u00cdria Saa, Comunicaci\u00f3n y Fundraising Director.<\/strong><\/p>\r\n<\/div>\r\n<\/div>\r\n<div id=\"stage3\" class=\"stage-point\" data-bgcolor=\"#d5d5d5\" data-animate=\"fadein from-bt\">\u00a0<\/div>\r\n<\/div>\r\n<\/div>","protected":false},"excerpt":{"rendered":"<p>Fundaci\u00f3n Escler\u00f3sis M\u00faltiple Digital Strategy for the Fundaci\u00f3n Escler\u00f3sis M\u00faltiple \u00a0 \u00a0 \u00a0 \u00a0 CLIENT Fundaci\u00f3n Escler\u00f3sis M\u00faltiple AREAS Digital Strategy, Inbound Marketing, SEO, digital advertising VER WEB https:\/\/www.fem.es \u00a0 The Fundaci\u00f3n Esclerosis M\u00faltiple helps people who suffer from the disease and their environment to improve their quality of life. After helping them define a [&hellip;]<\/p>\n","protected":false},"author":3,"featured_media":1468,"parent":437,"menu_order":3,"comment_status":"closed","ping_status":"closed","template":"_tmp-page-works.php","meta":[],"tags":[],"yoast_head":"<!-- This site is optimized with the Yoast SEO plugin v20.0 - https:\/\/yoast.com\/wordpress\/plugins\/seo\/ -->\n<title>GoodProfits - Fundaci\u00f3n Escler\u00f3sis M\u00faltiple<\/title>\n<meta name=\"description\" content=\"- Fundaci\u00f3n Escler\u00f3sis M\u00faltiple - GoodProfits\" \/>\n<meta name=\"robots\" content=\"index, follow, max-snippet:-1, max-image-preview:large, max-video-preview:-1\" \/>\n<link rel=\"canonical\" href=\"https:\/\/www.goodprofits.online\/en\/projects\/fundacion-eclerosis-multiple-inbound\/\" \/>\n<meta property=\"og:locale\" content=\"en_US\" \/>\n<meta property=\"og:type\" content=\"article\" \/>\n<meta property=\"og:title\" content=\"GoodProfits - Fundaci\u00f3n Escler\u00f3sis M\u00faltiple\" \/>\n<meta property=\"og:description\" content=\"- Fundaci\u00f3n Escler\u00f3sis M\u00faltiple - GoodProfits\" \/>\n<meta property=\"og:url\" content=\"https:\/\/www.goodprofits.online\/en\/projects\/fundacion-eclerosis-multiple-inbound\/\" \/>\n<meta property=\"og:site_name\" content=\"GoodProfits\" \/>\n<meta property=\"article:modified_time\" content=\"2022-05-17T08:21:42+00:00\" \/>\n<meta property=\"og:image\" content=\"https:\/\/www.goodprofits.online\/wp-content\/uploads\/2022\/05\/nens-petita_3-1.jpg\" \/>\n\t<meta property=\"og:image:width\" content=\"1600\" \/>\n\t<meta property=\"og:image:height\" content=\"1138\" \/>\n\t<meta property=\"og:image:type\" content=\"image\/jpeg\" \/>\n<meta name=\"twitter:card\" content=\"summary_large_image\" \/>\n<meta name=\"twitter:site\" content=\"@GoodProfitsOn\" \/>\n<script type=\"application\/ld+json\" class=\"yoast-schema-graph\">{\"@context\":\"https:\/\/schema.org\",\"@graph\":[{\"@type\":\"WebPage\",\"@id\":\"https:\/\/www.goodprofits.online\/en\/projects\/fundacion-eclerosis-multiple-inbound\/\",\"url\":\"https:\/\/www.goodprofits.online\/en\/projects\/fundacion-eclerosis-multiple-inbound\/\",\"name\":\"GoodProfits - Fundaci\u00f3n Escler\u00f3sis M\u00faltiple\",\"isPartOf\":{\"@id\":\"https:\/\/www.goodprofits.online\/en\/#website\"},\"datePublished\":\"2022-04-27T09:27:24+00:00\",\"dateModified\":\"2022-05-17T08:21:42+00:00\",\"description\":\"- Fundaci\u00f3n Escler\u00f3sis M\u00faltiple - GoodProfits\",\"breadcrumb\":{\"@id\":\"https:\/\/www.goodprofits.online\/en\/projects\/fundacion-eclerosis-multiple-inbound\/#breadcrumb\"},\"inLanguage\":\"en-US\",\"potentialAction\":[{\"@type\":\"ReadAction\",\"target\":[\"https:\/\/www.goodprofits.online\/en\/projects\/fundacion-eclerosis-multiple-inbound\/\"]}]},{\"@type\":\"BreadcrumbList\",\"@id\":\"https:\/\/www.goodprofits.online\/en\/projects\/fundacion-eclerosis-multiple-inbound\/#breadcrumb\",\"itemListElement\":[{\"@type\":\"ListItem\",\"position\":1,\"name\":\"Home\",\"item\":\"https:\/\/www.goodprofits.online\/en\/\"},{\"@type\":\"ListItem\",\"position\":2,\"name\":\"Projects\",\"item\":\"https:\/\/www.goodprofits.online\/en\/projects\/\"},{\"@type\":\"ListItem\",\"position\":3,\"name\":\"Fundaci\u00f3n Escler\u00f3sis M\u00faltiple\"}]},{\"@type\":\"WebSite\",\"@id\":\"https:\/\/www.goodprofits.online\/en\/#website\",\"url\":\"https:\/\/www.goodprofits.online\/en\/\",\"name\":\"GoodProfits fundraising digital\",\"description\":\"Digital Fundraising\",\"publisher\":{\"@id\":\"https:\/\/www.goodprofits.online\/en\/#organization\"},\"potentialAction\":[{\"@type\":\"SearchAction\",\"target\":{\"@type\":\"EntryPoint\",\"urlTemplate\":\"https:\/\/www.goodprofits.online\/en\/?s={search_term_string}\"},\"query-input\":\"required name=search_term_string\"}],\"inLanguage\":\"en-US\"},{\"@type\":\"Organization\",\"@id\":\"https:\/\/www.goodprofits.online\/en\/#organization\",\"name\":\"GoodProfits Online\",\"url\":\"https:\/\/www.goodprofits.online\/en\/\",\"logo\":{\"@type\":\"ImageObject\",\"inLanguage\":\"en-US\",\"@id\":\"https:\/\/www.goodprofits.online\/en\/#\/schema\/logo\/image\/\",\"url\":\"https:\/\/www.goodprofits.online\/wp-content\/uploads\/2023\/01\/LogoImago-B-Red_Gsuite.png\",\"contentUrl\":\"https:\/\/www.goodprofits.online\/wp-content\/uploads\/2023\/01\/LogoImago-B-Red_Gsuite.png\",\"width\":320,\"height\":68,\"caption\":\"GoodProfits Online\"},\"image\":{\"@id\":\"https:\/\/www.goodprofits.online\/en\/#\/schema\/logo\/image\/\"},\"sameAs\":[\"https:\/\/www.linkedin.com\/company\/goodprofitsonline\/\",\"https:\/\/twitter.com\/GoodProfitsOn\"]}]}<\/script>\n<!-- \/ Yoast SEO plugin. -->","yoast_head_json":{"title":"GoodProfits - Fundaci\u00f3n Escler\u00f3sis M\u00faltiple","description":"- Fundaci\u00f3n Escler\u00f3sis M\u00faltiple - GoodProfits","robots":{"index":"index","follow":"follow","max-snippet":"max-snippet:-1","max-image-preview":"max-image-preview:large","max-video-preview":"max-video-preview:-1"},"canonical":"https:\/\/www.goodprofits.online\/en\/projects\/fundacion-eclerosis-multiple-inbound\/","og_locale":"en_US","og_type":"article","og_title":"GoodProfits - Fundaci\u00f3n Escler\u00f3sis M\u00faltiple","og_description":"- Fundaci\u00f3n Escler\u00f3sis M\u00faltiple - GoodProfits","og_url":"https:\/\/www.goodprofits.online\/en\/projects\/fundacion-eclerosis-multiple-inbound\/","og_site_name":"GoodProfits","article_modified_time":"2022-05-17T08:21:42+00:00","og_image":[{"width":1600,"height":1138,"url":"https:\/\/www.goodprofits.online\/wp-content\/uploads\/2022\/05\/nens-petita_3-1.jpg","type":"image\/jpeg"}],"twitter_card":"summary_large_image","twitter_site":"@GoodProfitsOn","schema":{"@context":"https:\/\/schema.org","@graph":[{"@type":"WebPage","@id":"https:\/\/www.goodprofits.online\/en\/projects\/fundacion-eclerosis-multiple-inbound\/","url":"https:\/\/www.goodprofits.online\/en\/projects\/fundacion-eclerosis-multiple-inbound\/","name":"GoodProfits - Fundaci\u00f3n Escler\u00f3sis M\u00faltiple","isPartOf":{"@id":"https:\/\/www.goodprofits.online\/en\/#website"},"datePublished":"2022-04-27T09:27:24+00:00","dateModified":"2022-05-17T08:21:42+00:00","description":"- Fundaci\u00f3n Escler\u00f3sis M\u00faltiple - GoodProfits","breadcrumb":{"@id":"https:\/\/www.goodprofits.online\/en\/projects\/fundacion-eclerosis-multiple-inbound\/#breadcrumb"},"inLanguage":"en-US","potentialAction":[{"@type":"ReadAction","target":["https:\/\/www.goodprofits.online\/en\/projects\/fundacion-eclerosis-multiple-inbound\/"]}]},{"@type":"BreadcrumbList","@id":"https:\/\/www.goodprofits.online\/en\/projects\/fundacion-eclerosis-multiple-inbound\/#breadcrumb","itemListElement":[{"@type":"ListItem","position":1,"name":"Home","item":"https:\/\/www.goodprofits.online\/en\/"},{"@type":"ListItem","position":2,"name":"Projects","item":"https:\/\/www.goodprofits.online\/en\/projects\/"},{"@type":"ListItem","position":3,"name":"Fundaci\u00f3n Escler\u00f3sis M\u00faltiple"}]},{"@type":"WebSite","@id":"https:\/\/www.goodprofits.online\/en\/#website","url":"https:\/\/www.goodprofits.online\/en\/","name":"GoodProfits fundraising digital","description":"Digital Fundraising","publisher":{"@id":"https:\/\/www.goodprofits.online\/en\/#organization"},"potentialAction":[{"@type":"SearchAction","target":{"@type":"EntryPoint","urlTemplate":"https:\/\/www.goodprofits.online\/en\/?s={search_term_string}"},"query-input":"required name=search_term_string"}],"inLanguage":"en-US"},{"@type":"Organization","@id":"https:\/\/www.goodprofits.online\/en\/#organization","name":"GoodProfits Online","url":"https:\/\/www.goodprofits.online\/en\/","logo":{"@type":"ImageObject","inLanguage":"en-US","@id":"https:\/\/www.goodprofits.online\/en\/#\/schema\/logo\/image\/","url":"https:\/\/www.goodprofits.online\/wp-content\/uploads\/2023\/01\/LogoImago-B-Red_Gsuite.png","contentUrl":"https:\/\/www.goodprofits.online\/wp-content\/uploads\/2023\/01\/LogoImago-B-Red_Gsuite.png","width":320,"height":68,"caption":"GoodProfits Online"},"image":{"@id":"https:\/\/www.goodprofits.online\/en\/#\/schema\/logo\/image\/"},"sameAs":["https:\/\/www.linkedin.com\/company\/goodprofitsonline\/","https:\/\/twitter.com\/GoodProfitsOn"]}]}},"_links":{"self":[{"href":"https:\/\/www.goodprofits.online\/en\/wp-json\/wp\/v2\/pages\/1529"}],"collection":[{"href":"https:\/\/www.goodprofits.online\/en\/wp-json\/wp\/v2\/pages"}],"about":[{"href":"https:\/\/www.goodprofits.online\/en\/wp-json\/wp\/v2\/types\/page"}],"author":[{"embeddable":true,"href":"https:\/\/www.goodprofits.online\/en\/wp-json\/wp\/v2\/users\/3"}],"replies":[{"embeddable":true,"href":"https:\/\/www.goodprofits.online\/en\/wp-json\/wp\/v2\/comments?post=1529"}],"version-history":[{"count":4,"href":"https:\/\/www.goodprofits.online\/en\/wp-json\/wp\/v2\/pages\/1529\/revisions"}],"predecessor-version":[{"id":1541,"href":"https:\/\/www.goodprofits.online\/en\/wp-json\/wp\/v2\/pages\/1529\/revisions\/1541"}],"up":[{"embeddable":true,"href":"https:\/\/www.goodprofits.online\/en\/wp-json\/wp\/v2\/pages\/437"}],"wp:featuredmedia":[{"embeddable":true,"href":"https:\/\/www.goodprofits.online\/en\/wp-json\/wp\/v2\/media\/1468"}],"wp:attachment":[{"href":"https:\/\/www.goodprofits.online\/en\/wp-json\/wp\/v2\/media?parent=1529"}],"wp:term":[{"taxonomy":"post_tag","embeddable":true,"href":"https:\/\/www.goodprofits.online\/en\/wp-json\/wp\/v2\/tags?post=1529"}],"curies":[{"name":"wp","href":"https:\/\/api.w.org\/{rel}","templated":true}]}}