{"id":395,"date":"2021-08-24T07:08:16","date_gmt":"2021-08-24T07:08:16","guid":{"rendered":"https:\/\/www.goodprofits.online\/?page_id=395"},"modified":"2021-08-24T07:08:16","modified_gmt":"2021-08-24T07:08:16","slug":"politica-de-privacitat","status":"publish","type":"page","link":"https:\/\/www.goodprofits.online\/ca\/politica-de-privacitat\/","title":{"rendered":"Pol\u00edtica de privacitat"},"content":{"rendered":"<div class=\"clear legal section container-fluid block\">\r\n<div class=\"row\">\r\n<div class=\"block col-md-6 col-md-preffix-3 center-relative\">\r\n<h2 class=\"section-title\">POL\u00cdTICA DE PRIVACITAT<\/h2>\r\n<p>&nbsp;<\/p>\r\n<p>D&#8217;acord amb la normativa espanyola de protecci\u00f3 de dades de car\u00e0cter personal, Good Profits Online, S.L., s&#8217;informa que les dades facilitades pels usuaris a trav\u00e9s del web podran quedar recollides en fitxers automatitzats, sent el seu responsable Good Profits Online, S.L. La recollida de dades de l&#8217;usuari t\u00e9 un objectiu comercial, autoritzant-se a Good Profits Online, S.L. l&#8217;enviament d&#8217;informaci\u00f3 sobre els seus productes i serveis.<\/p>\r\n<p>Good Profits Online, S.L. ha pres les mesures legalment requerides per a la protecci\u00f3 de dades personals, adoptant els dispositius t\u00e8cnics al seu abast per salvaguardar la informaci\u00f3 subministrada pels usuaris del web. No obstant aix\u00f2, l&#8217;usuari tindr\u00e0 en compte que les mesures de seguretat a Internet no garanteixen una protecci\u00f3 plena de les dades. Per aquest motiu, l&#8217;usuari tamb\u00e9 haur\u00e0 d&#8217;adoptar les mesures preventives i de bon \u00fas necess\u00e0ries per reduir el risc de vulnerabilitat de les seves dades.<\/p>\r\n<p>L&#8217;usuari haur\u00e0 d&#8217;omplir els formularis amb dades veritables, exactes, completes i actuals. L&#8217;usuari \u00e9s responsable de qualsevol dany directe o indirecte que pugui ocasionar la comunicaci\u00f3 de dades falses o inexactes.<\/p>\r\n<p>L&#8217;usuari podr\u00e0 exercir el dret d&#8217;acc\u00e9s, rectificaci\u00f3, cancel\u00b7laci\u00f3 o oposici\u00f3 de les dades emmagatzemades per Good Profits Online, SL, enviant una sol\u00b7licitud escrita i signada, a C \/ Llull 51-55, 1a 1\u00aa 08005, Barcelona, o b\u00e9 a l&#8217;adre\u00e7a de correu electr\u00f2nic hello@goodprofits.online.<\/p>\r\n<\/div>\r\n<\/div>\r\n<div class=\"clear\">\u00a0<\/div>\r\n<\/div>","protected":false},"excerpt":{"rendered":"<p>POL\u00cdTICA DE PRIVACITAT &nbsp; D&#8217;acord amb la normativa espanyola de protecci\u00f3 de dades de car\u00e0cter personal, Good Profits Online, S.L., s&#8217;informa que les dades facilitades pels usuaris a trav\u00e9s del web podran quedar recollides en fitxers automatitzats, sent el seu responsable Good Profits Online, S.L. La recollida de dades de l&#8217;usuari t\u00e9 un objectiu comercial, [&hellip;]<\/p>\n","protected":false},"author":2,"featured_media":0,"parent":0,"menu_order":0,"comment_status":"closed","ping_status":"closed","template":"_tmp-page-legal.php","meta":[],"tags":[],"yoast_head":"<!-- This site is optimized with the Yoast SEO plugin v20.0 - https:\/\/yoast.com\/wordpress\/plugins\/seo\/ -->\n<title>GoodProfits - Pol\u00edtica de privacitat<\/title>\n<meta name=\"description\" content=\"- Pol\u00edtica de privacitat - GoodProfits\" \/>\n<meta name=\"robots\" content=\"index, follow, max-snippet:-1, max-image-preview:large, max-video-preview:-1\" \/>\n<link rel=\"canonical\" href=\"https:\/\/www.goodprofits.online\/ca\/politica-de-privacitat\/\" \/>\n<meta property=\"og:locale\" content=\"ca_ES\" \/>\n<meta property=\"og:type\" content=\"article\" \/>\n<meta property=\"og:title\" content=\"GoodProfits - Pol\u00edtica de privacitat\" \/>\n<meta property=\"og:description\" content=\"- Pol\u00edtica de privacitat - GoodProfits\" \/>\n<meta property=\"og:url\" content=\"https:\/\/www.goodprofits.online\/ca\/politica-de-privacitat\/\" \/>\n<meta property=\"og:site_name\" content=\"GoodProfits\" \/>\n<meta name=\"twitter:card\" content=\"summary_large_image\" \/>\n<meta name=\"twitter:site\" content=\"@GoodProfitsOn\" \/>\n<script type=\"application\/ld+json\" class=\"yoast-schema-graph\">{\"@context\":\"https:\/\/schema.org\",\"@graph\":[{\"@type\":\"WebPage\",\"@id\":\"https:\/\/www.goodprofits.online\/ca\/politica-de-privacitat\/\",\"url\":\"https:\/\/www.goodprofits.online\/ca\/politica-de-privacitat\/\",\"name\":\"GoodProfits - Pol\u00edtica de privacitat\",\"isPartOf\":{\"@id\":\"https:\/\/www.goodprofits.online\/ca\/#website\"},\"datePublished\":\"2021-08-24T07:08:16+00:00\",\"dateModified\":\"2021-08-24T07:08:16+00:00\",\"description\":\"- Pol\u00edtica de privacitat - GoodProfits\",\"breadcrumb\":{\"@id\":\"https:\/\/www.goodprofits.online\/ca\/politica-de-privacitat\/#breadcrumb\"},\"inLanguage\":\"ca\",\"potentialAction\":[{\"@type\":\"ReadAction\",\"target\":[\"https:\/\/www.goodprofits.online\/ca\/politica-de-privacitat\/\"]}]},{\"@type\":\"BreadcrumbList\",\"@id\":\"https:\/\/www.goodprofits.online\/ca\/politica-de-privacitat\/#breadcrumb\",\"itemListElement\":[{\"@type\":\"ListItem\",\"position\":1,\"name\":\"Home\",\"item\":\"https:\/\/www.goodprofits.online\/ca\/\"},{\"@type\":\"ListItem\",\"position\":2,\"name\":\"Pol\u00edtica de privacitat\"}]},{\"@type\":\"WebSite\",\"@id\":\"https:\/\/www.goodprofits.online\/ca\/#website\",\"url\":\"https:\/\/www.goodprofits.online\/ca\/\",\"name\":\"GoodProfits fundraising digital\",\"description\":\"Digital Fundraising\",\"publisher\":{\"@id\":\"https:\/\/www.goodprofits.online\/ca\/#organization\"},\"potentialAction\":[{\"@type\":\"SearchAction\",\"target\":{\"@type\":\"EntryPoint\",\"urlTemplate\":\"https:\/\/www.goodprofits.online\/ca\/?s={search_term_string}\"},\"query-input\":\"required name=search_term_string\"}],\"inLanguage\":\"ca\"},{\"@type\":\"Organization\",\"@id\":\"https:\/\/www.goodprofits.online\/ca\/#organization\",\"name\":\"GoodProfits Online\",\"url\":\"https:\/\/www.goodprofits.online\/ca\/\",\"logo\":{\"@type\":\"ImageObject\",\"inLanguage\":\"ca\",\"@id\":\"https:\/\/www.goodprofits.online\/ca\/#\/schema\/logo\/image\/\",\"url\":\"https:\/\/www.goodprofits.online\/wp-content\/uploads\/2023\/01\/LogoImago-B-Red_Gsuite.png\",\"contentUrl\":\"https:\/\/www.goodprofits.online\/wp-content\/uploads\/2023\/01\/LogoImago-B-Red_Gsuite.png\",\"width\":320,\"height\":68,\"caption\":\"GoodProfits Online\"},\"image\":{\"@id\":\"https:\/\/www.goodprofits.online\/ca\/#\/schema\/logo\/image\/\"},\"sameAs\":[\"https:\/\/www.linkedin.com\/company\/goodprofitsonline\/\",\"https:\/\/twitter.com\/GoodProfitsOn\"]}]}<\/script>\n<!-- \/ Yoast SEO plugin. -->","yoast_head_json":{"title":"GoodProfits - Pol\u00edtica de privacitat","description":"- Pol\u00edtica de privacitat - GoodProfits","robots":{"index":"index","follow":"follow","max-snippet":"max-snippet:-1","max-image-preview":"max-image-preview:large","max-video-preview":"max-video-preview:-1"},"canonical":"https:\/\/www.goodprofits.online\/ca\/politica-de-privacitat\/","og_locale":"ca_ES","og_type":"article","og_title":"GoodProfits - Pol\u00edtica de privacitat","og_description":"- Pol\u00edtica de privacitat - GoodProfits","og_url":"https:\/\/www.goodprofits.online\/ca\/politica-de-privacitat\/","og_site_name":"GoodProfits","twitter_card":"summary_large_image","twitter_site":"@GoodProfitsOn","schema":{"@context":"https:\/\/schema.org","@graph":[{"@type":"WebPage","@id":"https:\/\/www.goodprofits.online\/ca\/politica-de-privacitat\/","url":"https:\/\/www.goodprofits.online\/ca\/politica-de-privacitat\/","name":"GoodProfits - Pol\u00edtica de privacitat","isPartOf":{"@id":"https:\/\/www.goodprofits.online\/ca\/#website"},"datePublished":"2021-08-24T07:08:16+00:00","dateModified":"2021-08-24T07:08:16+00:00","description":"- Pol\u00edtica de privacitat - GoodProfits","breadcrumb":{"@id":"https:\/\/www.goodprofits.online\/ca\/politica-de-privacitat\/#breadcrumb"},"inLanguage":"ca","potentialAction":[{"@type":"ReadAction","target":["https:\/\/www.goodprofits.online\/ca\/politica-de-privacitat\/"]}]},{"@type":"BreadcrumbList","@id":"https:\/\/www.goodprofits.online\/ca\/politica-de-privacitat\/#breadcrumb","itemListElement":[{"@type":"ListItem","position":1,"name":"Home","item":"https:\/\/www.goodprofits.online\/ca\/"},{"@type":"ListItem","position":2,"name":"Pol\u00edtica de privacitat"}]},{"@type":"WebSite","@id":"https:\/\/www.goodprofits.online\/ca\/#website","url":"https:\/\/www.goodprofits.online\/ca\/","name":"GoodProfits fundraising digital","description":"Digital Fundraising","publisher":{"@id":"https:\/\/www.goodprofits.online\/ca\/#organization"},"potentialAction":[{"@type":"SearchAction","target":{"@type":"EntryPoint","urlTemplate":"https:\/\/www.goodprofits.online\/ca\/?s={search_term_string}"},"query-input":"required name=search_term_string"}],"inLanguage":"ca"},{"@type":"Organization","@id":"https:\/\/www.goodprofits.online\/ca\/#organization","name":"GoodProfits Online","url":"https:\/\/www.goodprofits.online\/ca\/","logo":{"@type":"ImageObject","inLanguage":"ca","@id":"https:\/\/www.goodprofits.online\/ca\/#\/schema\/logo\/image\/","url":"https:\/\/www.goodprofits.online\/wp-content\/uploads\/2023\/01\/LogoImago-B-Red_Gsuite.png","contentUrl":"https:\/\/www.goodprofits.online\/wp-content\/uploads\/2023\/01\/LogoImago-B-Red_Gsuite.png","width":320,"height":68,"caption":"GoodProfits Online"},"image":{"@id":"https:\/\/www.goodprofits.online\/ca\/#\/schema\/logo\/image\/"},"sameAs":["https:\/\/www.linkedin.com\/company\/goodprofitsonline\/","https:\/\/twitter.com\/GoodProfitsOn"]}]}},"_links":{"self":[{"href":"https:\/\/www.goodprofits.online\/ca\/wp-json\/wp\/v2\/pages\/395"}],"collection":[{"href":"https:\/\/www.goodprofits.online\/ca\/wp-json\/wp\/v2\/pages"}],"about":[{"href":"https:\/\/www.goodprofits.online\/ca\/wp-json\/wp\/v2\/types\/page"}],"author":[{"embeddable":true,"href":"https:\/\/www.goodprofits.online\/ca\/wp-json\/wp\/v2\/users\/2"}],"replies":[{"embeddable":true,"href":"https:\/\/www.goodprofits.online\/ca\/wp-json\/wp\/v2\/comments?post=395"}],"version-history":[{"count":1,"href":"https:\/\/www.goodprofits.online\/ca\/wp-json\/wp\/v2\/pages\/395\/revisions"}],"predecessor-version":[{"id":396,"href":"https:\/\/www.goodprofits.online\/ca\/wp-json\/wp\/v2\/pages\/395\/revisions\/396"}],"wp:attachment":[{"href":"https:\/\/www.goodprofits.online\/ca\/wp-json\/wp\/v2\/media?parent=395"}],"wp:term":[{"taxonomy":"post_tag","embeddable":true,"href":"https:\/\/www.goodprofits.online\/ca\/wp-json\/wp\/v2\/tags?post=395"}],"curies":[{"name":"wp","href":"https:\/\/api.w.org\/{rel}","templated":true}]}}