{"id":392,"date":"2021-06-21T15:02:10","date_gmt":"2021-06-21T15:02:10","guid":{"rendered":"https:\/\/www.goodprofits.online\/?page_id=392"},"modified":"2021-08-27T07:17:30","modified_gmt":"2021-08-27T07:17:30","slug":"politica-de-cookies","status":"publish","type":"page","link":"https:\/\/www.goodprofits.online\/ca\/politica-de-cookies\/","title":{"rendered":"Pol\u00edtica de cookies"},"content":{"rendered":"<div class=\"clear legal section container-fluid block\">\r\n<div class=\"row\">\r\n<div class=\"block col-md-6 col-md-preffix-3 center-relative\">\r\n<h2 class=\"section-title\">POL\u00cdTICA DE COOKIES<\/h2>\r\n<h3>Titularitat i dades de contacte<\/h3>\r\n<p>GoodProfits \u00e9s una marca registrada per Good Profits Online, S.L. El nom de domini GoodProfits.online a qu\u00e8 est\u00e0 accedint, tamb\u00e9 \u00e9s titularitat de la mateixa entitat. Good Profits Online, S.L. est\u00e0 inscrita en el Registre Mercantil de Barcelona,  Tom 47.868, Foli 179, Full B 564819, inscripci\u00f3 1, amb CIF B06821680 i adre\u00e7a al c \/ Llull 51-55, 1a 1\u00aa 08005, Barcelona. Pot contactar amb nosaltres per tel\u00e8fon, al n\u00famero 93 356 92 07, o per correu electr\u00f2nic, escrivint a hello@goodprofits.online.<\/p>\r\n<h3>Condicions d&#8217;\u00fas<\/h3>\r\n<p>Aquest web utilitza cookies (petits arxius d&#8217;informaci\u00f3 que el servidor envia a l&#8217;ordinador de qui accedeix a la p\u00e0gina) per dur a terme determinades funcions. Aquests fitxers s&#8217;emmagatzemen a l&#8217;ordinador de l&#8217;usuari i permeten el sistema recordar caracter\u00edstiques o prefer\u00e8ncies de navegaci\u00f3 de sessions anteriors. Les galetes d&#8217;aquest web no s\u00f3n invasives, ni nocives, i no contenen dades de car\u00e0cter personal.<\/p>\r\n<p>En tot cas, pot desactivar la utilitzaci\u00f3 de cookies seguint les instruccions del seu navegador. En cap cas s&#8217;utilitzaran les cookies per recollir informaci\u00f3 de car\u00e0cter personal. Si continua navegant, considerem que accepta el seu \u00fas.<\/p>\r\n<h3>Tipus de cookies utilitzats en aquest site<\/h3>\r\n<p>El nostre lloc web GoodProfits.online utilitza els seg\u00fcents tipus de cookies.<\/p>\r\n<p><strong>Cookies pr\u00f2pies:<\/strong> S\u00f3n aquelles enviades al seu ordinador i gestionades exclusivament per nosaltres per al millor funcionament de la p\u00e0gina web. La informaci\u00f3 que recaptem s&#8217;utilitza per millorar la qualitat del nostre servei i la seva experi\u00e8ncia com a usuari.<\/p>\r\n<p><strong>Cookies anal\u00edtiques de tercers:<\/strong> Aquesta p\u00e0gina web utilitza Google Analytics, un sistema de mesurament d&#8217;audi\u00e8ncia de Google, que ens permet con\u00e8ixer com interactuen els usuaris del nostre lloc web.<\/p>\r\n<p>La nostra web cont\u00e9 enlla\u00e7os cap i des d&#8217;altres llocs web. Good Profits Online, S.L. no assumeix cap responsabilitat pel contingut d&#8217;aquests llocs web ni de les cookies que utilitzen.<\/p>\r\n<p>Pot canviar la configuraci\u00f3 del seu navegador per ser avisat de la recepci\u00f3 de cookies al seu disc dur o desactivar si ho desitja la capacitat d&#8217;emmagatzemar aquestes cookies al seu disc dur.<\/p>\r\n<\/div>\r\n<\/div>\r\n<div class=\"clear\">\u00a0<\/div>\r\n<\/div>","protected":false},"excerpt":{"rendered":"<p>POL\u00cdTICA DE COOKIES Titularitat i dades de contacte GoodProfits \u00e9s una marca registrada per Good Profits Online, S.L. El nom de domini GoodProfits.online a qu\u00e8 est\u00e0 accedint, tamb\u00e9 \u00e9s titularitat de la mateixa entitat. Good Profits Online, S.L. est\u00e0 inscrita en el Registre Mercantil de Barcelona, Tom 47.868, Foli 179, Full B 564819, inscripci\u00f3 1, [&hellip;]<\/p>\n","protected":false},"author":2,"featured_media":0,"parent":0,"menu_order":0,"comment_status":"closed","ping_status":"closed","template":"_tmp-page-legal.php","meta":[],"tags":[],"yoast_head":"<!-- This site is optimized with the Yoast SEO plugin v20.0 - https:\/\/yoast.com\/wordpress\/plugins\/seo\/ -->\n<title>GoodProfits - Pol\u00edtica de cookies<\/title>\n<meta name=\"description\" content=\"- Pol\u00edtica de cookies - GoodProfits\" \/>\n<meta name=\"robots\" content=\"index, follow, max-snippet:-1, max-image-preview:large, max-video-preview:-1\" \/>\n<link rel=\"canonical\" href=\"https:\/\/www.goodprofits.online\/ca\/politica-de-cookies\/\" \/>\n<meta property=\"og:locale\" content=\"ca_ES\" \/>\n<meta property=\"og:type\" content=\"article\" \/>\n<meta property=\"og:title\" content=\"GoodProfits - Pol\u00edtica de cookies\" \/>\n<meta property=\"og:description\" content=\"- Pol\u00edtica de cookies - GoodProfits\" \/>\n<meta property=\"og:url\" content=\"https:\/\/www.goodprofits.online\/ca\/politica-de-cookies\/\" \/>\n<meta property=\"og:site_name\" content=\"GoodProfits\" \/>\n<meta property=\"article:modified_time\" content=\"2021-08-27T07:17:30+00:00\" \/>\n<meta name=\"twitter:card\" content=\"summary_large_image\" \/>\n<meta name=\"twitter:site\" content=\"@GoodProfitsOn\" \/>\n<script type=\"application\/ld+json\" class=\"yoast-schema-graph\">{\"@context\":\"https:\/\/schema.org\",\"@graph\":[{\"@type\":\"WebPage\",\"@id\":\"https:\/\/www.goodprofits.online\/ca\/politica-de-cookies\/\",\"url\":\"https:\/\/www.goodprofits.online\/ca\/politica-de-cookies\/\",\"name\":\"GoodProfits - Pol\u00edtica de cookies\",\"isPartOf\":{\"@id\":\"https:\/\/www.goodprofits.online\/ca\/#website\"},\"datePublished\":\"2021-06-21T15:02:10+00:00\",\"dateModified\":\"2021-08-27T07:17:30+00:00\",\"description\":\"- Pol\u00edtica de cookies - GoodProfits\",\"breadcrumb\":{\"@id\":\"https:\/\/www.goodprofits.online\/ca\/politica-de-cookies\/#breadcrumb\"},\"inLanguage\":\"ca\",\"potentialAction\":[{\"@type\":\"ReadAction\",\"target\":[\"https:\/\/www.goodprofits.online\/ca\/politica-de-cookies\/\"]}]},{\"@type\":\"BreadcrumbList\",\"@id\":\"https:\/\/www.goodprofits.online\/ca\/politica-de-cookies\/#breadcrumb\",\"itemListElement\":[{\"@type\":\"ListItem\",\"position\":1,\"name\":\"Home\",\"item\":\"https:\/\/www.goodprofits.online\/ca\/\"},{\"@type\":\"ListItem\",\"position\":2,\"name\":\"Pol\u00edtica de cookies\"}]},{\"@type\":\"WebSite\",\"@id\":\"https:\/\/www.goodprofits.online\/ca\/#website\",\"url\":\"https:\/\/www.goodprofits.online\/ca\/\",\"name\":\"GoodProfits fundraising digital\",\"description\":\"Digital Fundraising\",\"publisher\":{\"@id\":\"https:\/\/www.goodprofits.online\/ca\/#organization\"},\"potentialAction\":[{\"@type\":\"SearchAction\",\"target\":{\"@type\":\"EntryPoint\",\"urlTemplate\":\"https:\/\/www.goodprofits.online\/ca\/?s={search_term_string}\"},\"query-input\":\"required name=search_term_string\"}],\"inLanguage\":\"ca\"},{\"@type\":\"Organization\",\"@id\":\"https:\/\/www.goodprofits.online\/ca\/#organization\",\"name\":\"GoodProfits Online\",\"url\":\"https:\/\/www.goodprofits.online\/ca\/\",\"logo\":{\"@type\":\"ImageObject\",\"inLanguage\":\"ca\",\"@id\":\"https:\/\/www.goodprofits.online\/ca\/#\/schema\/logo\/image\/\",\"url\":\"https:\/\/www.goodprofits.online\/wp-content\/uploads\/2023\/01\/LogoImago-B-Red_Gsuite.png\",\"contentUrl\":\"https:\/\/www.goodprofits.online\/wp-content\/uploads\/2023\/01\/LogoImago-B-Red_Gsuite.png\",\"width\":320,\"height\":68,\"caption\":\"GoodProfits Online\"},\"image\":{\"@id\":\"https:\/\/www.goodprofits.online\/ca\/#\/schema\/logo\/image\/\"},\"sameAs\":[\"https:\/\/www.linkedin.com\/company\/goodprofitsonline\/\",\"https:\/\/twitter.com\/GoodProfitsOn\"]}]}<\/script>\n<!-- \/ Yoast SEO plugin. -->","yoast_head_json":{"title":"GoodProfits - Pol\u00edtica de cookies","description":"- Pol\u00edtica de cookies - GoodProfits","robots":{"index":"index","follow":"follow","max-snippet":"max-snippet:-1","max-image-preview":"max-image-preview:large","max-video-preview":"max-video-preview:-1"},"canonical":"https:\/\/www.goodprofits.online\/ca\/politica-de-cookies\/","og_locale":"ca_ES","og_type":"article","og_title":"GoodProfits - Pol\u00edtica de cookies","og_description":"- Pol\u00edtica de cookies - GoodProfits","og_url":"https:\/\/www.goodprofits.online\/ca\/politica-de-cookies\/","og_site_name":"GoodProfits","article_modified_time":"2021-08-27T07:17:30+00:00","twitter_card":"summary_large_image","twitter_site":"@GoodProfitsOn","schema":{"@context":"https:\/\/schema.org","@graph":[{"@type":"WebPage","@id":"https:\/\/www.goodprofits.online\/ca\/politica-de-cookies\/","url":"https:\/\/www.goodprofits.online\/ca\/politica-de-cookies\/","name":"GoodProfits - Pol\u00edtica de cookies","isPartOf":{"@id":"https:\/\/www.goodprofits.online\/ca\/#website"},"datePublished":"2021-06-21T15:02:10+00:00","dateModified":"2021-08-27T07:17:30+00:00","description":"- Pol\u00edtica de cookies - GoodProfits","breadcrumb":{"@id":"https:\/\/www.goodprofits.online\/ca\/politica-de-cookies\/#breadcrumb"},"inLanguage":"ca","potentialAction":[{"@type":"ReadAction","target":["https:\/\/www.goodprofits.online\/ca\/politica-de-cookies\/"]}]},{"@type":"BreadcrumbList","@id":"https:\/\/www.goodprofits.online\/ca\/politica-de-cookies\/#breadcrumb","itemListElement":[{"@type":"ListItem","position":1,"name":"Home","item":"https:\/\/www.goodprofits.online\/ca\/"},{"@type":"ListItem","position":2,"name":"Pol\u00edtica de cookies"}]},{"@type":"WebSite","@id":"https:\/\/www.goodprofits.online\/ca\/#website","url":"https:\/\/www.goodprofits.online\/ca\/","name":"GoodProfits fundraising digital","description":"Digital Fundraising","publisher":{"@id":"https:\/\/www.goodprofits.online\/ca\/#organization"},"potentialAction":[{"@type":"SearchAction","target":{"@type":"EntryPoint","urlTemplate":"https:\/\/www.goodprofits.online\/ca\/?s={search_term_string}"},"query-input":"required name=search_term_string"}],"inLanguage":"ca"},{"@type":"Organization","@id":"https:\/\/www.goodprofits.online\/ca\/#organization","name":"GoodProfits Online","url":"https:\/\/www.goodprofits.online\/ca\/","logo":{"@type":"ImageObject","inLanguage":"ca","@id":"https:\/\/www.goodprofits.online\/ca\/#\/schema\/logo\/image\/","url":"https:\/\/www.goodprofits.online\/wp-content\/uploads\/2023\/01\/LogoImago-B-Red_Gsuite.png","contentUrl":"https:\/\/www.goodprofits.online\/wp-content\/uploads\/2023\/01\/LogoImago-B-Red_Gsuite.png","width":320,"height":68,"caption":"GoodProfits Online"},"image":{"@id":"https:\/\/www.goodprofits.online\/ca\/#\/schema\/logo\/image\/"},"sameAs":["https:\/\/www.linkedin.com\/company\/goodprofitsonline\/","https:\/\/twitter.com\/GoodProfitsOn"]}]}},"_links":{"self":[{"href":"https:\/\/www.goodprofits.online\/ca\/wp-json\/wp\/v2\/pages\/392"}],"collection":[{"href":"https:\/\/www.goodprofits.online\/ca\/wp-json\/wp\/v2\/pages"}],"about":[{"href":"https:\/\/www.goodprofits.online\/ca\/wp-json\/wp\/v2\/types\/page"}],"author":[{"embeddable":true,"href":"https:\/\/www.goodprofits.online\/ca\/wp-json\/wp\/v2\/users\/2"}],"replies":[{"embeddable":true,"href":"https:\/\/www.goodprofits.online\/ca\/wp-json\/wp\/v2\/comments?post=392"}],"version-history":[{"count":2,"href":"https:\/\/www.goodprofits.online\/ca\/wp-json\/wp\/v2\/pages\/392\/revisions"}],"predecessor-version":[{"id":536,"href":"https:\/\/www.goodprofits.online\/ca\/wp-json\/wp\/v2\/pages\/392\/revisions\/536"}],"wp:attachment":[{"href":"https:\/\/www.goodprofits.online\/ca\/wp-json\/wp\/v2\/media?parent=392"}],"wp:term":[{"taxonomy":"post_tag","embeddable":true,"href":"https:\/\/www.goodprofits.online\/ca\/wp-json\/wp\/v2\/tags?post=392"}],"curies":[{"name":"wp","href":"https:\/\/api.w.org\/{rel}","templated":true}]}}