{"id":390,"date":"2021-06-21T12:11:29","date_gmt":"2021-06-21T12:11:29","guid":{"rendered":"https:\/\/www.goodprofits.online\/?page_id=390"},"modified":"2022-02-03T08:50:57","modified_gmt":"2022-02-03T08:50:57","slug":"nota-legal","status":"publish","type":"page","link":"https:\/\/www.goodprofits.online\/ca\/nota-legal\/","title":{"rendered":"Nota Legal"},"content":{"rendered":"<div class=\"clear legal section container-fluid block\">\r\n<div class=\"row\">\r\n<div class=\"block col-md-6 col-md-preffix-3 center-relative\">\r\n<h2 class=\"section-title\">NOTA LEGAL<\/h2>\r\n<h3>Titularitat i dades de contacte<\/h3>\r\n<p>GoodProfits \u00e9s una marca de GoodProfits Online, S.L. El nom de domini GoodProfits.online a qu\u00e8 est\u00e0 accedint, tamb\u00e9 \u00e9s titularitat de la mateixa entitat. GoodProfits Online, S.L. est\u00e0 inscrita en el Registre Mercantil de Barcelona, Tom 47.868, Foli 179, Full B 564819, inscripci\u00f3 1, amb CIF B06821680 i adre\u00e7a al c \/ Llull 51-55, 1a 1\u00aa 08005, Barcelona. Pot contactar amb nosaltres per correu electr\u00f2nic, escrivint a hello@goodprofits.online.<\/p>\r\n<h3>Condicions d&#8217;\u00fas<\/h3>\r\n<p>L&#8217;acc\u00e9s a aquest web implica l&#8217;acceptaci\u00f3 de les presents condicions d&#8217;\u00fas. El mer acc\u00e9s, l&#8217;emplenament de formularis de contacte, l&#8217;enviament de consultes, queixes, i, en general, qualsevol acte de naturalesa similar als anteriors, implicar\u00e0, per part de l&#8217;usuari, l&#8217;acceptaci\u00f3 del present Av\u00eds Legal. GoodProfits Online, S.L. es reserva el dret de modificar sense previ av\u00eds, les condicions d&#8217;acc\u00e9s al web, les caracter\u00edstiques dels seus serveis i qualsevol altre contingut incl\u00f2s en ella.<\/p>\r\n<p>L&#8217;acc\u00e9s a aquest lloc web, no autoritza a l&#8217;usuari a fer \u00fas de cap contingut ni implica concessi\u00f3 de cap servei. Els continguts d&#8217;aquest web i el seu disseny s\u00f3n propietat de GoodProfits Online, S.L. Queden prohibides la reproducci\u00f3, c\u00f2pia, distribuci\u00f3 o qualsevol altra forma d&#8217;\u00fas dels continguts d&#8217;aquest site, excepte autoritzaci\u00f3 pr\u00e8via i per escrit de GoodProfits Online, S.L.<\/p>\r\n<p>L&#8217;usuari \u00e9s responsable de qualsevol dany directe o indirecte que pugui ocasionar la comunicaci\u00f3 de dades falses o inexactes, ni de l&#8217;\u00fas que pugui fer de la informaci\u00f3 continguda en el site.<\/p>\r\n<p>GoodProfits.online pot incloure enlla\u00e7os a altres webs. Good Profits Online, S.L. no es responsabilitza de l&#8217;acc\u00e9s o utilitzaci\u00f3 d&#8217;aquests enlla\u00e7os externs.<\/p>\r\n<p>Les presents condicions d&#8217;\u00fas es regeixen per la Llei espanyola, sent competents per a la resoluci\u00f3 de tots els conflictes derivats o relacionats amb el seu \u00fas els Jutjats i Tribunals de Barcelona.<\/p>\r\n<\/div>\r\n<\/div>\r\n<div class=\"clear\">\u00a0<\/div>\r\n<\/div>","protected":false},"excerpt":{"rendered":"<p>NOTA LEGAL Titularitat i dades de contacte GoodProfits \u00e9s una marca de GoodProfits Online, S.L. El nom de domini GoodProfits.online a qu\u00e8 est\u00e0 accedint, tamb\u00e9 \u00e9s titularitat de la mateixa entitat. GoodProfits Online, S.L. est\u00e0 inscrita en el Registre Mercantil de Barcelona, Tom 47.868, Foli 179, Full B 564819, inscripci\u00f3 1, amb CIF B06821680 i [&hellip;]<\/p>\n","protected":false},"author":2,"featured_media":0,"parent":0,"menu_order":0,"comment_status":"closed","ping_status":"closed","template":"_tmp-page-legal.php","meta":[],"tags":[],"yoast_head":"<!-- This site is optimized with the Yoast SEO plugin v20.0 - https:\/\/yoast.com\/wordpress\/plugins\/seo\/ -->\n<title>GoodProfits - Nota Legal<\/title>\n<meta name=\"description\" content=\"- Nota Legal - GoodProfits\" \/>\n<meta name=\"robots\" content=\"index, follow, max-snippet:-1, max-image-preview:large, max-video-preview:-1\" \/>\n<link rel=\"canonical\" href=\"https:\/\/www.goodprofits.online\/ca\/nota-legal\/\" \/>\n<meta property=\"og:locale\" content=\"ca_ES\" \/>\n<meta property=\"og:type\" content=\"article\" \/>\n<meta property=\"og:title\" content=\"GoodProfits - Nota Legal\" \/>\n<meta property=\"og:description\" content=\"- Nota Legal - GoodProfits\" \/>\n<meta property=\"og:url\" content=\"https:\/\/www.goodprofits.online\/ca\/nota-legal\/\" \/>\n<meta property=\"og:site_name\" content=\"GoodProfits\" \/>\n<meta property=\"article:modified_time\" content=\"2022-02-03T08:50:57+00:00\" \/>\n<meta name=\"twitter:card\" content=\"summary_large_image\" \/>\n<meta name=\"twitter:site\" content=\"@GoodProfitsOn\" \/>\n<script type=\"application\/ld+json\" class=\"yoast-schema-graph\">{\"@context\":\"https:\/\/schema.org\",\"@graph\":[{\"@type\":\"WebPage\",\"@id\":\"https:\/\/www.goodprofits.online\/ca\/nota-legal\/\",\"url\":\"https:\/\/www.goodprofits.online\/ca\/nota-legal\/\",\"name\":\"GoodProfits - Nota Legal\",\"isPartOf\":{\"@id\":\"https:\/\/www.goodprofits.online\/ca\/#website\"},\"datePublished\":\"2021-06-21T12:11:29+00:00\",\"dateModified\":\"2022-02-03T08:50:57+00:00\",\"description\":\"- Nota Legal - GoodProfits\",\"breadcrumb\":{\"@id\":\"https:\/\/www.goodprofits.online\/ca\/nota-legal\/#breadcrumb\"},\"inLanguage\":\"ca\",\"potentialAction\":[{\"@type\":\"ReadAction\",\"target\":[\"https:\/\/www.goodprofits.online\/ca\/nota-legal\/\"]}]},{\"@type\":\"BreadcrumbList\",\"@id\":\"https:\/\/www.goodprofits.online\/ca\/nota-legal\/#breadcrumb\",\"itemListElement\":[{\"@type\":\"ListItem\",\"position\":1,\"name\":\"Home\",\"item\":\"https:\/\/www.goodprofits.online\/ca\/\"},{\"@type\":\"ListItem\",\"position\":2,\"name\":\"Nota Legal\"}]},{\"@type\":\"WebSite\",\"@id\":\"https:\/\/www.goodprofits.online\/ca\/#website\",\"url\":\"https:\/\/www.goodprofits.online\/ca\/\",\"name\":\"GoodProfits fundraising digital\",\"description\":\"Digital Fundraising\",\"publisher\":{\"@id\":\"https:\/\/www.goodprofits.online\/ca\/#organization\"},\"potentialAction\":[{\"@type\":\"SearchAction\",\"target\":{\"@type\":\"EntryPoint\",\"urlTemplate\":\"https:\/\/www.goodprofits.online\/ca\/?s={search_term_string}\"},\"query-input\":\"required name=search_term_string\"}],\"inLanguage\":\"ca\"},{\"@type\":\"Organization\",\"@id\":\"https:\/\/www.goodprofits.online\/ca\/#organization\",\"name\":\"GoodProfits Online\",\"url\":\"https:\/\/www.goodprofits.online\/ca\/\",\"logo\":{\"@type\":\"ImageObject\",\"inLanguage\":\"ca\",\"@id\":\"https:\/\/www.goodprofits.online\/ca\/#\/schema\/logo\/image\/\",\"url\":\"https:\/\/www.goodprofits.online\/wp-content\/uploads\/2023\/01\/LogoImago-B-Red_Gsuite.png\",\"contentUrl\":\"https:\/\/www.goodprofits.online\/wp-content\/uploads\/2023\/01\/LogoImago-B-Red_Gsuite.png\",\"width\":320,\"height\":68,\"caption\":\"GoodProfits Online\"},\"image\":{\"@id\":\"https:\/\/www.goodprofits.online\/ca\/#\/schema\/logo\/image\/\"},\"sameAs\":[\"https:\/\/www.linkedin.com\/company\/goodprofitsonline\/\",\"https:\/\/twitter.com\/GoodProfitsOn\"]}]}<\/script>\n<!-- \/ Yoast SEO plugin. -->","yoast_head_json":{"title":"GoodProfits - Nota Legal","description":"- Nota Legal - GoodProfits","robots":{"index":"index","follow":"follow","max-snippet":"max-snippet:-1","max-image-preview":"max-image-preview:large","max-video-preview":"max-video-preview:-1"},"canonical":"https:\/\/www.goodprofits.online\/ca\/nota-legal\/","og_locale":"ca_ES","og_type":"article","og_title":"GoodProfits - Nota Legal","og_description":"- Nota Legal - GoodProfits","og_url":"https:\/\/www.goodprofits.online\/ca\/nota-legal\/","og_site_name":"GoodProfits","article_modified_time":"2022-02-03T08:50:57+00:00","twitter_card":"summary_large_image","twitter_site":"@GoodProfitsOn","schema":{"@context":"https:\/\/schema.org","@graph":[{"@type":"WebPage","@id":"https:\/\/www.goodprofits.online\/ca\/nota-legal\/","url":"https:\/\/www.goodprofits.online\/ca\/nota-legal\/","name":"GoodProfits - Nota Legal","isPartOf":{"@id":"https:\/\/www.goodprofits.online\/ca\/#website"},"datePublished":"2021-06-21T12:11:29+00:00","dateModified":"2022-02-03T08:50:57+00:00","description":"- Nota Legal - GoodProfits","breadcrumb":{"@id":"https:\/\/www.goodprofits.online\/ca\/nota-legal\/#breadcrumb"},"inLanguage":"ca","potentialAction":[{"@type":"ReadAction","target":["https:\/\/www.goodprofits.online\/ca\/nota-legal\/"]}]},{"@type":"BreadcrumbList","@id":"https:\/\/www.goodprofits.online\/ca\/nota-legal\/#breadcrumb","itemListElement":[{"@type":"ListItem","position":1,"name":"Home","item":"https:\/\/www.goodprofits.online\/ca\/"},{"@type":"ListItem","position":2,"name":"Nota Legal"}]},{"@type":"WebSite","@id":"https:\/\/www.goodprofits.online\/ca\/#website","url":"https:\/\/www.goodprofits.online\/ca\/","name":"GoodProfits fundraising digital","description":"Digital Fundraising","publisher":{"@id":"https:\/\/www.goodprofits.online\/ca\/#organization"},"potentialAction":[{"@type":"SearchAction","target":{"@type":"EntryPoint","urlTemplate":"https:\/\/www.goodprofits.online\/ca\/?s={search_term_string}"},"query-input":"required name=search_term_string"}],"inLanguage":"ca"},{"@type":"Organization","@id":"https:\/\/www.goodprofits.online\/ca\/#organization","name":"GoodProfits Online","url":"https:\/\/www.goodprofits.online\/ca\/","logo":{"@type":"ImageObject","inLanguage":"ca","@id":"https:\/\/www.goodprofits.online\/ca\/#\/schema\/logo\/image\/","url":"https:\/\/www.goodprofits.online\/wp-content\/uploads\/2023\/01\/LogoImago-B-Red_Gsuite.png","contentUrl":"https:\/\/www.goodprofits.online\/wp-content\/uploads\/2023\/01\/LogoImago-B-Red_Gsuite.png","width":320,"height":68,"caption":"GoodProfits Online"},"image":{"@id":"https:\/\/www.goodprofits.online\/ca\/#\/schema\/logo\/image\/"},"sameAs":["https:\/\/www.linkedin.com\/company\/goodprofitsonline\/","https:\/\/twitter.com\/GoodProfitsOn"]}]}},"_links":{"self":[{"href":"https:\/\/www.goodprofits.online\/ca\/wp-json\/wp\/v2\/pages\/390"}],"collection":[{"href":"https:\/\/www.goodprofits.online\/ca\/wp-json\/wp\/v2\/pages"}],"about":[{"href":"https:\/\/www.goodprofits.online\/ca\/wp-json\/wp\/v2\/types\/page"}],"author":[{"embeddable":true,"href":"https:\/\/www.goodprofits.online\/ca\/wp-json\/wp\/v2\/users\/2"}],"replies":[{"embeddable":true,"href":"https:\/\/www.goodprofits.online\/ca\/wp-json\/wp\/v2\/comments?post=390"}],"version-history":[{"count":4,"href":"https:\/\/www.goodprofits.online\/ca\/wp-json\/wp\/v2\/pages\/390\/revisions"}],"predecessor-version":[{"id":871,"href":"https:\/\/www.goodprofits.online\/ca\/wp-json\/wp\/v2\/pages\/390\/revisions\/871"}],"wp:attachment":[{"href":"https:\/\/www.goodprofits.online\/ca\/wp-json\/wp\/v2\/media?parent=390"}],"wp:term":[{"taxonomy":"post_tag","embeddable":true,"href":"https:\/\/www.goodprofits.online\/ca\/wp-json\/wp\/v2\/tags?post=390"}],"curies":[{"name":"wp","href":"https:\/\/api.w.org\/{rel}","templated":true}]}}