{"id":375,"date":"2021-06-02T08:00:01","date_gmt":"2021-06-02T08:00:01","guid":{"rendered":"https:\/\/www.goodprofits.online\/?page_id=375"},"modified":"2021-09-13T07:29:53","modified_gmt":"2021-09-13T07:29:53","slug":"botiga-online","status":"publish","type":"page","link":"https:\/\/www.goodprofits.online\/ca\/projectes\/botiga-online\/","title":{"rendered":"Botiga online"},"content":{"rendered":"<p><!-- BLOCK --><\/p>\r\n<div id=\"projects-intro\" class=\"main-section section container-fluid block\">\r\n<div class=\"target row\">\r\n<div class=\"col-md-5 col-md-preffix-5\">\r\n<h2 class=\"section-title\">\u00d2mnium Cultural<\/h2>\r\n<h1 class=\"big-title\">Desenvolupament de la botiga online<\/h1>\r\n<\/div>\r\n<\/div>\r\n<div class=\"clear\">\u00a0<\/div>\r\n<div id=\"stage1\" class=\"stage-point\" data-bgcolor=\"#00B5E2\" data-bodyclass=\"terciary-white\" data-animate=\"fadein from-bt\">\u00a0<\/div>\r\n<\/div>\r\n<p><!-- BLOCK --><\/p>\r\n<div class=\"projects block container-fluid center-relative\">\r\n<div class=\"row section\">\r\n<div class=\"item target col-md-12\"><img decoding=\"async\" loading=\"lazy\" class=\"alignnone wp-image-303 size-full\" src=\"https:\/\/www.goodprofits.online\/wp-content\/uploads\/2021\/06\/Work-4-Botiga_Omnium-grill.jpg\" alt=\"\" width=\"1600\" height=\"1200\" srcset=\"https:\/\/www.goodprofits.online\/wp-content\/uploads\/2021\/06\/Work-4-Botiga_Omnium-grill.jpg 1600w, https:\/\/www.goodprofits.online\/wp-content\/uploads\/2021\/06\/Work-4-Botiga_Omnium-grill-300x225.jpg 300w, https:\/\/www.goodprofits.online\/wp-content\/uploads\/2021\/06\/Work-4-Botiga_Omnium-grill-1024x768.jpg 1024w, https:\/\/www.goodprofits.online\/wp-content\/uploads\/2021\/06\/Work-4-Botiga_Omnium-grill-768x576.jpg 768w, https:\/\/www.goodprofits.online\/wp-content\/uploads\/2021\/06\/Work-4-Botiga_Omnium-grill-1536x1152.jpg 1536w\" sizes=\"(max-width: 1600px) 100vw, 1600px\" \/><\/div>\r\n<div id=\"stage2\" class=\"stage-point\" data-bgcolor=\"#d5d5d5\" data-removebodyclass=\"terciary-white\" data-animate=\"fadein from-bt\">\u00a0<\/div>\r\n<\/div>\r\n<\/div>\r\n<p><!-- BLOCK --><\/p>\r\n<div class=\"projects block container-fluid center-relative\">\r\n<div class=\"row section\">\r\n<div class=\"col-md-5 target\">\r\n<h2 class=\"section-subtitle\">CLIENT<\/h2>\r\n<p>\u00d2mnium Cultural<\/p>\r\n<h2 class=\"section-subtitle\">\u00c0REES<\/h2>\r\n<p>Ecommerce, Merchandising, Desenvolupament Web<\/p>\r\n<h2 class=\"section-subtitle\">VEURE WEBSITE<\/h2>\r\n<p><a href=\"https:\/\/botiga.omnium.cat\" target=\"_blank\" rel=\"noopener\">https:\/\/botiga.omnium.cat<\/a><\/p>\r\n<\/div>\r\n<div class=\"item target col-md-5\">\r\n<h2 class=\"section-subtitle\">\u00a0<\/h2>\r\n<div class=\"fusion-text fusion-text-1\">\r\n<p>El 2018, vam entendre que el marxandatge hauria de tenir un paper fonamental en l\u2019estrat\u00e8gia de recaptaci\u00f3 de fons d\u2019\u00d2mnium Cultural. Per aquest motiu, vam desplegar un projecte que contemplava professionalitzar tota l\u2019\u00e0rea comercial.<\/p>\r\n<\/div>\r\n<div class=\"fusion-text fusion-text-2\">\r\n<p>Una organitzaci\u00f3 amb la mida d\u2019\u00d2mnium necessita una bona soluci\u00f3 en termes de log\u00edstica, producci\u00f3, vendes presencials en esdeveniments, vendes de la seu local i, per descomptat, vendes online. Hem treballat en els procediments, la tecnologia, la selecci\u00f3 de prove\u00efdors, la definici\u00f3 de l\u2019equip, el desenvolupament de la botiga online. Actualment, \u00d2mnium t\u00e9 una font d\u2019ingressos estable que complementa significativament la seva estrat\u00e8gia de captaci\u00f3 de fons.<\/p>\r\n<\/div>\r\n<\/div>\r\n<div id=\"stage3\" class=\"stage-point\" data-bgcolor=\"#d5d5d5\" data-animate=\"fadein from-bt\">\u00a0<\/div>\r\n<\/div>\r\n<\/div>","protected":false},"excerpt":{"rendered":"<p>\u00d2mnium Cultural Desenvolupament de la botiga online \u00a0 \u00a0 \u00a0 CLIENT \u00d2mnium Cultural \u00c0REES Ecommerce, Merchandising, Desenvolupament Web VEURE WEBSITE https:\/\/botiga.omnium.cat \u00a0 El 2018, vam entendre que el marxandatge hauria de tenir un paper fonamental en l\u2019estrat\u00e8gia de recaptaci\u00f3 de fons d\u2019\u00d2mnium Cultural. Per aquest motiu, vam desplegar un projecte que contemplava professionalitzar tota l\u2019\u00e0rea [&hellip;]<\/p>\n","protected":false},"author":2,"featured_media":303,"parent":360,"menu_order":0,"comment_status":"closed","ping_status":"closed","template":"_tmp-page-works-projects.php","meta":[],"tags":[],"yoast_head":"<!-- This site is optimized with the Yoast SEO plugin v20.0 - https:\/\/yoast.com\/wordpress\/plugins\/seo\/ -->\n<title>GoodProfits - Botiga online<\/title>\n<meta name=\"description\" content=\"- Botiga online - GoodProfits\" \/>\n<meta name=\"robots\" content=\"index, follow, max-snippet:-1, max-image-preview:large, max-video-preview:-1\" \/>\n<link rel=\"canonical\" href=\"https:\/\/www.goodprofits.online\/ca\/projectes\/botiga-online\/\" \/>\n<meta property=\"og:locale\" content=\"ca_ES\" \/>\n<meta property=\"og:type\" content=\"article\" \/>\n<meta property=\"og:title\" content=\"GoodProfits - Botiga online\" \/>\n<meta property=\"og:description\" content=\"- Botiga online - GoodProfits\" \/>\n<meta property=\"og:url\" content=\"https:\/\/www.goodprofits.online\/ca\/projectes\/botiga-online\/\" \/>\n<meta property=\"og:site_name\" content=\"GoodProfits\" \/>\n<meta property=\"article:modified_time\" content=\"2021-09-13T07:29:53+00:00\" \/>\n<meta property=\"og:image\" content=\"https:\/\/www.goodprofits.online\/wp-content\/uploads\/2021\/06\/Work-4-Botiga_Omnium-grill.jpg\" \/>\n\t<meta property=\"og:image:width\" content=\"1600\" \/>\n\t<meta property=\"og:image:height\" content=\"1200\" \/>\n\t<meta property=\"og:image:type\" content=\"image\/jpeg\" \/>\n<meta name=\"twitter:card\" content=\"summary_large_image\" \/>\n<meta name=\"twitter:site\" content=\"@GoodProfitsOn\" \/>\n<script type=\"application\/ld+json\" class=\"yoast-schema-graph\">{\"@context\":\"https:\/\/schema.org\",\"@graph\":[{\"@type\":\"WebPage\",\"@id\":\"https:\/\/www.goodprofits.online\/ca\/projectes\/botiga-online\/\",\"url\":\"https:\/\/www.goodprofits.online\/ca\/projectes\/botiga-online\/\",\"name\":\"GoodProfits - Botiga online\",\"isPartOf\":{\"@id\":\"https:\/\/www.goodprofits.online\/ca\/#website\"},\"datePublished\":\"2021-06-02T08:00:01+00:00\",\"dateModified\":\"2021-09-13T07:29:53+00:00\",\"description\":\"- Botiga online - GoodProfits\",\"breadcrumb\":{\"@id\":\"https:\/\/www.goodprofits.online\/ca\/projectes\/botiga-online\/#breadcrumb\"},\"inLanguage\":\"ca\",\"potentialAction\":[{\"@type\":\"ReadAction\",\"target\":[\"https:\/\/www.goodprofits.online\/ca\/projectes\/botiga-online\/\"]}]},{\"@type\":\"BreadcrumbList\",\"@id\":\"https:\/\/www.goodprofits.online\/ca\/projectes\/botiga-online\/#breadcrumb\",\"itemListElement\":[{\"@type\":\"ListItem\",\"position\":1,\"name\":\"Home\",\"item\":\"https:\/\/www.goodprofits.online\/ca\/\"},{\"@type\":\"ListItem\",\"position\":2,\"name\":\"Projectes\",\"item\":\"https:\/\/www.goodprofits.online\/ca\/projectes\/\"},{\"@type\":\"ListItem\",\"position\":3,\"name\":\"Botiga online\"}]},{\"@type\":\"WebSite\",\"@id\":\"https:\/\/www.goodprofits.online\/ca\/#website\",\"url\":\"https:\/\/www.goodprofits.online\/ca\/\",\"name\":\"GoodProfits fundraising digital\",\"description\":\"Digital Fundraising\",\"publisher\":{\"@id\":\"https:\/\/www.goodprofits.online\/ca\/#organization\"},\"potentialAction\":[{\"@type\":\"SearchAction\",\"target\":{\"@type\":\"EntryPoint\",\"urlTemplate\":\"https:\/\/www.goodprofits.online\/ca\/?s={search_term_string}\"},\"query-input\":\"required name=search_term_string\"}],\"inLanguage\":\"ca\"},{\"@type\":\"Organization\",\"@id\":\"https:\/\/www.goodprofits.online\/ca\/#organization\",\"name\":\"GoodProfits Online\",\"url\":\"https:\/\/www.goodprofits.online\/ca\/\",\"logo\":{\"@type\":\"ImageObject\",\"inLanguage\":\"ca\",\"@id\":\"https:\/\/www.goodprofits.online\/ca\/#\/schema\/logo\/image\/\",\"url\":\"https:\/\/www.goodprofits.online\/wp-content\/uploads\/2023\/01\/LogoImago-B-Red_Gsuite.png\",\"contentUrl\":\"https:\/\/www.goodprofits.online\/wp-content\/uploads\/2023\/01\/LogoImago-B-Red_Gsuite.png\",\"width\":320,\"height\":68,\"caption\":\"GoodProfits Online\"},\"image\":{\"@id\":\"https:\/\/www.goodprofits.online\/ca\/#\/schema\/logo\/image\/\"},\"sameAs\":[\"https:\/\/www.linkedin.com\/company\/goodprofitsonline\/\",\"https:\/\/twitter.com\/GoodProfitsOn\"]}]}<\/script>\n<!-- \/ Yoast SEO plugin. -->","yoast_head_json":{"title":"GoodProfits - Botiga online","description":"- Botiga online - GoodProfits","robots":{"index":"index","follow":"follow","max-snippet":"max-snippet:-1","max-image-preview":"max-image-preview:large","max-video-preview":"max-video-preview:-1"},"canonical":"https:\/\/www.goodprofits.online\/ca\/projectes\/botiga-online\/","og_locale":"ca_ES","og_type":"article","og_title":"GoodProfits - Botiga online","og_description":"- Botiga online - GoodProfits","og_url":"https:\/\/www.goodprofits.online\/ca\/projectes\/botiga-online\/","og_site_name":"GoodProfits","article_modified_time":"2021-09-13T07:29:53+00:00","og_image":[{"width":1600,"height":1200,"url":"https:\/\/www.goodprofits.online\/wp-content\/uploads\/2021\/06\/Work-4-Botiga_Omnium-grill.jpg","type":"image\/jpeg"}],"twitter_card":"summary_large_image","twitter_site":"@GoodProfitsOn","schema":{"@context":"https:\/\/schema.org","@graph":[{"@type":"WebPage","@id":"https:\/\/www.goodprofits.online\/ca\/projectes\/botiga-online\/","url":"https:\/\/www.goodprofits.online\/ca\/projectes\/botiga-online\/","name":"GoodProfits - Botiga online","isPartOf":{"@id":"https:\/\/www.goodprofits.online\/ca\/#website"},"datePublished":"2021-06-02T08:00:01+00:00","dateModified":"2021-09-13T07:29:53+00:00","description":"- Botiga online - GoodProfits","breadcrumb":{"@id":"https:\/\/www.goodprofits.online\/ca\/projectes\/botiga-online\/#breadcrumb"},"inLanguage":"ca","potentialAction":[{"@type":"ReadAction","target":["https:\/\/www.goodprofits.online\/ca\/projectes\/botiga-online\/"]}]},{"@type":"BreadcrumbList","@id":"https:\/\/www.goodprofits.online\/ca\/projectes\/botiga-online\/#breadcrumb","itemListElement":[{"@type":"ListItem","position":1,"name":"Home","item":"https:\/\/www.goodprofits.online\/ca\/"},{"@type":"ListItem","position":2,"name":"Projectes","item":"https:\/\/www.goodprofits.online\/ca\/projectes\/"},{"@type":"ListItem","position":3,"name":"Botiga online"}]},{"@type":"WebSite","@id":"https:\/\/www.goodprofits.online\/ca\/#website","url":"https:\/\/www.goodprofits.online\/ca\/","name":"GoodProfits fundraising digital","description":"Digital Fundraising","publisher":{"@id":"https:\/\/www.goodprofits.online\/ca\/#organization"},"potentialAction":[{"@type":"SearchAction","target":{"@type":"EntryPoint","urlTemplate":"https:\/\/www.goodprofits.online\/ca\/?s={search_term_string}"},"query-input":"required name=search_term_string"}],"inLanguage":"ca"},{"@type":"Organization","@id":"https:\/\/www.goodprofits.online\/ca\/#organization","name":"GoodProfits Online","url":"https:\/\/www.goodprofits.online\/ca\/","logo":{"@type":"ImageObject","inLanguage":"ca","@id":"https:\/\/www.goodprofits.online\/ca\/#\/schema\/logo\/image\/","url":"https:\/\/www.goodprofits.online\/wp-content\/uploads\/2023\/01\/LogoImago-B-Red_Gsuite.png","contentUrl":"https:\/\/www.goodprofits.online\/wp-content\/uploads\/2023\/01\/LogoImago-B-Red_Gsuite.png","width":320,"height":68,"caption":"GoodProfits Online"},"image":{"@id":"https:\/\/www.goodprofits.online\/ca\/#\/schema\/logo\/image\/"},"sameAs":["https:\/\/www.linkedin.com\/company\/goodprofitsonline\/","https:\/\/twitter.com\/GoodProfitsOn"]}]}},"_links":{"self":[{"href":"https:\/\/www.goodprofits.online\/ca\/wp-json\/wp\/v2\/pages\/375"}],"collection":[{"href":"https:\/\/www.goodprofits.online\/ca\/wp-json\/wp\/v2\/pages"}],"about":[{"href":"https:\/\/www.goodprofits.online\/ca\/wp-json\/wp\/v2\/types\/page"}],"author":[{"embeddable":true,"href":"https:\/\/www.goodprofits.online\/ca\/wp-json\/wp\/v2\/users\/2"}],"replies":[{"embeddable":true,"href":"https:\/\/www.goodprofits.online\/ca\/wp-json\/wp\/v2\/comments?post=375"}],"version-history":[{"count":3,"href":"https:\/\/www.goodprofits.online\/ca\/wp-json\/wp\/v2\/pages\/375\/revisions"}],"predecessor-version":[{"id":378,"href":"https:\/\/www.goodprofits.online\/ca\/wp-json\/wp\/v2\/pages\/375\/revisions\/378"}],"up":[{"embeddable":true,"href":"https:\/\/www.goodprofits.online\/ca\/wp-json\/wp\/v2\/pages\/360"}],"wp:featuredmedia":[{"embeddable":true,"href":"https:\/\/www.goodprofits.online\/ca\/wp-json\/wp\/v2\/media\/303"}],"wp:attachment":[{"href":"https:\/\/www.goodprofits.online\/ca\/wp-json\/wp\/v2\/media?parent=375"}],"wp:term":[{"taxonomy":"post_tag","embeddable":true,"href":"https:\/\/www.goodprofits.online\/ca\/wp-json\/wp\/v2\/tags?post=375"}],"curies":[{"name":"wp","href":"https:\/\/api.w.org\/{rel}","templated":true}]}}