{"id":362,"date":"2021-06-04T08:00:34","date_gmt":"2021-06-04T08:00:34","guid":{"rendered":"https:\/\/www.goodprofits.online\/?page_id=362"},"modified":"2021-09-13T07:30:35","modified_gmt":"2021-09-13T07:30:35","slug":"caritas-barcelona","status":"publish","type":"page","link":"https:\/\/www.goodprofits.online\/ca\/projectes\/caritas-barcelona\/","title":{"rendered":"Caritas.barcelona"},"content":{"rendered":"<p><!-- BLOCK --><\/p>\r\n<div id=\"projects-intro\" class=\"main-section section container-fluid block\">\r\n<div class=\"target row\">\r\n<div class=\"col-md-5 col-md-preffix-5\">\r\n<h2 class=\"section-title\">C\u00e0ritas Barcelona<\/h2>\r\n<h1 class=\"big-title\">Nova web i estrat\u00e8gia digital<\/h1>\r\n<\/div>\r\n<\/div>\r\n<div class=\"clear\">\u00a0<\/div>\r\n<div id=\"stage1\" class=\"stage-point\" data-bgcolor=\"#00B5E2\" data-bodyclass=\"terciary-white\" data-animate=\"fadein from-bt\">\u00a0<\/div>\r\n<\/div>\r\n<p><!-- BLOCK --><\/p>\r\n<div class=\"projects block container-fluid center-relative\">\r\n<div class=\"row section\">\r\n<div class=\"item target col-md-12\"><img decoding=\"async\" loading=\"lazy\" class=\"alignnone wp-image-271 size-full\" src=\"https:\/\/www.goodprofits.online\/wp-content\/uploads\/2021\/06\/Work-2-Caritas-grill.jpg\" alt=\"\" width=\"1600\" height=\"1200\" srcset=\"https:\/\/www.goodprofits.online\/wp-content\/uploads\/2021\/06\/Work-2-Caritas-grill.jpg 1600w, https:\/\/www.goodprofits.online\/wp-content\/uploads\/2021\/06\/Work-2-Caritas-grill-300x225.jpg 300w, https:\/\/www.goodprofits.online\/wp-content\/uploads\/2021\/06\/Work-2-Caritas-grill-1024x768.jpg 1024w, https:\/\/www.goodprofits.online\/wp-content\/uploads\/2021\/06\/Work-2-Caritas-grill-768x576.jpg 768w, https:\/\/www.goodprofits.online\/wp-content\/uploads\/2021\/06\/Work-2-Caritas-grill-1536x1152.jpg 1536w\" sizes=\"(max-width: 1600px) 100vw, 1600px\" \/><\/div>\r\n<div id=\"stage2\" class=\"stage-point\" data-bgcolor=\"#d5d5d5\" data-removebodyclass=\"terciary-white\" data-animate=\"fadein from-bt\">\u00a0<\/div>\r\n<\/div>\r\n<\/div>\r\n<p><!-- BLOCK --><\/p>\r\n<div class=\"projects block container-fluid center-relative\">\r\n<div class=\"row section\">\r\n<div class=\"col-md-5 target\">\r\n<h2 class=\"section-subtitle\">CLIENT<\/h2>\r\n<p>C\u00e0ritas Barcelona<\/p>\r\n<h2 class=\"section-subtitle\">\u00c0REES<\/h2>\r\n<p>Estrat\u00e8gia digital, Inbound Marketing i Desenvolupament web<\/p>\r\n<h2 class=\"section-subtitle\">VEURE WEBSITE<\/h2>\r\n<p><a href=\"https:\/\/caritas.barcelona\" target=\"_blank\" rel=\"noopener\">https:\/\/caritas.barcelona<\/a><\/p>\r\n<\/div>\r\n<div class=\"item target col-md-5\">\r\n<h2 class=\"section-subtitle\">\u00a0<\/h2>\r\n<div class=\"fusion-text fusion-text-1\">\r\n<p>C\u00e0ritas Barcelona \u00e9s una gran organitzaci\u00f3 que treballa en molts \u00e0mbits del tercer sector: inf\u00e0ncia, gent gran, immigraci\u00f3, treball\u2026 T\u00e9 una marca s\u00f2lida, credibilitat i una base de socis lleial. El seu principal repte \u00e9s rejovenir la seva base social per garantir una bona salut a mitj\u00e0 termini. I relacionat amb aquest repte, calia millorar el m\u00e0rqueting digital de l\u2019organitzaci\u00f3.<\/p>\r\n<\/div>\r\n<div class=\"fusion-text fusion-text-2\">\r\n<p>Hem acompanyat C\u00e0ritas en la definici\u00f3 i implementaci\u00f3 del pla de m\u00e0rqueting digital. Hem ajudat a crear l\u2019equip i, sobretot, hem liderat el projecte de redisseny web, que ha rebut diversos premis per la seva qualitat.<\/p>\r\n<\/div>\r\n<\/div>\r\n<div id=\"stage3\" class=\"stage-point\" data-bgcolor=\"#d5d5d5\" data-animate=\"fadein from-bt\">\u00a0<\/div>\r\n<\/div>\r\n<\/div>","protected":false},"excerpt":{"rendered":"<p>C\u00e0ritas Barcelona Nova web i estrat\u00e8gia digital \u00a0 \u00a0 \u00a0 CLIENT C\u00e0ritas Barcelona \u00c0REES Estrat\u00e8gia digital, Inbound Marketing i Desenvolupament web VEURE WEBSITE https:\/\/caritas.barcelona \u00a0 C\u00e0ritas Barcelona \u00e9s una gran organitzaci\u00f3 que treballa en molts \u00e0mbits del tercer sector: inf\u00e0ncia, gent gran, immigraci\u00f3, treball\u2026 T\u00e9 una marca s\u00f2lida, credibilitat i una base de socis lleial. [&hellip;]<\/p>\n","protected":false},"author":2,"featured_media":271,"parent":360,"menu_order":0,"comment_status":"closed","ping_status":"closed","template":"_tmp-page-works-projects.php","meta":[],"tags":[],"yoast_head":"<!-- This site is optimized with the Yoast SEO plugin v20.0 - https:\/\/yoast.com\/wordpress\/plugins\/seo\/ -->\n<title>GoodProfits - Caritas.barcelona<\/title>\n<meta name=\"description\" content=\"- Caritas.barcelona - GoodProfits\" \/>\n<meta name=\"robots\" content=\"index, follow, max-snippet:-1, max-image-preview:large, max-video-preview:-1\" \/>\n<link rel=\"canonical\" href=\"https:\/\/www.goodprofits.online\/ca\/projectes\/caritas-barcelona\/\" \/>\n<meta property=\"og:locale\" content=\"ca_ES\" \/>\n<meta property=\"og:type\" content=\"article\" \/>\n<meta property=\"og:title\" content=\"GoodProfits - Caritas.barcelona\" \/>\n<meta property=\"og:description\" content=\"- Caritas.barcelona - GoodProfits\" \/>\n<meta property=\"og:url\" content=\"https:\/\/www.goodprofits.online\/ca\/projectes\/caritas-barcelona\/\" \/>\n<meta property=\"og:site_name\" content=\"GoodProfits\" \/>\n<meta property=\"article:modified_time\" content=\"2021-09-13T07:30:35+00:00\" \/>\n<meta property=\"og:image\" content=\"https:\/\/www.goodprofits.online\/wp-content\/uploads\/2021\/06\/Work-2-Caritas-grill.jpg\" \/>\n\t<meta property=\"og:image:width\" content=\"1600\" \/>\n\t<meta property=\"og:image:height\" content=\"1200\" \/>\n\t<meta property=\"og:image:type\" content=\"image\/jpeg\" \/>\n<meta name=\"twitter:card\" content=\"summary_large_image\" \/>\n<meta name=\"twitter:site\" content=\"@GoodProfitsOn\" \/>\n<script type=\"application\/ld+json\" class=\"yoast-schema-graph\">{\"@context\":\"https:\/\/schema.org\",\"@graph\":[{\"@type\":\"WebPage\",\"@id\":\"https:\/\/www.goodprofits.online\/ca\/projectes\/caritas-barcelona\/\",\"url\":\"https:\/\/www.goodprofits.online\/ca\/projectes\/caritas-barcelona\/\",\"name\":\"GoodProfits - Caritas.barcelona\",\"isPartOf\":{\"@id\":\"https:\/\/www.goodprofits.online\/ca\/#website\"},\"datePublished\":\"2021-06-04T08:00:34+00:00\",\"dateModified\":\"2021-09-13T07:30:35+00:00\",\"description\":\"- Caritas.barcelona - GoodProfits\",\"breadcrumb\":{\"@id\":\"https:\/\/www.goodprofits.online\/ca\/projectes\/caritas-barcelona\/#breadcrumb\"},\"inLanguage\":\"ca\",\"potentialAction\":[{\"@type\":\"ReadAction\",\"target\":[\"https:\/\/www.goodprofits.online\/ca\/projectes\/caritas-barcelona\/\"]}]},{\"@type\":\"BreadcrumbList\",\"@id\":\"https:\/\/www.goodprofits.online\/ca\/projectes\/caritas-barcelona\/#breadcrumb\",\"itemListElement\":[{\"@type\":\"ListItem\",\"position\":1,\"name\":\"Home\",\"item\":\"https:\/\/www.goodprofits.online\/ca\/\"},{\"@type\":\"ListItem\",\"position\":2,\"name\":\"Projectes\",\"item\":\"https:\/\/www.goodprofits.online\/ca\/projectes\/\"},{\"@type\":\"ListItem\",\"position\":3,\"name\":\"Caritas.barcelona\"}]},{\"@type\":\"WebSite\",\"@id\":\"https:\/\/www.goodprofits.online\/ca\/#website\",\"url\":\"https:\/\/www.goodprofits.online\/ca\/\",\"name\":\"GoodProfits fundraising digital\",\"description\":\"Digital Fundraising\",\"publisher\":{\"@id\":\"https:\/\/www.goodprofits.online\/ca\/#organization\"},\"potentialAction\":[{\"@type\":\"SearchAction\",\"target\":{\"@type\":\"EntryPoint\",\"urlTemplate\":\"https:\/\/www.goodprofits.online\/ca\/?s={search_term_string}\"},\"query-input\":\"required name=search_term_string\"}],\"inLanguage\":\"ca\"},{\"@type\":\"Organization\",\"@id\":\"https:\/\/www.goodprofits.online\/ca\/#organization\",\"name\":\"GoodProfits Online\",\"url\":\"https:\/\/www.goodprofits.online\/ca\/\",\"logo\":{\"@type\":\"ImageObject\",\"inLanguage\":\"ca\",\"@id\":\"https:\/\/www.goodprofits.online\/ca\/#\/schema\/logo\/image\/\",\"url\":\"https:\/\/www.goodprofits.online\/wp-content\/uploads\/2023\/01\/LogoImago-B-Red_Gsuite.png\",\"contentUrl\":\"https:\/\/www.goodprofits.online\/wp-content\/uploads\/2023\/01\/LogoImago-B-Red_Gsuite.png\",\"width\":320,\"height\":68,\"caption\":\"GoodProfits Online\"},\"image\":{\"@id\":\"https:\/\/www.goodprofits.online\/ca\/#\/schema\/logo\/image\/\"},\"sameAs\":[\"https:\/\/www.linkedin.com\/company\/goodprofitsonline\/\",\"https:\/\/twitter.com\/GoodProfitsOn\"]}]}<\/script>\n<!-- \/ Yoast SEO plugin. -->","yoast_head_json":{"title":"GoodProfits - Caritas.barcelona","description":"- Caritas.barcelona - GoodProfits","robots":{"index":"index","follow":"follow","max-snippet":"max-snippet:-1","max-image-preview":"max-image-preview:large","max-video-preview":"max-video-preview:-1"},"canonical":"https:\/\/www.goodprofits.online\/ca\/projectes\/caritas-barcelona\/","og_locale":"ca_ES","og_type":"article","og_title":"GoodProfits - Caritas.barcelona","og_description":"- Caritas.barcelona - GoodProfits","og_url":"https:\/\/www.goodprofits.online\/ca\/projectes\/caritas-barcelona\/","og_site_name":"GoodProfits","article_modified_time":"2021-09-13T07:30:35+00:00","og_image":[{"width":1600,"height":1200,"url":"https:\/\/www.goodprofits.online\/wp-content\/uploads\/2021\/06\/Work-2-Caritas-grill.jpg","type":"image\/jpeg"}],"twitter_card":"summary_large_image","twitter_site":"@GoodProfitsOn","schema":{"@context":"https:\/\/schema.org","@graph":[{"@type":"WebPage","@id":"https:\/\/www.goodprofits.online\/ca\/projectes\/caritas-barcelona\/","url":"https:\/\/www.goodprofits.online\/ca\/projectes\/caritas-barcelona\/","name":"GoodProfits - Caritas.barcelona","isPartOf":{"@id":"https:\/\/www.goodprofits.online\/ca\/#website"},"datePublished":"2021-06-04T08:00:34+00:00","dateModified":"2021-09-13T07:30:35+00:00","description":"- Caritas.barcelona - GoodProfits","breadcrumb":{"@id":"https:\/\/www.goodprofits.online\/ca\/projectes\/caritas-barcelona\/#breadcrumb"},"inLanguage":"ca","potentialAction":[{"@type":"ReadAction","target":["https:\/\/www.goodprofits.online\/ca\/projectes\/caritas-barcelona\/"]}]},{"@type":"BreadcrumbList","@id":"https:\/\/www.goodprofits.online\/ca\/projectes\/caritas-barcelona\/#breadcrumb","itemListElement":[{"@type":"ListItem","position":1,"name":"Home","item":"https:\/\/www.goodprofits.online\/ca\/"},{"@type":"ListItem","position":2,"name":"Projectes","item":"https:\/\/www.goodprofits.online\/ca\/projectes\/"},{"@type":"ListItem","position":3,"name":"Caritas.barcelona"}]},{"@type":"WebSite","@id":"https:\/\/www.goodprofits.online\/ca\/#website","url":"https:\/\/www.goodprofits.online\/ca\/","name":"GoodProfits fundraising digital","description":"Digital Fundraising","publisher":{"@id":"https:\/\/www.goodprofits.online\/ca\/#organization"},"potentialAction":[{"@type":"SearchAction","target":{"@type":"EntryPoint","urlTemplate":"https:\/\/www.goodprofits.online\/ca\/?s={search_term_string}"},"query-input":"required name=search_term_string"}],"inLanguage":"ca"},{"@type":"Organization","@id":"https:\/\/www.goodprofits.online\/ca\/#organization","name":"GoodProfits Online","url":"https:\/\/www.goodprofits.online\/ca\/","logo":{"@type":"ImageObject","inLanguage":"ca","@id":"https:\/\/www.goodprofits.online\/ca\/#\/schema\/logo\/image\/","url":"https:\/\/www.goodprofits.online\/wp-content\/uploads\/2023\/01\/LogoImago-B-Red_Gsuite.png","contentUrl":"https:\/\/www.goodprofits.online\/wp-content\/uploads\/2023\/01\/LogoImago-B-Red_Gsuite.png","width":320,"height":68,"caption":"GoodProfits Online"},"image":{"@id":"https:\/\/www.goodprofits.online\/ca\/#\/schema\/logo\/image\/"},"sameAs":["https:\/\/www.linkedin.com\/company\/goodprofitsonline\/","https:\/\/twitter.com\/GoodProfitsOn"]}]}},"_links":{"self":[{"href":"https:\/\/www.goodprofits.online\/ca\/wp-json\/wp\/v2\/pages\/362"}],"collection":[{"href":"https:\/\/www.goodprofits.online\/ca\/wp-json\/wp\/v2\/pages"}],"about":[{"href":"https:\/\/www.goodprofits.online\/ca\/wp-json\/wp\/v2\/types\/page"}],"author":[{"embeddable":true,"href":"https:\/\/www.goodprofits.online\/ca\/wp-json\/wp\/v2\/users\/2"}],"replies":[{"embeddable":true,"href":"https:\/\/www.goodprofits.online\/ca\/wp-json\/wp\/v2\/comments?post=362"}],"version-history":[{"count":3,"href":"https:\/\/www.goodprofits.online\/ca\/wp-json\/wp\/v2\/pages\/362\/revisions"}],"predecessor-version":[{"id":381,"href":"https:\/\/www.goodprofits.online\/ca\/wp-json\/wp\/v2\/pages\/362\/revisions\/381"}],"up":[{"embeddable":true,"href":"https:\/\/www.goodprofits.online\/ca\/wp-json\/wp\/v2\/pages\/360"}],"wp:featuredmedia":[{"embeddable":true,"href":"https:\/\/www.goodprofits.online\/ca\/wp-json\/wp\/v2\/media\/271"}],"wp:attachment":[{"href":"https:\/\/www.goodprofits.online\/ca\/wp-json\/wp\/v2\/media?parent=362"}],"wp:term":[{"taxonomy":"post_tag","embeddable":true,"href":"https:\/\/www.goodprofits.online\/ca\/wp-json\/wp\/v2\/tags?post=362"}],"curies":[{"name":"wp","href":"https:\/\/api.w.org\/{rel}","templated":true}]}}