{"id":355,"date":"2021-06-16T10:09:47","date_gmt":"2021-06-16T10:09:47","guid":{"rendered":"https:\/\/www.goodprofits.online\/?page_id=355"},"modified":"2022-01-27T16:41:04","modified_gmt":"2022-01-27T16:41:04","slug":"serveis","status":"publish","type":"page","link":"https:\/\/www.goodprofits.online\/ca\/serveis\/","title":{"rendered":"Serveis"},"content":{"rendered":"<div id=\"services-intro\" class=\"main-section section block container-fluid center-relative\">\r\n<div class=\"row section\">\r\n<div class=\"col-md-7 col-md-preffix-5\">\r\n<h2 class=\"section-title\" style=\"color: #fff;\">SERVEIS<\/h2>\r\n<h1 class=\"big-title\">No treballem per a clients, formem equip amb ells.<\/h1>\r\n<\/div>\r\n<\/div>\r\n<div class=\"clear\">\u00a0<\/div>\r\n<div id=\"stage1\" class=\"stage-point\" data-bgcolor=\"#3AD2B5\" data-bodyclass=\"secondary-white\" data-animate=\"fadein from-bt\">\u00a0<\/div>\r\n<\/div>\r\n<!-- ITEM -->\r\n\r\n<!-- ITEM -->\r\n<div class=\"block container-fluid center-relative\">\r\n<div class=\"row section\">\r\n<div class=\"item target col-md-5\">\r\n<div class=\"details\">\r\n<h1 class=\"mid-title\">Versatilitat, cura \u200bi atenci\u00f3 als detalls<\/h1>\r\n<\/div>\r\n<\/div>\r\n<div class=\"item target col-md-5\">\r\n<p>L&#8217;entorn digital requereix un profund coneixement de diferents disciplines: m\u00e0rqueting, comunicaci\u00f3, tecnologia, disseny, experi\u00e8ncia d&#8217;usuari, creativitat, publicitat digital &#8230; Des de GoodProfits us oferim un ventall de solucions que cobrir\u00e0 totes les vostres necessitats en el canal digital.<\/p>\r\n<p>Us ajudarem a crear campanyes digitals i experi\u00e8ncies d&#8217;usuari m\u00e9s atractives. A connectar amb la vostra base social i potencials col\u00b7laboradors. A convertir el vostre entorn digital en un actiu fonamental dins la vostra estrat\u00e8gia de fundraising.<\/p>\r\n<p><strong>Us acompanyarem en un cam\u00ed de millora cont\u00ednua, adaptant l&#8217;equip de treball i la planificaci\u00f3 als requisits del vostre projecte. Idees, tecnologia i serveis \u00fatils per a organitzacions de qualsevol mida.<\/strong><\/p>\r\n<\/div>\r\n<div class=\"item col-md-8 col-md-preffix-3\"><img decoding=\"async\" loading=\"lazy\" class=\"alignnone size-full wp-image-212 brand-image\" src=\"https:\/\/www.goodprofits.online\/wp-content\/uploads\/2021\/06\/working-as-partnership-hd.png\" alt=\"No trabajamos para clientes, formamos equipo con ellos.\" width=\"1440\" height=\"1024\" srcset=\"https:\/\/www.goodprofits.online\/wp-content\/uploads\/2021\/06\/working-as-partnership-hd.png 1440w, https:\/\/www.goodprofits.online\/wp-content\/uploads\/2021\/06\/working-as-partnership-hd-300x213.png 300w, https:\/\/www.goodprofits.online\/wp-content\/uploads\/2021\/06\/working-as-partnership-hd-1024x728.png 1024w, https:\/\/www.goodprofits.online\/wp-content\/uploads\/2021\/06\/working-as-partnership-hd-768x546.png 768w\" sizes=\"(max-width: 1440px) 100vw, 1440px\" \/><\/div>\r\n<div id=\"stage2\" class=\"stage-point\" data-bgcolor=\"#d5d5d5\" data-removebodyclass=\"secondary-white\" data-animate=\"fadein from-bt\">\u00a0<\/div>\r\n<\/div>\r\n<\/div>\r\n<!-- ITEM -->\r\n\r\n<!-- ITEM -->\r\n<div class=\"block container-fluid center-relative\">\r\n<div class=\"row section\">\r\n<div class=\"item target col-md-4 col-md-preffix-1\">\r\n\t\t\t<img decoding=\"async\" loading=\"lazy\" src=\"\/wp-content\/uploads\/2021\/09\/service_strategy.png\" alt=\"Estrat\u00e8gia Digital\" width=\"878\" height=\"532\" class=\"alignnone size-full wp-image-565\" srcset=\"https:\/\/www.goodprofits.online\/wp-content\/uploads\/2021\/09\/service_strategy.png 878w, https:\/\/www.goodprofits.online\/wp-content\/uploads\/2021\/09\/service_strategy-300x182.png 300w, https:\/\/www.goodprofits.online\/wp-content\/uploads\/2021\/09\/service_strategy-768x465.png 768w\" sizes=\"(max-width: 878px) 100vw, 878px\" \/>\r\n\t\t<\/div>\r\n\t\t<div class=\"item target col-md-5\">\r\n<h2 class=\"section-subtitle\">Estrat\u00e8gia Digital<\/h2>\r\n<p>Abans d&#8217;invertir en el canal digital necessiteu comptar amb un bon pla: fer una an\u00e0lisi de la situaci\u00f3, entorn web, landing pages i CTA, definir la l\u00ednia editorial i pla de generaci\u00f3 de continguts pels diferents segments objectiu, definir les eines tecnol\u00f2giques i integracions necess\u00e0ries, establir l&#8217;estrat\u00e8gia de generaci\u00f3 de tr\u00e0nsit (SEO, Google ad Grants, social media, publicitat digital) i l&#8217;estrat\u00e8gia d&#8217;email m\u00e0rqueting, definir un quadre de KPIs pel seguiment del projecte, estimar la inversi\u00f3 necess\u00e0ria i el retorn previst. Des de GoodProfits us ajudarem a definir una bona estrat\u00e8gia de fundraising digital.<\/p>\r\n<\/div>\r\n<div id=\"stage3\" class=\"stage-point\" data-bgcolor=\"#d5d5d5\" data-removebodyclass=\"secondary-white\" data-animate=\"fadein from-bt\">\u00a0<\/div>\r\n<\/div>\r\n<\/div>\r\n<!-- ITEM -->\r\n\r\n<!-- ITEM -->\r\n<div class=\"block container-fluid center-relative\">\r\n<div class=\"row section\">\r\n<div class=\"item target col-md-4 col-md-preffix-1\">\r\n\t\t\t<img decoding=\"async\" loading=\"lazy\" src=\"\/wp-content\/uploads\/2021\/09\/service_creativity_content.png\" alt=\"Creativitat, continguts i campanyes\" width=\"878\" height=\"732\" class=\"alignnone size-full wp-image-568\" srcset=\"https:\/\/www.goodprofits.online\/wp-content\/uploads\/2021\/09\/service_creativity_content.png 878w, https:\/\/www.goodprofits.online\/wp-content\/uploads\/2021\/09\/service_creativity_content-300x250.png 300w, https:\/\/www.goodprofits.online\/wp-content\/uploads\/2021\/09\/service_creativity_content-768x640.png 768w\" sizes=\"(max-width: 878px) 100vw, 878px\" \/>\r\n\t\t<\/div>\r\n\t\t<div class=\"item target col-md-5\">\r\n<h2 class=\"section-subtitle\">Creativitat, continguts i campanyes<\/h2>\r\n<p>Tota gran hist\u00f2ria neix d&#8217;una gran idea. En GoodProfits no creiem en extensos documents que teoritzen sobre l&#8217;hum\u00e0 i el div\u00ed. Per\u00f2 s\u00ed en pensar, testejar, observar, aprendre, innovar&#8230; Si voleu que us acompanyem en aquest cam\u00ed, estarem encantats.<\/p>\r\n<p>Per atraure potencials col\u00b7laboradors i fidelitzar la vostra base social, necessitareu molt contingut de qualitat i campanyes memorables. Des de GoodProfits us aportarem peces de contingut que potenci\u00efn la vostra estrat\u00e8gia de m\u00e0rqueting digital: creativitat, c\u00f2pies, grafisme, v\u00eddeos, infografies, banners, ebooks, motion graphics, fotografia, il\u00b7lustraci\u00f3&#8230; Podem produir tot el que necessiteu en contingut digital.<\/p>\r\n<\/div>\r\n<div id=\"stage3\" class=\"stage-point\" data-bgcolor=\"#d5d5d5\" data-removebodyclass=\"secondary-white\" data-animate=\"fadein from-bt\">\u00a0<\/div>\r\n<\/div>\r\n<\/div>\r\n<!-- ITEM -->\r\n\r\n<!-- ITEM -->\r\n<div class=\"block container-fluid center-relative\">\r\n<div class=\"row section\">\r\n<div class=\"item target col-md-4 col-md-preffix-1\">\r\n\t\t\t<img decoding=\"async\" loading=\"lazy\" src=\"\/wp-content\/uploads\/2021\/09\/service_digital_marketing.png\" alt=\"Marketing Digital\" width=\"878\" height=\"642\" class=\"alignnone size-full wp-image-571\" srcset=\"https:\/\/www.goodprofits.online\/wp-content\/uploads\/2021\/09\/service_digital_marketing.png 878w, https:\/\/www.goodprofits.online\/wp-content\/uploads\/2021\/09\/service_digital_marketing-300x219.png 300w, https:\/\/www.goodprofits.online\/wp-content\/uploads\/2021\/09\/service_digital_marketing-768x562.png 768w\" sizes=\"(max-width: 878px) 100vw, 878px\" \/>\r\n\t\t<\/div>\r\n\t\t<div class=\"item target col-md-5\">\r\n<h2 class=\"section-subtitle\">Marketing Digital<\/h2>\r\n<p>Funcionem com una extensi\u00f3 del vostre equip, fomentant la interacci\u00f3 i l&#8217;intercanvi d&#8217;idees. Us ajudem a aplicar la metodologia de l&#8217;inbound m\u00e0rqueting sobre el vostre canal digital: atraure les persones adequades, aconseguir que es vinculin amb la vostra organitzaci\u00f3 i fer que el seu nivell d&#8217;implicaci\u00f3 creixi amb el temps. Amb GoodProfits podreu implementar i optimitzar el vostre customer journey i funnel de conversi\u00f3 digital.<\/p>\r\n<ul class=\"list-content\">\r\n\t<li><strong>SEO:<\/strong> Millorem el vostre posicionament a Google per generar tr\u00e0nsit de qualitat cap a la vostra web.<\/li>\r\n\t<li><strong>Dinamitzaci\u00f3 de xarxes socials:<\/strong> Us ajudem a connectar amb els vostres simpatitzants, a trobar noves persones que donin suport a la causa i a fidelitzar la vostra comunitat.<\/li>\r\n\t<li><strong>Gesti\u00f3 de la publicitat digital i Google Ad Grants:<\/strong> Gestionem la vostra inversi\u00f3 publicit\u00e0ria per extreure el m\u00e0xim rendiment en forma de leads i donatius.<\/li>\r\n\t<li><strong>Email marketing:<\/strong> Implementem processos d&#8217;automatitzaci\u00f3 de m\u00e0rqueting, i us ajudem amb les vostres campanyes i comunicaci\u00f3 per millorar la seva efic\u00e0cia.<\/li>\r\n\t<li><strong>Fidelitzaci\u00f3:<\/strong> Dissenyem i executem estrat\u00e8gies de fidelitzaci\u00f3, automatitzant aquells processos essencials.<\/li>\r\n<\/ul>\r\n<\/div>\r\n<div id=\"stage3\" class=\"stage-point\" data-bgcolor=\"#d5d5d5\" data-removebodyclass=\"secondary-white\" data-animate=\"fadein from-bt\">\u00a0<\/div>\r\n<\/div>\r\n<\/div>\r\n<!-- ITEM -->\r\n\r\n<!-- ITEM -->\r\n<div class=\"block container-fluid center-relative\">\r\n<div class=\"row section\">\r\n<div class=\"item target col-md-4 col-md-preffix-1\">\r\n\t\t\t<img decoding=\"async\" loading=\"lazy\" src=\"\/wp-content\/uploads\/2021\/09\/service_development.png\" alt=\"Desenvolupament web\" width=\"878\" height=\"532\" class=\"alignnone size-full wp-image-562\" srcset=\"https:\/\/www.goodprofits.online\/wp-content\/uploads\/2021\/09\/service_development.png 878w, https:\/\/www.goodprofits.online\/wp-content\/uploads\/2021\/09\/service_development-300x182.png 300w, https:\/\/www.goodprofits.online\/wp-content\/uploads\/2021\/09\/service_development-768x465.png 768w\" sizes=\"(max-width: 878px) 100vw, 878px\" \/>\r\n\t\t<\/div>\r\n\t\t<div class=\"item target col-md-5\">\r\n<h2 class=\"section-subtitle\">Desenvolupament web<\/h2>\r\n<p>\u00c9s important optimitzar el rendiment i l&#8217;experi\u00e8ncia d&#8217;usuari del vostre entorn web perqu\u00e8 all\u00e0 \u00e9s on tenen lloc les principals conversions de qualsevol campanya digital. En GoodProfits desenvolupem webs efica\u00e7os que us ajudaran a incrementar i fidelitzar la vostra base social. Aconseguireu que els vostres visitants web es converteixin en simpatitzants de l&#8217;organitzaci\u00f3, que estableixin un vincle amb vosaltres.<\/p>\r\n<p>La nostra \u00e0mplia experi\u00e8ncia de desenvolupament sobre tot tipus de tecnologies web ens permet adaptar-nos a qualsevol requeriment i mida de projecte.<\/p>\r\n<\/div>\r\n<div id=\"stage3\" class=\"stage-point\" data-bgcolor=\"#d5d5d5\" data-removebodyclass=\"secondary-white\" data-animate=\"fadein from-bt\">\u00a0<\/div>\r\n<\/div>\r\n<\/div>\r\n<!-- ITEM -->\r\n\r\n<!-- ITEM -->\r\n<div class=\"block container-fluid center-relative\">\r\n\t<div class=\"row section\">\r\n\t\t<div class=\"item target col-md-4 col-md-preffix-1\">\r\n\t\t\t<img decoding=\"async\" loading=\"lazy\" src=\"https:\/\/www.goodprofits.online\/wp-content\/uploads\/2022\/01\/technology-integration.png\" alt=\"Digitalizaci\u00f3n e integraci\u00f3n de tecnolog\u00edas\" width=\"724\" height=\"638\" class=\"alignnone size-full wp-image-816\" srcset=\"https:\/\/www.goodprofits.online\/wp-content\/uploads\/2022\/01\/technology-integration.png 724w, https:\/\/www.goodprofits.online\/wp-content\/uploads\/2022\/01\/technology-integration-300x264.png 300w\" sizes=\"(max-width: 724px) 100vw, 724px\" \/>\r\n\t\t<\/div>\r\n\t\t<div class=\"item target col-md-5\">\r\n\t\t\t<h2 class=\"section-subtitle\">Digitalitzaci\u00f3 i integraci\u00f3 de tecnologies<\/h2>\r\n\t\t\t<p>Som experts en m\u00faltiples tecnologies, plataformes de desenvolupament i serveis en el n\u00favol. Aquest coneixement de la tecnologia, i de la seva adequada aplicaci\u00f3 en cada situaci\u00f3, ens converteix en un partner molt valu\u00f3s per a processos de digitalitzaci\u00f3 d\u2019organitzacions i integraci\u00f3 de tecnologies.<\/p>\r\n\t\t\t<p>Dissenyem i integrem productes i serveis digitals centrats en l\u2019usuari. Us ajudem a implementar les solucions que millor s\u2019adapten a la mida i caracter\u00edstiques de la vostra organitzaci\u00f3. Fem que les tecnologies de la informaci\u00f3 es converteixin en un aliat per transformar l\u2019activitat de la vostra organitzaci\u00f3 i fer-la m\u00e9s \u00e0gil, escalable i flexible.<\/p>\r\n\t\t<\/div>\r\n\t\t<div id=\"stage3\" class=\"stage-point\" data-bgcolor=\"#d5d5d5\" data-removebodyclass=\"secondary-white\" data-animate=\"fadein from-bt\"><\/div>\r\n\t<\/div>\r\n<\/div>\r\n<!-- ITEM -->","protected":false},"excerpt":{"rendered":"<p>SERVEIS No treballem per a clients, formem equip amb ells. \u00a0 \u00a0 Versatilitat, cura \u200bi atenci\u00f3 als detalls L&#8217;entorn digital requereix un profund coneixement de diferents disciplines: m\u00e0rqueting, comunicaci\u00f3, tecnologia, disseny, experi\u00e8ncia d&#8217;usuari, creativitat, publicitat digital &#8230; Des de GoodProfits us oferim un ventall de solucions que cobrir\u00e0 totes les vostres necessitats en el canal [&hellip;]<\/p>\n","protected":false},"author":2,"featured_media":0,"parent":0,"menu_order":0,"comment_status":"closed","ping_status":"closed","template":"_tmp-page-services.php","meta":[],"tags":[],"yoast_head":"<!-- This site is optimized with the Yoast SEO plugin v20.0 - https:\/\/yoast.com\/wordpress\/plugins\/seo\/ -->\n<title>GoodProfits - Serveis<\/title>\n<meta name=\"description\" content=\"- Serveis - GoodProfits\" \/>\n<meta name=\"robots\" content=\"index, follow, max-snippet:-1, max-image-preview:large, max-video-preview:-1\" \/>\n<link rel=\"canonical\" href=\"https:\/\/www.goodprofits.online\/ca\/serveis\/\" \/>\n<meta property=\"og:locale\" content=\"ca_ES\" \/>\n<meta property=\"og:type\" content=\"article\" \/>\n<meta property=\"og:title\" content=\"GoodProfits - Serveis\" \/>\n<meta property=\"og:description\" content=\"- Serveis - GoodProfits\" \/>\n<meta property=\"og:url\" content=\"https:\/\/www.goodprofits.online\/ca\/serveis\/\" \/>\n<meta property=\"og:site_name\" content=\"GoodProfits\" \/>\n<meta property=\"article:modified_time\" content=\"2022-01-27T16:41:04+00:00\" \/>\n<meta property=\"og:image\" content=\"https:\/\/www.goodprofits.online\/wp-content\/uploads\/2021\/06\/working-as-partnership-hd.png\" \/>\n<meta name=\"twitter:card\" content=\"summary_large_image\" \/>\n<meta name=\"twitter:site\" content=\"@GoodProfitsOn\" \/>\n<script type=\"application\/ld+json\" class=\"yoast-schema-graph\">{\"@context\":\"https:\/\/schema.org\",\"@graph\":[{\"@type\":\"WebPage\",\"@id\":\"https:\/\/www.goodprofits.online\/ca\/serveis\/\",\"url\":\"https:\/\/www.goodprofits.online\/ca\/serveis\/\",\"name\":\"GoodProfits - Serveis\",\"isPartOf\":{\"@id\":\"https:\/\/www.goodprofits.online\/ca\/#website\"},\"datePublished\":\"2021-06-16T10:09:47+00:00\",\"dateModified\":\"2022-01-27T16:41:04+00:00\",\"description\":\"- Serveis - GoodProfits\",\"breadcrumb\":{\"@id\":\"https:\/\/www.goodprofits.online\/ca\/serveis\/#breadcrumb\"},\"inLanguage\":\"ca\",\"potentialAction\":[{\"@type\":\"ReadAction\",\"target\":[\"https:\/\/www.goodprofits.online\/ca\/serveis\/\"]}]},{\"@type\":\"BreadcrumbList\",\"@id\":\"https:\/\/www.goodprofits.online\/ca\/serveis\/#breadcrumb\",\"itemListElement\":[{\"@type\":\"ListItem\",\"position\":1,\"name\":\"Home\",\"item\":\"https:\/\/www.goodprofits.online\/ca\/\"},{\"@type\":\"ListItem\",\"position\":2,\"name\":\"Serveis\"}]},{\"@type\":\"WebSite\",\"@id\":\"https:\/\/www.goodprofits.online\/ca\/#website\",\"url\":\"https:\/\/www.goodprofits.online\/ca\/\",\"name\":\"GoodProfits fundraising digital\",\"description\":\"Digital Fundraising\",\"publisher\":{\"@id\":\"https:\/\/www.goodprofits.online\/ca\/#organization\"},\"potentialAction\":[{\"@type\":\"SearchAction\",\"target\":{\"@type\":\"EntryPoint\",\"urlTemplate\":\"https:\/\/www.goodprofits.online\/ca\/?s={search_term_string}\"},\"query-input\":\"required name=search_term_string\"}],\"inLanguage\":\"ca\"},{\"@type\":\"Organization\",\"@id\":\"https:\/\/www.goodprofits.online\/ca\/#organization\",\"name\":\"GoodProfits Online\",\"url\":\"https:\/\/www.goodprofits.online\/ca\/\",\"logo\":{\"@type\":\"ImageObject\",\"inLanguage\":\"ca\",\"@id\":\"https:\/\/www.goodprofits.online\/ca\/#\/schema\/logo\/image\/\",\"url\":\"https:\/\/www.goodprofits.online\/wp-content\/uploads\/2023\/01\/LogoImago-B-Red_Gsuite.png\",\"contentUrl\":\"https:\/\/www.goodprofits.online\/wp-content\/uploads\/2023\/01\/LogoImago-B-Red_Gsuite.png\",\"width\":320,\"height\":68,\"caption\":\"GoodProfits Online\"},\"image\":{\"@id\":\"https:\/\/www.goodprofits.online\/ca\/#\/schema\/logo\/image\/\"},\"sameAs\":[\"https:\/\/www.linkedin.com\/company\/goodprofitsonline\/\",\"https:\/\/twitter.com\/GoodProfitsOn\"]}]}<\/script>\n<!-- \/ Yoast SEO plugin. -->","yoast_head_json":{"title":"GoodProfits - Serveis","description":"- Serveis - GoodProfits","robots":{"index":"index","follow":"follow","max-snippet":"max-snippet:-1","max-image-preview":"max-image-preview:large","max-video-preview":"max-video-preview:-1"},"canonical":"https:\/\/www.goodprofits.online\/ca\/serveis\/","og_locale":"ca_ES","og_type":"article","og_title":"GoodProfits - Serveis","og_description":"- Serveis - GoodProfits","og_url":"https:\/\/www.goodprofits.online\/ca\/serveis\/","og_site_name":"GoodProfits","article_modified_time":"2022-01-27T16:41:04+00:00","og_image":[{"url":"https:\/\/www.goodprofits.online\/wp-content\/uploads\/2021\/06\/working-as-partnership-hd.png"}],"twitter_card":"summary_large_image","twitter_site":"@GoodProfitsOn","schema":{"@context":"https:\/\/schema.org","@graph":[{"@type":"WebPage","@id":"https:\/\/www.goodprofits.online\/ca\/serveis\/","url":"https:\/\/www.goodprofits.online\/ca\/serveis\/","name":"GoodProfits - Serveis","isPartOf":{"@id":"https:\/\/www.goodprofits.online\/ca\/#website"},"datePublished":"2021-06-16T10:09:47+00:00","dateModified":"2022-01-27T16:41:04+00:00","description":"- Serveis - GoodProfits","breadcrumb":{"@id":"https:\/\/www.goodprofits.online\/ca\/serveis\/#breadcrumb"},"inLanguage":"ca","potentialAction":[{"@type":"ReadAction","target":["https:\/\/www.goodprofits.online\/ca\/serveis\/"]}]},{"@type":"BreadcrumbList","@id":"https:\/\/www.goodprofits.online\/ca\/serveis\/#breadcrumb","itemListElement":[{"@type":"ListItem","position":1,"name":"Home","item":"https:\/\/www.goodprofits.online\/ca\/"},{"@type":"ListItem","position":2,"name":"Serveis"}]},{"@type":"WebSite","@id":"https:\/\/www.goodprofits.online\/ca\/#website","url":"https:\/\/www.goodprofits.online\/ca\/","name":"GoodProfits fundraising digital","description":"Digital Fundraising","publisher":{"@id":"https:\/\/www.goodprofits.online\/ca\/#organization"},"potentialAction":[{"@type":"SearchAction","target":{"@type":"EntryPoint","urlTemplate":"https:\/\/www.goodprofits.online\/ca\/?s={search_term_string}"},"query-input":"required name=search_term_string"}],"inLanguage":"ca"},{"@type":"Organization","@id":"https:\/\/www.goodprofits.online\/ca\/#organization","name":"GoodProfits Online","url":"https:\/\/www.goodprofits.online\/ca\/","logo":{"@type":"ImageObject","inLanguage":"ca","@id":"https:\/\/www.goodprofits.online\/ca\/#\/schema\/logo\/image\/","url":"https:\/\/www.goodprofits.online\/wp-content\/uploads\/2023\/01\/LogoImago-B-Red_Gsuite.png","contentUrl":"https:\/\/www.goodprofits.online\/wp-content\/uploads\/2023\/01\/LogoImago-B-Red_Gsuite.png","width":320,"height":68,"caption":"GoodProfits Online"},"image":{"@id":"https:\/\/www.goodprofits.online\/ca\/#\/schema\/logo\/image\/"},"sameAs":["https:\/\/www.linkedin.com\/company\/goodprofitsonline\/","https:\/\/twitter.com\/GoodProfitsOn"]}]}},"_links":{"self":[{"href":"https:\/\/www.goodprofits.online\/ca\/wp-json\/wp\/v2\/pages\/355"}],"collection":[{"href":"https:\/\/www.goodprofits.online\/ca\/wp-json\/wp\/v2\/pages"}],"about":[{"href":"https:\/\/www.goodprofits.online\/ca\/wp-json\/wp\/v2\/types\/page"}],"author":[{"embeddable":true,"href":"https:\/\/www.goodprofits.online\/ca\/wp-json\/wp\/v2\/users\/2"}],"replies":[{"embeddable":true,"href":"https:\/\/www.goodprofits.online\/ca\/wp-json\/wp\/v2\/comments?post=355"}],"version-history":[{"count":5,"href":"https:\/\/www.goodprofits.online\/ca\/wp-json\/wp\/v2\/pages\/355\/revisions"}],"predecessor-version":[{"id":831,"href":"https:\/\/www.goodprofits.online\/ca\/wp-json\/wp\/v2\/pages\/355\/revisions\/831"}],"wp:attachment":[{"href":"https:\/\/www.goodprofits.online\/ca\/wp-json\/wp\/v2\/media?parent=355"}],"wp:term":[{"taxonomy":"post_tag","embeddable":true,"href":"https:\/\/www.goodprofits.online\/ca\/wp-json\/wp\/v2\/tags?post=355"}],"curies":[{"name":"wp","href":"https:\/\/api.w.org\/{rel}","templated":true}]}}