{"id":335,"date":"2021-06-13T17:42:49","date_gmt":"2021-06-13T17:42:49","guid":{"rendered":"https:\/\/www.goodprofits.online\/?page_id=335"},"modified":"2023-02-02T16:15:42","modified_gmt":"2023-02-02T16:15:42","slug":"agencia","status":"publish","type":"page","link":"https:\/\/www.goodprofits.online\/ca\/agencia\/","title":{"rendered":"Ag\u00e8ncia"},"content":{"rendered":"<!-- ITEM -->\r\n<div id=\"agency-intro\" class=\"section block\">\r\n<div class=\"block full-width target row center-relative\">\r\n<div class=\"col-md-7 col-md-preffix-5\">\r\n<h2 class=\"section-title\" style=\"color: #fff;\">AG\u00c8NCIA<\/h2>\r\n<h1 class=\"big-title\">Pot ser m\u00e0gia, per\u00f2 segur que no \u00e9s sort<\/h1>\r\n<\/div>\r\n<\/div>\r\n<div class=\"clear\">\u00a0<\/div>\r\n<div id=\"stage1\" class=\"stage-point\" data-bgcolor=\"#FF0068\" data-bodyclass=\"primary-accent\" data-animate=\"fadein from-bt\">\u00a0<\/div>\r\n<\/div>\r\n<!-- ITEM -->\r\n<div class=\"agency block container-fluid center-relative\">\r\n<div class=\"row section\">\r\n<div class=\"item target col-md-5 col-md-preffix-5\">\r\n<p>La sort de fer anys, i acumular experi\u00e8ncia, \u00e9s que acabes coneixent moltes persones espectaculars. I la col\u00b7laboraci\u00f3 genera projectes meravellosos. GoodProfits neix aix\u00ed, de l&#8217;experi\u00e8ncia compartida d&#8217;un grup de professionals amb una llarga traject\u00f2ria en el m\u00f3n del fundraising, el m\u00e0rqueting digital i la tecnologia.<\/p>\r\n<\/div>\r\n<div class=\"item col-md-8 col-md-preffix-2\"><img decoding=\"async\" loading=\"lazy\" class=\"alignnone size-full wp-image-206 brand-image\" src=\"https:\/\/www.goodprofits.online\/wp-content\/uploads\/2021\/06\/perhaps-magic-not-lucky-hd.png\" alt=\"Puede que sea magia, pero seguro que no es suerte.\" width=\"1440\" height=\"1024\" srcset=\"https:\/\/www.goodprofits.online\/wp-content\/uploads\/2021\/06\/perhaps-magic-not-lucky-hd.png 1440w, https:\/\/www.goodprofits.online\/wp-content\/uploads\/2021\/06\/perhaps-magic-not-lucky-hd-300x213.png 300w, https:\/\/www.goodprofits.online\/wp-content\/uploads\/2021\/06\/perhaps-magic-not-lucky-hd-1024x728.png 1024w, https:\/\/www.goodprofits.online\/wp-content\/uploads\/2021\/06\/perhaps-magic-not-lucky-hd-768x546.png 768w\" sizes=\"(max-width: 1440px) 100vw, 1440px\" \/><\/div>\r\n<div id=\"stage2\" class=\"stage-point\" data-bgcolor=\"#d5d5d5\" data-removebodyclass=\"primary-accent\" data-animate=\"fadein from-bt\">\u00a0<\/div>\r\n<\/div>\r\n<\/div>\r\n<!-- ITEM -->\r\n<!-- ITEM -->\r\n<div class=\"agency block container-fluid center-relative\">\r\n<div class=\"row section\">\r\n<div class=\"item target col-md-5 col-md-preffix-5\">\r\n<p>La nostra vocaci\u00f3 \u00e9s ajudar a les organitzacions a connectar amb les persones. Estem conven\u00e7uts que la creativitat marca la difer\u00e8ncia i ens apassiona veure com les bones idees neixen, creixen, es reprodueixen i no moren mai. Som la soluci\u00f3 ideal per impulsar la teva causa perqu\u00e8 nom\u00e9s sabem bolcar-nos en el que fem. Compartim esfor\u00e7 amb vosaltres i ens impliquem en el creixement de la vostra organitzaci\u00f3.<\/p>\r\n<p>Us oferim experi\u00e8ncia, coneixement, comprom\u00eds i il\u00b7lusi\u00f3 a parts iguals.<\/p>\r\n<\/div>\r\n<div id=\"stage2\" class=\"stage-point\" data-bgcolor=\"#d5d5d5\" data-removebodyclass=\"primary-accent\" data-animate=\"fadein from-bt\">\u00a0<\/div>\r\n<\/div>\r\n<\/div>\r\n<!-- ITEM -->\r\n<!-- ITEM -->\r\n<div class=\"team block container-fluid center-relative\">\r\n\t<div class=\"row section\">\r\n\t\t<div class=\"item target col-md-8 col-md-preffix-2\">\r\n\t\t\t<h2 class=\"h2-title\">L&#8217;equip<\/h2>\r\n\t\t<\/div>\r\n\t\t<div class=\"item target col-md-8 col-md-preffix-2\">\r\n\t\t\t<ul>\r\n\t\t\t\t<li class=\"member\"><div class=\"image-cropper\"><img decoding=\"async\" loading=\"lazy\" src=\"\/wp-content\/uploads\/2021\/09\/ibon_bn.jpg\" alt=\"Ibon Orrantia\" width=\"400\" height=\"395\" class=\"alignnone size-full wp-image-123\" \/><\/div><span><strong>Ibon Orrantia<\/strong><\/span><span>Fundador i CEO<\/span><a href=\"https:\/\/www.linkedin.com\/in\/ibonorrantia\/\">\r\n\t\t\t\t<svg xmlns=\"http:\/\/www.w3.org\/2000\/svg\" xmlns:xlink=\"http:\/\/www.w3.org\/1999\/xlink\" width=\"23px\" height=\"21px\" viewBox=\"0 0 23 21\" version=\"1.1\"><g stroke=\"none\" stroke-width=\"1\" fill=\"none\" fill-rule=\"evenodd\"><defs><style>.fill-red {fill: #FF0068;}<\/style>\r\n                                    <\/defs><g><g><path class=\"fill-red\" d=\"M0.561006083,6.49779342 L4.89824666,6.49779342 L4.89824666,20.2631579 L0.561006083,20.2631579 L0.561006083,6.49779342 Z M16.7487461,6.365469 C19.8312634,6.365469 22.2532413,8.34550146 22.2532413,12.6094896 L22.2532413,20.2631579 L17.335088,20.2631579 L17.335088,13.1399957 C17.335088,11.2753694 16.5659667,10.0022756 14.8739,10.0022756 C13.5799666,10.0022756 12.8603104,10.861478 12.5255165,11.6892609 C12.4000441,11.9865376 12.4193476,12.4004291 12.4193476,12.8143205 L12.4193476,20.2631579 L7.5470399,20.2631579 C7.5470399,20.2631579 7.60977606,7.64520923 7.5470399,6.49779342 L12.4193476,6.49779342 L12.4193476,8.65848797 C12.7070894,7.71348621 14.2640321,6.365469 16.7487461,6.365469 Z M2.64939647,0 C4.24977189,0 5.23364385,1.02778004 5.26501193,2.38606902 C5.26501193,3.71958492 4.24977189,4.77576336 2.61923485,4.77576336 L2.58786677,4.77576336 C1.0182562,4.77576336 1.93267624e-12,3.72381447 1.93267624e-12,2.38969434 C1.93267624e-12,1.03019693 1.04781459,0 2.64939647,0 Z\" id=\"Linkedin\"><\/path><\/g><\/g><\/g><\/svg><\/a><\/li>\r\n\t\t\t\t<li class=\"member\"><div class=\"image-cropper\"><img decoding=\"async\" loading=\"lazy\" src=\"\/wp-content\/uploads\/2021\/09\/esther_color.jpg\" alt=\"Esther Buide\" width=\"400\" height=\"395\" class=\"alignnone size-full wp-image-123\" \/><\/div><span><strong>Esther Buide<\/strong><\/span><span>Fundadora i Executiva de comptes<\/span><a href=\"https:\/\/www.linkedin.com\/in\/esther-buide-b3712612\/\">\r\n\t\t\t\t<svg xmlns=\"http:\/\/www.w3.org\/2000\/svg\" xmlns:xlink=\"http:\/\/www.w3.org\/1999\/xlink\" width=\"23px\" height=\"21px\" viewBox=\"0 0 23 21\" version=\"1.1\"><g stroke=\"none\" stroke-width=\"1\" fill=\"none\" fill-rule=\"evenodd\"><defs><style>.fill-red {fill: #FF0068;}<\/style>\r\n                                    <\/defs><g><g><path class=\"fill-red\" d=\"M0.561006083,6.49779342 L4.89824666,6.49779342 L4.89824666,20.2631579 L0.561006083,20.2631579 L0.561006083,6.49779342 Z M16.7487461,6.365469 C19.8312634,6.365469 22.2532413,8.34550146 22.2532413,12.6094896 L22.2532413,20.2631579 L17.335088,20.2631579 L17.335088,13.1399957 C17.335088,11.2753694 16.5659667,10.0022756 14.8739,10.0022756 C13.5799666,10.0022756 12.8603104,10.861478 12.5255165,11.6892609 C12.4000441,11.9865376 12.4193476,12.4004291 12.4193476,12.8143205 L12.4193476,20.2631579 L7.5470399,20.2631579 C7.5470399,20.2631579 7.60977606,7.64520923 7.5470399,6.49779342 L12.4193476,6.49779342 L12.4193476,8.65848797 C12.7070894,7.71348621 14.2640321,6.365469 16.7487461,6.365469 Z M2.64939647,0 C4.24977189,0 5.23364385,1.02778004 5.26501193,2.38606902 C5.26501193,3.71958492 4.24977189,4.77576336 2.61923485,4.77576336 L2.58786677,4.77576336 C1.0182562,4.77576336 1.93267624e-12,3.72381447 1.93267624e-12,2.38969434 C1.93267624e-12,1.03019693 1.04781459,0 2.64939647,0 Z\" id=\"Linkedin\"><\/path><\/g><\/g><\/g><\/svg><\/a><\/li>\r\n\t\t\t\t<li class=\"member\"><div class=\"image-cropper\"><img decoding=\"async\" loading=\"lazy\" src=\"\/wp-content\/uploads\/2021\/09\/daniel_color.jpg\" alt=\"Daniel Cuenca\" width=\"400\" height=\"395\" class=\"alignnone size-full wp-image-123\" \/><\/div><span><strong>Daniel Cuenca<\/strong><\/span><span>Fundador i CTO<\/span><a href=\"https:\/\/www.linkedin.com\/in\/daniel-cuenca\/\">\r\n\t\t\t\t<svg xmlns=\"http:\/\/www.w3.org\/2000\/svg\" xmlns:xlink=\"http:\/\/www.w3.org\/1999\/xlink\" width=\"23px\" height=\"21px\" viewBox=\"0 0 23 21\" version=\"1.1\"><g stroke=\"none\" stroke-width=\"1\" fill=\"none\" fill-rule=\"evenodd\"><defs><style>.fill-red {fill: #FF0068;}<\/style>\r\n                                    <\/defs><g><g><path class=\"fill-red\" d=\"M0.561006083,6.49779342 L4.89824666,6.49779342 L4.89824666,20.2631579 L0.561006083,20.2631579 L0.561006083,6.49779342 Z M16.7487461,6.365469 C19.8312634,6.365469 22.2532413,8.34550146 22.2532413,12.6094896 L22.2532413,20.2631579 L17.335088,20.2631579 L17.335088,13.1399957 C17.335088,11.2753694 16.5659667,10.0022756 14.8739,10.0022756 C13.5799666,10.0022756 12.8603104,10.861478 12.5255165,11.6892609 C12.4000441,11.9865376 12.4193476,12.4004291 12.4193476,12.8143205 L12.4193476,20.2631579 L7.5470399,20.2631579 C7.5470399,20.2631579 7.60977606,7.64520923 7.5470399,6.49779342 L12.4193476,6.49779342 L12.4193476,8.65848797 C12.7070894,7.71348621 14.2640321,6.365469 16.7487461,6.365469 Z M2.64939647,0 C4.24977189,0 5.23364385,1.02778004 5.26501193,2.38606902 C5.26501193,3.71958492 4.24977189,4.77576336 2.61923485,4.77576336 L2.58786677,4.77576336 C1.0182562,4.77576336 1.93267624e-12,3.72381447 1.93267624e-12,2.38969434 C1.93267624e-12,1.03019693 1.04781459,0 2.64939647,0 Z\" id=\"Linkedin\"><\/path><\/g><\/g><\/g><\/svg><\/a><\/li>\r\n\t\t\t\t\t\t\t\t\t<li class=\"member\"><div class=\"image-cropper\"><img decoding=\"async\" loading=\"lazy\" src=\"\/wp-content\/uploads\/2022\/05\/geo_bn.jpg\" alt=\"Georgina Zamora\" width=\"400\" height=\"395\" class=\"alignnone size-full wp-image-123\" \/><\/div><span><strong>Georgina Zamora<\/strong><\/span><span>Inbound Marketing Specialist<\/span><\/li>\r\n\t\t\t\t\t\t\t\t\t<li class=\"member\"><div class=\"image-cropper\"><img decoding=\"async\" loading=\"lazy\" src=\"\/wp-content\/uploads\/2022\/05\/laura_bn.jpg\" alt=\"Laura Hidalgo\" width=\"400\" height=\"395\" class=\"alignnone size-full wp-image-123\" \/><\/div><span><strong>Laura Hidalgo<\/strong><\/span><span>Inbound Marketing Specialist<\/span><\/li>\r\n\t\t\t\t\t\t\t\t\t<li class=\"member\"><div class=\"image-cropper\"><img decoding=\"async\" loading=\"lazy\" src=\"\/wp-content\/uploads\/2022\/05\/elena_bn.jpg\" alt=\"Elena Domingo\" width=\"400\" height=\"395\" class=\"alignnone size-full wp-image-123\" \/><\/div><span><strong>Elena Domingo<\/strong><\/span><span>Inbound Marketing Specialist<\/span><\/li>\r\n\t\t\t\t\t\t\t\t\t<li class=\"member\"><div class=\"image-cropper\"><img decoding=\"async\" loading=\"lazy\" src=\"\/wp-content\/uploads\/2022\/05\/eva_bn.jpg\" alt=\"Eva Tudela\" width=\"400\" height=\"395\" class=\"alignnone size-full wp-image-123\" \/><\/div><span><strong>Eva Tudela<\/strong><\/span><span>Creativity and Copywriting<\/span><\/li>\r\n\t\t\t\t\t\t\t\t\t<li class=\"member\"><div class=\"image-cropper\"><img decoding=\"async\" loading=\"lazy\" src=\"\/wp-content\/uploads\/2022\/05\/roger_bn.jpg\" alt=\"Roger Gangolells\" width=\"400\" height=\"395\" class=\"alignnone size-full wp-image-123\" \/><\/div><span><strong>Roger Gangolells<\/strong><\/span><span>Analytics Specialist<\/span><\/li>\r\n\t\t\t\t\t\t\t\t\t<li class=\"member\"><div class=\"image-cropper\"><img decoding=\"async\" loading=\"lazy\" src=\"https:\/\/www.goodprofits.online\/wp-content\/uploads\/2022\/01\/isaias_bn.jpg\" alt=\"Isa\u00edas Subero\" width=\"1024\" height=\"1025\" class=\"alignnone size-full wp-image-851\" srcset=\"https:\/\/www.goodprofits.online\/wp-content\/uploads\/2022\/01\/isaias_bn.jpg 1024w, https:\/\/www.goodprofits.online\/wp-content\/uploads\/2022\/01\/isaias_bn-300x300.jpg 300w, https:\/\/www.goodprofits.online\/wp-content\/uploads\/2022\/01\/isaias_bn-768x769.jpg 768w\" sizes=\"(max-width: 1024px) 100vw, 1024px\" \/><\/div><span><strong>Isa\u00edas Subero<\/strong><\/span><span>Fullstack Developer<\/span><\/li>\r\n\t\t\t\t\t\t\t\t\t<li class=\"member\"><div class=\"image-cropper\"><img decoding=\"async\" loading=\"lazy\" src=\"\/wp-content\/uploads\/2022\/05\/cesar_bn.jpg\" alt=\"C\u00e9sar G\u00f3mez\" width=\"400\" height=\"395\" class=\"alignnone size-full wp-image-123\" \/><\/div><span><strong>C\u00e9sar G\u00f3mez<\/strong><\/span><span>Backend Developer<\/span><\/li>\r\n\t\t\t\t\t\t\t\t\t<li class=\"member\"><div class=\"image-cropper\"><img decoding=\"async\" loading=\"lazy\" src=\"\/wp-content\/uploads\/2022\/05\/carlos_bn.jpg\" alt=\"Carlos Ruiz\" width=\"400\" height=\"395\" class=\"alignnone size-full wp-image-123\" \/><\/div><span><strong>Carlos Ruiz<\/strong><\/span><span>WordPress Developer<\/span><\/li>\r\n\t\t\t\t\t\t\t\t\t<li class=\"member\"><div class=\"image-cropper\"><img decoding=\"async\" loading=\"lazy\" src=\"\/wp-content\/uploads\/2022\/05\/miquel_bn.jpg\" alt=\"Miguel Morales\" width=\"400\" height=\"395\" class=\"alignnone size-full wp-image-123\" \/><\/div><span><strong>Miguel Morales<\/strong><\/span><span>Lead Developer<\/span><\/li>\r\n\t\t\t\t\t\t\t\t\t\r\n\t\t\t<\/ul>\r\n\t\t<\/div>\r\n\t\t<div id=\"stage2\" class=\"stage-point\" data-bgcolor=\"#d5d5d5\" data-removebodyclass=\"primary-accent\" data-animate=\"fadein from-bt\"><\/div>\r\n\t<\/div>\r\n<\/div>\r\n<!-- ITEM -->","protected":false},"excerpt":{"rendered":"<p>AG\u00c8NCIA Pot ser m\u00e0gia, per\u00f2 segur que no \u00e9s sort \u00a0 \u00a0 La sort de fer anys, i acumular experi\u00e8ncia, \u00e9s que acabes coneixent moltes persones espectaculars. I la col\u00b7laboraci\u00f3 genera projectes meravellosos. GoodProfits neix aix\u00ed, de l&#8217;experi\u00e8ncia compartida d&#8217;un grup de professionals amb una llarga traject\u00f2ria en el m\u00f3n del fundraising, el m\u00e0rqueting digital [&hellip;]<\/p>\n","protected":false},"author":2,"featured_media":0,"parent":0,"menu_order":0,"comment_status":"closed","ping_status":"closed","template":"_tmp-page-about.php","meta":[],"tags":[],"yoast_head":"<!-- This site is optimized with the Yoast SEO plugin v20.0 - https:\/\/yoast.com\/wordpress\/plugins\/seo\/ -->\n<title>GoodProfits - Ag\u00e8ncia<\/title>\n<meta name=\"description\" content=\"- Ag\u00e8ncia - GoodProfits\" \/>\n<meta name=\"robots\" content=\"index, follow, max-snippet:-1, max-image-preview:large, max-video-preview:-1\" \/>\n<link rel=\"canonical\" href=\"https:\/\/www.goodprofits.online\/ca\/agencia\/\" \/>\n<meta property=\"og:locale\" content=\"ca_ES\" \/>\n<meta property=\"og:type\" content=\"article\" \/>\n<meta property=\"og:title\" content=\"GoodProfits - Ag\u00e8ncia\" \/>\n<meta property=\"og:description\" content=\"- Ag\u00e8ncia - GoodProfits\" \/>\n<meta property=\"og:url\" content=\"https:\/\/www.goodprofits.online\/ca\/agencia\/\" \/>\n<meta property=\"og:site_name\" content=\"GoodProfits\" \/>\n<meta property=\"article:modified_time\" content=\"2023-02-02T16:15:42+00:00\" \/>\n<meta property=\"og:image\" content=\"https:\/\/www.goodprofits.online\/wp-content\/uploads\/2021\/06\/perhaps-magic-not-lucky-hd.png\" \/>\n<meta name=\"twitter:card\" content=\"summary_large_image\" \/>\n<meta name=\"twitter:site\" content=\"@GoodProfitsOn\" \/>\n<script type=\"application\/ld+json\" class=\"yoast-schema-graph\">{\"@context\":\"https:\/\/schema.org\",\"@graph\":[{\"@type\":\"WebPage\",\"@id\":\"https:\/\/www.goodprofits.online\/ca\/agencia\/\",\"url\":\"https:\/\/www.goodprofits.online\/ca\/agencia\/\",\"name\":\"GoodProfits - Ag\u00e8ncia\",\"isPartOf\":{\"@id\":\"https:\/\/www.goodprofits.online\/ca\/#website\"},\"datePublished\":\"2021-06-13T17:42:49+00:00\",\"dateModified\":\"2023-02-02T16:15:42+00:00\",\"description\":\"- Ag\u00e8ncia - GoodProfits\",\"breadcrumb\":{\"@id\":\"https:\/\/www.goodprofits.online\/ca\/agencia\/#breadcrumb\"},\"inLanguage\":\"ca\",\"potentialAction\":[{\"@type\":\"ReadAction\",\"target\":[\"https:\/\/www.goodprofits.online\/ca\/agencia\/\"]}]},{\"@type\":\"BreadcrumbList\",\"@id\":\"https:\/\/www.goodprofits.online\/ca\/agencia\/#breadcrumb\",\"itemListElement\":[{\"@type\":\"ListItem\",\"position\":1,\"name\":\"Home\",\"item\":\"https:\/\/www.goodprofits.online\/ca\/\"},{\"@type\":\"ListItem\",\"position\":2,\"name\":\"Ag\u00e8ncia\"}]},{\"@type\":\"WebSite\",\"@id\":\"https:\/\/www.goodprofits.online\/ca\/#website\",\"url\":\"https:\/\/www.goodprofits.online\/ca\/\",\"name\":\"GoodProfits fundraising digital\",\"description\":\"Digital Fundraising\",\"publisher\":{\"@id\":\"https:\/\/www.goodprofits.online\/ca\/#organization\"},\"potentialAction\":[{\"@type\":\"SearchAction\",\"target\":{\"@type\":\"EntryPoint\",\"urlTemplate\":\"https:\/\/www.goodprofits.online\/ca\/?s={search_term_string}\"},\"query-input\":\"required name=search_term_string\"}],\"inLanguage\":\"ca\"},{\"@type\":\"Organization\",\"@id\":\"https:\/\/www.goodprofits.online\/ca\/#organization\",\"name\":\"GoodProfits Online\",\"url\":\"https:\/\/www.goodprofits.online\/ca\/\",\"logo\":{\"@type\":\"ImageObject\",\"inLanguage\":\"ca\",\"@id\":\"https:\/\/www.goodprofits.online\/ca\/#\/schema\/logo\/image\/\",\"url\":\"https:\/\/www.goodprofits.online\/wp-content\/uploads\/2023\/01\/LogoImago-B-Red_Gsuite.png\",\"contentUrl\":\"https:\/\/www.goodprofits.online\/wp-content\/uploads\/2023\/01\/LogoImago-B-Red_Gsuite.png\",\"width\":320,\"height\":68,\"caption\":\"GoodProfits Online\"},\"image\":{\"@id\":\"https:\/\/www.goodprofits.online\/ca\/#\/schema\/logo\/image\/\"},\"sameAs\":[\"https:\/\/www.linkedin.com\/company\/goodprofitsonline\/\",\"https:\/\/twitter.com\/GoodProfitsOn\"]}]}<\/script>\n<!-- \/ Yoast SEO plugin. -->","yoast_head_json":{"title":"GoodProfits - Ag\u00e8ncia","description":"- Ag\u00e8ncia - GoodProfits","robots":{"index":"index","follow":"follow","max-snippet":"max-snippet:-1","max-image-preview":"max-image-preview:large","max-video-preview":"max-video-preview:-1"},"canonical":"https:\/\/www.goodprofits.online\/ca\/agencia\/","og_locale":"ca_ES","og_type":"article","og_title":"GoodProfits - Ag\u00e8ncia","og_description":"- Ag\u00e8ncia - GoodProfits","og_url":"https:\/\/www.goodprofits.online\/ca\/agencia\/","og_site_name":"GoodProfits","article_modified_time":"2023-02-02T16:15:42+00:00","og_image":[{"url":"https:\/\/www.goodprofits.online\/wp-content\/uploads\/2021\/06\/perhaps-magic-not-lucky-hd.png"}],"twitter_card":"summary_large_image","twitter_site":"@GoodProfitsOn","schema":{"@context":"https:\/\/schema.org","@graph":[{"@type":"WebPage","@id":"https:\/\/www.goodprofits.online\/ca\/agencia\/","url":"https:\/\/www.goodprofits.online\/ca\/agencia\/","name":"GoodProfits - Ag\u00e8ncia","isPartOf":{"@id":"https:\/\/www.goodprofits.online\/ca\/#website"},"datePublished":"2021-06-13T17:42:49+00:00","dateModified":"2023-02-02T16:15:42+00:00","description":"- Ag\u00e8ncia - GoodProfits","breadcrumb":{"@id":"https:\/\/www.goodprofits.online\/ca\/agencia\/#breadcrumb"},"inLanguage":"ca","potentialAction":[{"@type":"ReadAction","target":["https:\/\/www.goodprofits.online\/ca\/agencia\/"]}]},{"@type":"BreadcrumbList","@id":"https:\/\/www.goodprofits.online\/ca\/agencia\/#breadcrumb","itemListElement":[{"@type":"ListItem","position":1,"name":"Home","item":"https:\/\/www.goodprofits.online\/ca\/"},{"@type":"ListItem","position":2,"name":"Ag\u00e8ncia"}]},{"@type":"WebSite","@id":"https:\/\/www.goodprofits.online\/ca\/#website","url":"https:\/\/www.goodprofits.online\/ca\/","name":"GoodProfits fundraising digital","description":"Digital Fundraising","publisher":{"@id":"https:\/\/www.goodprofits.online\/ca\/#organization"},"potentialAction":[{"@type":"SearchAction","target":{"@type":"EntryPoint","urlTemplate":"https:\/\/www.goodprofits.online\/ca\/?s={search_term_string}"},"query-input":"required name=search_term_string"}],"inLanguage":"ca"},{"@type":"Organization","@id":"https:\/\/www.goodprofits.online\/ca\/#organization","name":"GoodProfits Online","url":"https:\/\/www.goodprofits.online\/ca\/","logo":{"@type":"ImageObject","inLanguage":"ca","@id":"https:\/\/www.goodprofits.online\/ca\/#\/schema\/logo\/image\/","url":"https:\/\/www.goodprofits.online\/wp-content\/uploads\/2023\/01\/LogoImago-B-Red_Gsuite.png","contentUrl":"https:\/\/www.goodprofits.online\/wp-content\/uploads\/2023\/01\/LogoImago-B-Red_Gsuite.png","width":320,"height":68,"caption":"GoodProfits Online"},"image":{"@id":"https:\/\/www.goodprofits.online\/ca\/#\/schema\/logo\/image\/"},"sameAs":["https:\/\/www.linkedin.com\/company\/goodprofitsonline\/","https:\/\/twitter.com\/GoodProfitsOn"]}]}},"_links":{"self":[{"href":"https:\/\/www.goodprofits.online\/ca\/wp-json\/wp\/v2\/pages\/335"}],"collection":[{"href":"https:\/\/www.goodprofits.online\/ca\/wp-json\/wp\/v2\/pages"}],"about":[{"href":"https:\/\/www.goodprofits.online\/ca\/wp-json\/wp\/v2\/types\/page"}],"author":[{"embeddable":true,"href":"https:\/\/www.goodprofits.online\/ca\/wp-json\/wp\/v2\/users\/2"}],"replies":[{"embeddable":true,"href":"https:\/\/www.goodprofits.online\/ca\/wp-json\/wp\/v2\/comments?post=335"}],"version-history":[{"count":15,"href":"https:\/\/www.goodprofits.online\/ca\/wp-json\/wp\/v2\/pages\/335\/revisions"}],"predecessor-version":[{"id":1657,"href":"https:\/\/www.goodprofits.online\/ca\/wp-json\/wp\/v2\/pages\/335\/revisions\/1657"}],"wp:attachment":[{"href":"https:\/\/www.goodprofits.online\/ca\/wp-json\/wp\/v2\/media?parent=335"}],"wp:term":[{"taxonomy":"post_tag","embeddable":true,"href":"https:\/\/www.goodprofits.online\/ca\/wp-json\/wp\/v2\/tags?post=335"}],"curies":[{"name":"wp","href":"https:\/\/api.w.org\/{rel}","templated":true}]}}