{"id":329,"date":"2021-06-13T17:37:06","date_gmt":"2021-06-13T17:37:06","guid":{"rendered":"https:\/\/www.goodprofits.online\/?page_id=329"},"modified":"2022-01-24T12:34:17","modified_gmt":"2022-01-24T12:34:17","slug":"homepage","status":"publish","type":"page","link":"https:\/\/www.goodprofits.online\/ca\/","title":{"rendered":"Homepage"},"content":{"rendered":"<p><!-- BLOCK --><\/p>\r\n<div id=\"intro\" class=\"main-section section block\">\r\n<div class=\"block full-width target row center-relative\">\r\n<div class=\"col-md-7 col-md-preffix-5\">\r\n<h2 class=\"section-title\">AG\u00c8NCIA DE FUNDRAISING DIGITAL<\/h2>\r\n<h1 class=\"big-title\">Ajudem a les organitzacions a connectar amb les persones.<\/h1>\r\n<p class=\"intro\">Som la soluci\u00f3 ideal per impulsar la teva causa.<\/p>\r\n<p class=\"intro\"><a class=\"page-link\" href=\"\/ca\/serveis\">Descubreix com ho fem<\/a><\/p>\r\n<\/div>\r\n<div class=\"col-md-10 col-md-preffix-2\"><img decoding=\"async\" loading=\"lazy\" class=\"alignnone size-full wp-image-200 brand-image\" src=\"https:\/\/www.goodprofits.online\/wp-content\/uploads\/2021\/06\/helping-organizations-hd.png\" alt=\"Ayudamos a las organizaciones a conectar con las personas.\" width=\"1440\" height=\"1024\" srcset=\"https:\/\/www.goodprofits.online\/wp-content\/uploads\/2021\/06\/helping-organizations-hd.png 1440w, https:\/\/www.goodprofits.online\/wp-content\/uploads\/2021\/06\/helping-organizations-hd-300x213.png 300w, https:\/\/www.goodprofits.online\/wp-content\/uploads\/2021\/06\/helping-organizations-hd-1024x728.png 1024w, https:\/\/www.goodprofits.online\/wp-content\/uploads\/2021\/06\/helping-organizations-hd-768x546.png 768w\" sizes=\"(max-width: 1440px) 100vw, 1440px\" \/><\/div>\r\n<\/div>\r\n<div class=\"clear\">\u00a0<\/div>\r\n<div id=\"stage1\" class=\"stage-point\" data-bgcolor=\"#F5F5F5\" data-animate=\"fadein from-bt\">\u00a0<\/div>\r\n<\/div>\r\n<p><!-- BLOCK --><\/p>\r\n<div class=\"section block\">\r\n<div class=\"block full-width target row center-relative\">\r\n<div class=\"col-md-7 col-md-preffix-5\">\r\n<h1 class=\"big-title\">Pot ser m\u00e0gia, per\u00f2 segur que no \u00e9s sort.<\/h1>\r\n<p class=\"intro\">GoodProfits neix de l&#8217;experi\u00e8ncia compartida d&#8217;un grup de professionals amb una llarga traject\u00f2ria en el m\u00f3n del fundraising, el m\u00e0rqueting digital i la tecnologia.<\/p>\r\n<p class=\"intro\"><a class=\"page-link\" href=\"\/ca\/agencia\/\">Vols saber m\u00e9s sobre nosaltres?<\/a><\/p>\r\n<\/div>\r\n<div class=\"col-md-10 col-md-preffix-2\"><img decoding=\"async\" loading=\"lazy\" class=\"alignnone size-full wp-image-206 brand-image\" src=\"https:\/\/www.goodprofits.online\/wp-content\/uploads\/2021\/06\/perhaps-magic-not-lucky-hd.png\" alt=\"Puede que sea magia, pero seguro que no es suerte.\" width=\"1440\" height=\"1024\" srcset=\"https:\/\/www.goodprofits.online\/wp-content\/uploads\/2021\/06\/perhaps-magic-not-lucky-hd.png 1440w, https:\/\/www.goodprofits.online\/wp-content\/uploads\/2021\/06\/perhaps-magic-not-lucky-hd-300x213.png 300w, https:\/\/www.goodprofits.online\/wp-content\/uploads\/2021\/06\/perhaps-magic-not-lucky-hd-1024x728.png 1024w, https:\/\/www.goodprofits.online\/wp-content\/uploads\/2021\/06\/perhaps-magic-not-lucky-hd-768x546.png 768w\" sizes=\"(max-width: 1440px) 100vw, 1440px\" \/><\/div>\r\n<\/div>\r\n<div class=\"clear\">\u00a0<\/div>\r\n<div id=\"stage1\" class=\"stage-point\" data-bgcolor=\"#FFD600\" data-animate=\"fadein from-bt\">\u00a0<\/div>\r\n<\/div>\r\n<p><!-- BLOCK --><\/p>\r\n<div class=\"section block\">\r\n<div class=\"block full-width target row center-relative\">\r\n<div class=\"col-md-7 col-md-preffix-5\">\r\n<h1 class=\"big-title\">Fem que la tecnologia contribueixi a l&#8217;\u00e8xit de la teva causa.<\/h1>\r\n<p class=\"intro\">La tecnologia no pot ser un l\u00edmit per a la teva organitzaci\u00f3. Us facilitem les eines que realment necessiteu, adaptades a la vostra situaci\u00f3 i recursos.<\/p>\r\n<p class=\"intro\"><a class=\"page-link\" href=\"\/ca\/tecnologia\/\">M\u00e9s informaci\u00f3<\/a><\/p>\r\n<\/div>\r\n<div class=\"col-md-10 col-md-preffix-2\"><img decoding=\"async\" loading=\"lazy\" class=\"alignnone size-full wp-image-209 brand-image\" src=\"https:\/\/www.goodprofits.online\/wp-content\/uploads\/2021\/06\/technology-for-success-hd.png\" alt=\"Hacemos que la tecnolog\u00eda contribuya al \u00e9xito de tu causa.\" width=\"1440\" height=\"1024\" srcset=\"https:\/\/www.goodprofits.online\/wp-content\/uploads\/2021\/06\/technology-for-success-hd.png 1440w, https:\/\/www.goodprofits.online\/wp-content\/uploads\/2021\/06\/technology-for-success-hd-300x213.png 300w, https:\/\/www.goodprofits.online\/wp-content\/uploads\/2021\/06\/technology-for-success-hd-1024x728.png 1024w, https:\/\/www.goodprofits.online\/wp-content\/uploads\/2021\/06\/technology-for-success-hd-768x546.png 768w\" sizes=\"(max-width: 1440px) 100vw, 1440px\" \/><\/div>\r\n<\/div>\r\n<div class=\"clear\">\u00a0<\/div>\r\n<div id=\"stage1\" class=\"stage-point\" data-bgcolor=\"#3AD2B5\" data-bodyclass=\"over-green\" data-animate=\"fadein from-bt\">\u00a0<\/div>\r\n<\/div>\r\n<p><!-- BLOCK --><\/p>\r\n<div class=\"section block\">\r\n<div class=\"block full-width target row center-relative\">\r\n<div class=\"col-md-7 col-md-preffix-5\">\r\n<h1 class=\"big-title\">No treballem per a clients, formem equip amb ells.<\/h1>\r\n<p class=\"intro\">Nom\u00e9s sabem bolcar-nos en el que fem. Compartim esfor\u00e7 amb vosaltres i ens impliquem en el creixement de la vostra entitat.<\/p>\r\n<p class=\"intro\"><a class=\"page-link\" href=\"\/ca\/projectes\/\">Veure Projectes<\/a><\/p>\r\n<\/div>\r\n<div class=\"col-md-10 col-md-preffix-2\"><img decoding=\"async\" loading=\"lazy\" class=\"alignnone size-full wp-image-212 brand-image\" src=\"https:\/\/www.goodprofits.online\/wp-content\/uploads\/2021\/06\/working-as-partnership-hd.png\" alt=\"No trabajamos para clientes, formamos equipo con ellos.\" width=\"1440\" height=\"1024\" srcset=\"https:\/\/www.goodprofits.online\/wp-content\/uploads\/2021\/06\/working-as-partnership-hd.png 1440w, https:\/\/www.goodprofits.online\/wp-content\/uploads\/2021\/06\/working-as-partnership-hd-300x213.png 300w, https:\/\/www.goodprofits.online\/wp-content\/uploads\/2021\/06\/working-as-partnership-hd-1024x728.png 1024w, https:\/\/www.goodprofits.online\/wp-content\/uploads\/2021\/06\/working-as-partnership-hd-768x546.png 768w\" sizes=\"(max-width: 1440px) 100vw, 1440px\" \/><\/div>\r\n<\/div>\r\n<div class=\"clear\">\u00a0<\/div>\r\n<div id=\"stage1\" class=\"stage-point\" data-bgcolor=\"#FF0068\" data-bodyclass=\"over-red\" data-animate=\"fadein from-bt\">\u00a0<\/div>\r\n<\/div>\r\n<p><!-- BLOCK -->\r\n<div id=\"testimonials\" class=\"clear section container block\">\r\n<div class=\"row target\">\r\n<div class=\"col-md-8 col-md-preffix-2\">\r\n<h2 class=\"h2-title\">Qu\u00e8 diuen de nosaltres<\/h2>\r\n<\/div>\r\n<div class=\"col-md-8 col-md-preffix-2 relative\">\r\n<div class=\"owl-carousel owl-theme\">\r\n<div class=\"item\">\r\n<div class=\"row\">\r\n<div class=\"col-md-6 col-md-preffix-3\">\r\n<p>\u00abLa combinaci\u00f3 de coneixements tecnol\u00f2gics, de comunicaci\u00f3 i marketing fan de GoodProfits un partner estrat\u00e8gic. A m\u00e9s, coneixen la realitat del tercer sector i ens ajuden a prendre decisions.\u00bb<\/p>\r\n<h4>\u00cdRIA SAA, DIRECTORA DE COMUNICACI\u00d3 I FUNDRAISING EN FUNDACI\u00d3 ESCLEROSI M\u00daLTIPLE<\/h4>\r\n<\/div>\r\n<\/div>\r\n<\/div>\r\n<div class=\"item\">\r\n<div class=\"row\">\r\n<div class=\"col-md-6 col-md-preffix-3\">\r\n<p>\u00abComen\u00e7ar amb el marketing digital de la m\u00e0 de professionals com els de l\u2019equip de GoodProfits et dona molta tranquil\u00b7litat per la transpar\u00e8ncia, la confian\u00e7a i el coneixement que tenen del mitj\u00e0.\u00bb<\/p>\r\n<h4>JOSEP HEREDIA, DIRECTOR en THE RICKY RUBIO FOUNDATION<\/h4>\r\n<\/div>\r\n<\/div>\r\n<\/div>\r\n<div class=\"item\">\r\n<div class=\"row\">\r\n<div class=\"col-md-6 col-md-preffix-3\"><p>\u00abAl llarg dels anys, sempre treballen els projectes amb il\u00b7lusi\u00f3 i detall. Sempre enfocats a assolir els objectius definits. Aquesta gent \u00e9s una bona opci\u00f3.\u00bb<\/p>\r\n<h4>Oleguer Serra, CEO en \u00d2mnium Cultural<\/h4>\r\n<\/div>\r\n<\/div>\r\n<\/div>\r\n<div class=\"item\">\r\n<div class=\"row\">\r\n<div class=\"col-md-6 col-md-preffix-3\">\r\n<p>\u00abOfereixen\u00a0l\u2019equilibri adequat de professionalitat, creativitat i servei al client per satisfer les nostres necessitats. Sempre escolten atentament i ens aporten idees noves\u00bb<\/p>\r\n<h4>Anna Roig, directora de comunicaci\u00f3 i fundraising en C\u00e0ritas de Barcelona<\/h4>\r\n<\/div>\r\n<\/div>\r\n<\/div>\r\n<div class=\"item\">\r\n<div class=\"row\">\r\n<div class=\"col-md-6 col-md-preffix-3\">\r\n<p>\u00abEls companys de GoodProfits s\u00f3n una bona opci\u00f3 per a qualsevol organitzaci\u00f3 sense \u00e0nim de lucre, gran o petita. Treballen amb transpar\u00e8ncia, realisme, experi\u00e8ncia i un important coneixement de les t\u00e8cniques i metodologies que ajuden a fer cr\u00e9ixer les organitzacions..\u00bb<\/p>\r\n<h4>PEDRO \u00c1LVAREZ, CONSULTOR i PROMOTOR de SinergiaCRM<\/h4>\r\n<\/div>\r\n<\/div>\r\n<\/div>\r\n<div class=\"item\">\r\n<div class=\"row\">\r\n<div class=\"col-md-6 col-md-preffix-3\">\r\n<p>\u00abSempre \u00e9s un plaer treballar amb GoodProfits. Una gent professional i innovadora que s\u2019implica al 100% amb els projectes i facilita molt la col\u00b7laboraci\u00f3\u00bb<\/p>\r\n<h4>VIRG\u00cdNIA GARCIA, ADJUNTA A DIRECCI\u00d3 DE FUNDACI\u00d3 LLARS DE L'AMISTAT<\/h4>\r\n<\/div>\r\n<\/div>\r\n<\/div>\r\n<div class=\"item\">\r\n<div class=\"row\">\r\n<div class=\"col-md-6 col-md-preffix-3\">\r\n<p>\u00abNo nom\u00e9s ens aporten serveis de fundraising digital, tamb\u00e9 ens acompanyen en el proc\u00e9s d'aprenentatge que suposa fer una aposta decidida pel canal digital.\u00bb<\/p>\r\n<h4>JOAN REVENT\u00d3S, DIRECTOR en FUNDACI\u00d3 K\u0100LIDA<\/h4>\r\n<\/div>\r\n<\/div>\r\n<\/div>\r\n<div class=\"item\">\r\n<div class=\"row\">\r\n<div class=\"col-md-6 col-md-preffix-3\">\r\n<p>\u00abA part dels seus coneixements, jo destacaria el comprom\u00eds de l'equip de GoodProfits. Fan seus els projectes i s'impliquen perqu\u00e8 funcionin.\u00bb<\/p>\r\n<h4>TON BARNILS, DIRECTOR en CENTRE EXCURSIONISTA DE CATALUNYA<\/h4>\r\n<\/div>\r\n<\/div>\r\n<\/div>\r\n<\/div>\r\n<\/div>\r\n<\/div>\r\n<div class=\"clear\">\u00a0<\/div>\r\n<div id=\"stage2\" class=\"stage-point\" data-bgcolor=\"#d5d5d5\" data-animate=\"fadein\">\u00a0<\/div>\r\n<\/div><br \/>\r\n<!-- BLOCK --><\/p>\r\n<div id=\"lastests-posts\" class=\"clear section full-width container block\">\r\n<div class=\"row target\">\r\n<div class=\"col-md-10 col-md-preffix-1\">\r\n<h2 class=\"h2-title\">Darrers posts<\/h2>\r\n<\/div>\r\n<div class=\"col-md-10 col-md-preffix-1\"><ul class=\"owl-carousel owl-theme display-posts-listing\"><li class=\"listing-item\"><a class=\"image\" href=\"https:\/\/www.goodprofits.online\/ca\/ponents-en-el-congres-de-fundraising-digital-de-la-aefr\/\"><img width=\"1199\" height=\"808\" src=\"https:\/\/www.goodprofits.online\/wp-content\/uploads\/2022\/06\/xx-congreso-a.jpg\" class=\"attachment-default size-default wp-post-image\" alt=\"\" decoding=\"async\" loading=\"lazy\" srcset=\"https:\/\/www.goodprofits.online\/wp-content\/uploads\/2022\/06\/xx-congreso-a.jpg 1199w, https:\/\/www.goodprofits.online\/wp-content\/uploads\/2022\/06\/xx-congreso-a-300x202.jpg 300w, https:\/\/www.goodprofits.online\/wp-content\/uploads\/2022\/06\/xx-congreso-a-1024x690.jpg 1024w, https:\/\/www.goodprofits.online\/wp-content\/uploads\/2022\/06\/xx-congreso-a-768x518.jpg 768w\" sizes=\"(max-width: 1199px) 100vw, 1199px\" \/><\/a> <a class=\"title\" href=\"https:\/\/www.goodprofits.online\/ca\/ponents-en-el-congres-de-fundraising-digital-de-la-aefr\/\">Ponents en el Congr\u00e9s de Fundraising Digital de la AEFr<\/a> <span class=\"excerpt-dash\">-<\/span> <span class=\"excerpt\">El nostre CEO, Ibon Orrantia, ha participat com a ponent en el #XXCongresoFundraising organitzat per la Asociaci\u00f3n Espa\u00f1ola de Fundraising (AEFR) per explicar els avantatges de desenvolupar una comunitat online. La seva&hellip; <span class=\"excerpt-more\"><\/span><\/span><span class=\"link\"><a href=\"https:\/\/www.goodprofits.online\/ca\/ponents-en-el-congres-de-fundraising-digital-de-la-aefr\/\" class=\"page-link\">Llegeix m\u00e9s...<\/a><\/li><li class=\"listing-item\"><a class=\"image\" href=\"https:\/\/www.goodprofits.online\/ca\/comunidad-em-fundacio-esclerosi-multiple\/\"><img width=\"1200\" height=\"800\" src=\"https:\/\/www.goodprofits.online\/wp-content\/uploads\/2022\/03\/comunidad-fem-3-1200x800-1.jpg\" class=\"attachment-default size-default wp-post-image\" alt=\"\" decoding=\"async\" loading=\"lazy\" srcset=\"https:\/\/www.goodprofits.online\/wp-content\/uploads\/2022\/03\/comunidad-fem-3-1200x800-1.jpg 1200w, https:\/\/www.goodprofits.online\/wp-content\/uploads\/2022\/03\/comunidad-fem-3-1200x800-1-300x200.jpg 300w, https:\/\/www.goodprofits.online\/wp-content\/uploads\/2022\/03\/comunidad-fem-3-1200x800-1-1024x683.jpg 1024w, https:\/\/www.goodprofits.online\/wp-content\/uploads\/2022\/03\/comunidad-fem-3-1200x800-1-768x512.jpg 768w\" sizes=\"(max-width: 1200px) 100vw, 1200px\" \/><\/a> <a class=\"title\" href=\"https:\/\/www.goodprofits.online\/ca\/comunidad-em-fundacio-esclerosi-multiple\/\">Comunitat EM Per a la Fundaci\u00f3 Esclerosi M\u00faltiple<\/a> <span class=\"excerpt-dash\">-<\/span> <span class=\"excerpt\">En GoodProfits creiem que construir una comunitat en l\u00ednia entorn d'una organitzaci\u00f3 \u00e9s fonamental perqu\u00e8 tingui \u00e8xit en la seva estrat\u00e8gia de Inbound M\u00e0rqueting. I com el moviment es demostra caminant, avui&hellip; <span class=\"excerpt-more\"><\/span><\/span><span class=\"link\"><a href=\"https:\/\/www.goodprofits.online\/ca\/comunidad-em-fundacio-esclerosi-multiple\/\" class=\"page-link\">Llegeix m\u00e9s...<\/a><\/li><li class=\"listing-item\"><a class=\"image\" href=\"https:\/\/www.goodprofits.online\/ca\/automatizacion-marketing-fundraising-digital\/\"><img width=\"1200\" height=\"800\" src=\"https:\/\/www.goodprofits.online\/wp-content\/uploads\/2022\/05\/automation-mkt-img-1-1200x800-1.jpg\" class=\"attachment-default size-default wp-post-image\" alt=\"\" decoding=\"async\" loading=\"lazy\" srcset=\"https:\/\/www.goodprofits.online\/wp-content\/uploads\/2022\/05\/automation-mkt-img-1-1200x800-1.jpg 1200w, https:\/\/www.goodprofits.online\/wp-content\/uploads\/2022\/05\/automation-mkt-img-1-1200x800-1-300x200.jpg 300w, https:\/\/www.goodprofits.online\/wp-content\/uploads\/2022\/05\/automation-mkt-img-1-1200x800-1-1024x683.jpg 1024w, https:\/\/www.goodprofits.online\/wp-content\/uploads\/2022\/05\/automation-mkt-img-1-1200x800-1-768x512.jpg 768w\" sizes=\"(max-width: 1200px) 100vw, 1200px\" \/><\/a> <a class=\"title\" href=\"https:\/\/www.goodprofits.online\/ca\/automatizacion-marketing-fundraising-digital\/\">Automatitzaci\u00f3 de marketing per al teu fundraising digital<\/a> <span class=\"excerpt-dash\">-<\/span> <span class=\"excerpt\">L'automatitzaci\u00f3 de marketing t'ajudar\u00e0 a extreure m\u00e9s rendiment de les campanyes de fundraising digital i, a m\u00e9s, t'ajudar\u00e0 a estalviar temps. Com a responsable de fundraising tens el repte de posar en&hellip; <span class=\"excerpt-more\"><\/span><\/span><span class=\"link\"><a href=\"https:\/\/www.goodprofits.online\/ca\/automatizacion-marketing-fundraising-digital\/\" class=\"page-link\">Llegeix m\u00e9s...<\/a><\/li><\/ul><\/div>\r\n<\/div>\r\n<div class=\"clear\">\u00a0<\/div>\r\n<div id=\"stage1\" class=\"stage-point\" data-bgcolor=\"#3AD2B5\" data-bodyclass=\"over-green\" data-animate=\"fadein from-bt\">\u00a0<\/div>\r\n<\/div>\r\n<p><!-- @Clients --><\/p>\r\n<div id=\"clients\" class=\"clear section section-bg full-width container block\">\r\n<div class=\"container\">\r\n<div class=\"row target fadein active\">\n    <div class=\"item col-md-3\"><img src=\"\/wp-content\/uploads\/assets\/logo-caritas-good.png\" title=\"C\u00e1ritas Barcelona\" alt=\"C\u00e1ritas Barcelona\"><\/div>\n    <div class=\"item col-md-3\"><img src=\"\/wp-content\/uploads\/assets\/logo-cec-good.png\" title=\"Centre Excursionista de Catalunya\" alt=\"Centre Excursionista de Catalunya\"><\/div>\n    <div class=\"item col-md-3\"><img src=\"\/wp-content\/uploads\/assets\/logo-amicsgentgran.png\" title=\"Amics de la gent gran\" alt=\"Amics de la gent gran\"><\/div>\n    <div class=\"item col-md-3\"><img src=\"\/wp-content\/uploads\/assets\/logo-fem-good.png\" title=\"Fundaci\u00f3 Esclerosi M\u00faltiple\" alt=\"Fundaci\u00f3 Esclerosi M\u00faltiple\"><\/div>\n    <div class=\"item col-md-3\"><img src=\"\/wp-content\/uploads\/assets\/logo-gencat-good.png\" title=\"Generalitat de Catalunya\" alt=\"Generalitat de Catalunya\"><\/div>\n    <div class=\"item col-md-3\"><img src=\"\/wp-content\/uploads\/assets\/logo-kalida-good.png\" title=\"Fundaci\u00f3 K\u0101lida\" alt=\"Fundaci\u00f3 K\u0101lida\"><\/div>\n    <div class=\"item col-md-3\"><img src=\"\/wp-content\/uploads\/assets\/logo-sjd-good.png\" title=\"Obra Social Sant Joan de D\u00e9u\" alt=\"Obra Social Sant Joan de D\u00e9u\"><\/div>\n    <div class=\"item col-md-3\"><img src=\"\/wp-content\/uploads\/assets\/logo-creaf-good.png\" title=\"CREAF\" alt=\"CREAF\"><\/div>\n    <div class=\"item col-md-3\"><img src=\"\/wp-content\/uploads\/assets\/logo-omnium-good.png\" title=\"\u00d2mnium Cultural\" alt=\"\u00d2mnium Cultural\"><\/div>\n    <div class=\"item col-md-3\"><img src=\"\/wp-content\/uploads\/assets\/logo-trrf_i.png\" title=\"The Ricky Rubio Foundation\" alt=\"The Ricky Rubio Foundation\"><\/div>\n    <div class=\"item col-md-3\"><img src=\"\/wp-content\/uploads\/assets\/logo-oncolliga_i.png\" title=\"Fundaci\u00f3 Oncollliga\" alt=\"Fundaci\u00f3 Oncollliga\"><\/div>\n    <div class=\"item col-md-3\"><img src=\"\/wp-content\/uploads\/assets\/logo-amistat-good.png\" title=\"Fundaci\u00f3 Llars de l'Amistat Chesire\" alt=\"Fundaci\u00f3 Llars de l'Amistat Chesire\"><\/div>\n<\/div>\r\n<div class=\"clear\">\u00a0<\/div>\r\n<div id=\"stage4\" class=\"stage-point faster\" data-bgcolor=\"#d5d5d5\" data-animate=\"fadein\">\u00a0<\/div>\r\n<\/div>\r\n<\/div>\r\n<p><!-- @Contact --><\/p>\r\n<div id=\"contact\" class=\"clear section container-fluid block\">\r\n<div class=\"row target fadein active\">\r\n<div class=\"col-md-8 col-md-preffix-2\">\r\n<h2 class=\"h2-title\">Contacta amb nosaltres<\/h2>\r\n<\/div>\r\n<div class=\"col-md-8 col-md-preffix-2 relative center-text\">\r\n<p>Si has arribat fins aqu\u00ed, potser ens haur\u00edem de con\u00e8ixer.<\/p>\r\n<p><a class=\"page-link center-text\" href=\"\/ca\/contacte\/\">Anar al formulari de contacte<\/a><\/p>\r\n<\/div>\r\n<\/div>\r\n<div class=\"clear\">\u00a0<\/div>\r\n<div id=\"stage2\" class=\"stage-point\" data-animate=\"fadein\">\u00a0<\/div>\r\n<\/div>","protected":false},"excerpt":{"rendered":"<p>AG\u00c8NCIA DE FUNDRAISING DIGITAL Ajudem a les organitzacions a connectar amb les persones. Som la soluci\u00f3 ideal per impulsar la teva causa. Descubreix com ho fem \u00a0 \u00a0 Pot ser m\u00e0gia, per\u00f2 segur que no \u00e9s sort. GoodProfits neix de l&#8217;experi\u00e8ncia compartida d&#8217;un grup de professionals amb una llarga traject\u00f2ria en el m\u00f3n del fundraising, [&hellip;]<\/p>\n","protected":false},"author":2,"featured_media":0,"parent":0,"menu_order":0,"comment_status":"closed","ping_status":"open","template":"_tmp-page-frontpage.php","meta":[],"tags":[],"yoast_head":"<!-- This site is optimized with the Yoast SEO plugin v20.0 - https:\/\/yoast.com\/wordpress\/plugins\/seo\/ -->\n<title>GoodProfits - Homepage<\/title>\n<meta name=\"description\" content=\"- Homepage - GoodProfits\" \/>\n<meta name=\"robots\" content=\"index, follow, max-snippet:-1, max-image-preview:large, max-video-preview:-1\" \/>\n<link rel=\"canonical\" href=\"https:\/\/www.goodprofits.online\/ca\/\" \/>\n<meta property=\"og:locale\" content=\"ca_ES\" \/>\n<meta property=\"og:type\" content=\"article\" \/>\n<meta property=\"og:title\" content=\"GoodProfits - Homepage\" \/>\n<meta property=\"og:description\" content=\"- Homepage - GoodProfits\" \/>\n<meta property=\"og:url\" content=\"https:\/\/www.goodprofits.online\/ca\/\" \/>\n<meta property=\"og:site_name\" content=\"GoodProfits\" \/>\n<meta property=\"article:modified_time\" content=\"2022-01-24T12:34:17+00:00\" \/>\n<meta property=\"og:image\" content=\"https:\/\/www.goodprofits.online\/wp-content\/uploads\/2021\/06\/helping-organizations-hd.png\" \/>\n<meta name=\"twitter:card\" content=\"summary_large_image\" \/>\n<meta name=\"twitter:site\" content=\"@GoodProfitsOn\" \/>\n<script type=\"application\/ld+json\" class=\"yoast-schema-graph\">{\"@context\":\"https:\/\/schema.org\",\"@graph\":[{\"@type\":\"WebPage\",\"@id\":\"https:\/\/www.goodprofits.online\/ca\/\",\"url\":\"https:\/\/www.goodprofits.online\/ca\/\",\"name\":\"GoodProfits - Homepage\",\"isPartOf\":{\"@id\":\"https:\/\/www.goodprofits.online\/ca\/#website\"},\"datePublished\":\"2021-06-13T17:37:06+00:00\",\"dateModified\":\"2022-01-24T12:34:17+00:00\",\"description\":\"- Homepage - GoodProfits\",\"breadcrumb\":{\"@id\":\"https:\/\/www.goodprofits.online\/ca\/#breadcrumb\"},\"inLanguage\":\"ca\",\"potentialAction\":[{\"@type\":\"ReadAction\",\"target\":[\"https:\/\/www.goodprofits.online\/ca\/\"]}]},{\"@type\":\"BreadcrumbList\",\"@id\":\"https:\/\/www.goodprofits.online\/ca\/#breadcrumb\",\"itemListElement\":[{\"@type\":\"ListItem\",\"position\":1,\"name\":\"Home\",\"item\":\"https:\/\/www.goodprofits.online\/ca\/\"},{\"@type\":\"ListItem\",\"position\":2,\"name\":\"Homepage\"}]},{\"@type\":\"WebSite\",\"@id\":\"https:\/\/www.goodprofits.online\/ca\/#website\",\"url\":\"https:\/\/www.goodprofits.online\/ca\/\",\"name\":\"GoodProfits fundraising digital\",\"description\":\"Digital Fundraising\",\"publisher\":{\"@id\":\"https:\/\/www.goodprofits.online\/ca\/#organization\"},\"potentialAction\":[{\"@type\":\"SearchAction\",\"target\":{\"@type\":\"EntryPoint\",\"urlTemplate\":\"https:\/\/www.goodprofits.online\/ca\/?s={search_term_string}\"},\"query-input\":\"required name=search_term_string\"}],\"inLanguage\":\"ca\"},{\"@type\":\"Organization\",\"@id\":\"https:\/\/www.goodprofits.online\/ca\/#organization\",\"name\":\"GoodProfits Online\",\"url\":\"https:\/\/www.goodprofits.online\/ca\/\",\"logo\":{\"@type\":\"ImageObject\",\"inLanguage\":\"ca\",\"@id\":\"https:\/\/www.goodprofits.online\/ca\/#\/schema\/logo\/image\/\",\"url\":\"https:\/\/www.goodprofits.online\/wp-content\/uploads\/2023\/01\/LogoImago-B-Red_Gsuite.png\",\"contentUrl\":\"https:\/\/www.goodprofits.online\/wp-content\/uploads\/2023\/01\/LogoImago-B-Red_Gsuite.png\",\"width\":320,\"height\":68,\"caption\":\"GoodProfits Online\"},\"image\":{\"@id\":\"https:\/\/www.goodprofits.online\/ca\/#\/schema\/logo\/image\/\"},\"sameAs\":[\"https:\/\/www.linkedin.com\/company\/goodprofitsonline\/\",\"https:\/\/twitter.com\/GoodProfitsOn\"]}]}<\/script>\n<!-- \/ Yoast SEO plugin. -->","yoast_head_json":{"title":"GoodProfits - Homepage","description":"- Homepage - GoodProfits","robots":{"index":"index","follow":"follow","max-snippet":"max-snippet:-1","max-image-preview":"max-image-preview:large","max-video-preview":"max-video-preview:-1"},"canonical":"https:\/\/www.goodprofits.online\/ca\/","og_locale":"ca_ES","og_type":"article","og_title":"GoodProfits - Homepage","og_description":"- Homepage - GoodProfits","og_url":"https:\/\/www.goodprofits.online\/ca\/","og_site_name":"GoodProfits","article_modified_time":"2022-01-24T12:34:17+00:00","og_image":[{"url":"https:\/\/www.goodprofits.online\/wp-content\/uploads\/2021\/06\/helping-organizations-hd.png"}],"twitter_card":"summary_large_image","twitter_site":"@GoodProfitsOn","schema":{"@context":"https:\/\/schema.org","@graph":[{"@type":"WebPage","@id":"https:\/\/www.goodprofits.online\/ca\/","url":"https:\/\/www.goodprofits.online\/ca\/","name":"GoodProfits - Homepage","isPartOf":{"@id":"https:\/\/www.goodprofits.online\/ca\/#website"},"datePublished":"2021-06-13T17:37:06+00:00","dateModified":"2022-01-24T12:34:17+00:00","description":"- Homepage - GoodProfits","breadcrumb":{"@id":"https:\/\/www.goodprofits.online\/ca\/#breadcrumb"},"inLanguage":"ca","potentialAction":[{"@type":"ReadAction","target":["https:\/\/www.goodprofits.online\/ca\/"]}]},{"@type":"BreadcrumbList","@id":"https:\/\/www.goodprofits.online\/ca\/#breadcrumb","itemListElement":[{"@type":"ListItem","position":1,"name":"Home","item":"https:\/\/www.goodprofits.online\/ca\/"},{"@type":"ListItem","position":2,"name":"Homepage"}]},{"@type":"WebSite","@id":"https:\/\/www.goodprofits.online\/ca\/#website","url":"https:\/\/www.goodprofits.online\/ca\/","name":"GoodProfits fundraising digital","description":"Digital Fundraising","publisher":{"@id":"https:\/\/www.goodprofits.online\/ca\/#organization"},"potentialAction":[{"@type":"SearchAction","target":{"@type":"EntryPoint","urlTemplate":"https:\/\/www.goodprofits.online\/ca\/?s={search_term_string}"},"query-input":"required name=search_term_string"}],"inLanguage":"ca"},{"@type":"Organization","@id":"https:\/\/www.goodprofits.online\/ca\/#organization","name":"GoodProfits Online","url":"https:\/\/www.goodprofits.online\/ca\/","logo":{"@type":"ImageObject","inLanguage":"ca","@id":"https:\/\/www.goodprofits.online\/ca\/#\/schema\/logo\/image\/","url":"https:\/\/www.goodprofits.online\/wp-content\/uploads\/2023\/01\/LogoImago-B-Red_Gsuite.png","contentUrl":"https:\/\/www.goodprofits.online\/wp-content\/uploads\/2023\/01\/LogoImago-B-Red_Gsuite.png","width":320,"height":68,"caption":"GoodProfits Online"},"image":{"@id":"https:\/\/www.goodprofits.online\/ca\/#\/schema\/logo\/image\/"},"sameAs":["https:\/\/www.linkedin.com\/company\/goodprofitsonline\/","https:\/\/twitter.com\/GoodProfitsOn"]}]}},"_links":{"self":[{"href":"https:\/\/www.goodprofits.online\/ca\/wp-json\/wp\/v2\/pages\/329"}],"collection":[{"href":"https:\/\/www.goodprofits.online\/ca\/wp-json\/wp\/v2\/pages"}],"about":[{"href":"https:\/\/www.goodprofits.online\/ca\/wp-json\/wp\/v2\/types\/page"}],"author":[{"embeddable":true,"href":"https:\/\/www.goodprofits.online\/ca\/wp-json\/wp\/v2\/users\/2"}],"replies":[{"embeddable":true,"href":"https:\/\/www.goodprofits.online\/ca\/wp-json\/wp\/v2\/comments?post=329"}],"version-history":[{"count":9,"href":"https:\/\/www.goodprofits.online\/ca\/wp-json\/wp\/v2\/pages\/329\/revisions"}],"predecessor-version":[{"id":774,"href":"https:\/\/www.goodprofits.online\/ca\/wp-json\/wp\/v2\/pages\/329\/revisions\/774"}],"wp:attachment":[{"href":"https:\/\/www.goodprofits.online\/ca\/wp-json\/wp\/v2\/media?parent=329"}],"wp:term":[{"taxonomy":"post_tag","embeddable":true,"href":"https:\/\/www.goodprofits.online\/ca\/wp-json\/wp\/v2\/tags?post=329"}],"curies":[{"name":"wp","href":"https:\/\/api.w.org\/{rel}","templated":true}]}}