{"id":1546,"date":"2022-05-10T08:07:27","date_gmt":"2022-05-10T08:07:27","guid":{"rendered":"https:\/\/www.goodprofits.online\/projectes\/fundacion-esclerosis-multilple\/"},"modified":"2022-05-17T09:52:36","modified_gmt":"2022-05-17T09:52:36","slug":"fundacion-esclerosis-multilple","status":"publish","type":"page","link":"https:\/\/www.goodprofits.online\/ca\/projectes\/fundacion-esclerosis-multilple\/","title":{"rendered":"Fundaci\u00f3 Esclerosi M\u00faltiple"},"content":{"rendered":"<div id=\"projects-intro\" class=\"main-section section container-fluid block\">\r\n<div class=\"target row\">\r\n<div class=\"col-md-5 col-md-preffix-5\">\r\n<h2 class=\"section-title\">Fundaci\u00f3 Esclerosi M\u00faltiple<\/h2>\r\n<h1 class=\"big-title\">Upgrade web y comunitat online per a la FEM<\/h1>\r\n<\/div>\r\n<\/div>\r\n<div class=\"clear\">\u00a0<\/div>\r\n<div id=\"stage1\" class=\"stage-point\" data-bgcolor=\"#00B5E2\" data-bodyclass=\"terciary-white\" data-animate=\"fadein from-bt\">\u00a0<\/div>\r\n<\/div>\r\n<div class=\"projects block container-fluid center-relative\">\r\n<div class=\"row section\">\r\n<div id=\"stage2\" class=\"stage-point\" data-bgcolor=\"#d5d5d5\" data-removebodyclass=\"terciary-white\" data-animate=\"fadein from-bt\">\u00a0<\/div>\r\n<\/div>\r\n<\/div>\r\n<p><!-- BLOCK --><\/p>\r\n<div class=\"projects block container-fluid center-relative\">\r\n<div class=\"row section\">\r\n<div class=\"col-md-5 target\">\r\n<h2 class=\"section-subtitle\">CLIENT<\/h2>\r\n<p>Fundaci\u00f3 Esclerosi M\u00faltiple<\/p>\r\n<h2 class=\"section-subtitle\">\u00c1REES<\/h2>\r\n<p>Desenvolupament web, SEO, comunitat online<\/p>\r\n<h2 class=\"section-subtitle\">VEURE WEB<\/h2>\r\n<p><a href=\"https:\/\/www.fem.es\/es\/comunidad-em\/\" target=\"_blank\" rel=\"noopener\">https:\/\/www.fem.es\/es\/comunidad-em\/<\/a><\/p>\r\n<img decoding=\"async\" loading=\"lazy\" class=\"alignnone wp-image-1357 size-full\" src=\"https:\/\/www.goodprofits.online\/wp-content\/uploads\/2022\/03\/comunidad-fem-2-1200x800-1.jpg\" alt=\"\" width=\"1199\" height=\"801\" srcset=\"https:\/\/www.goodprofits.online\/wp-content\/uploads\/2022\/03\/comunidad-fem-2-1200x800-1.jpg 1199w, https:\/\/www.goodprofits.online\/wp-content\/uploads\/2022\/03\/comunidad-fem-2-1200x800-1-300x200.jpg 300w, https:\/\/www.goodprofits.online\/wp-content\/uploads\/2022\/03\/comunidad-fem-2-1200x800-1-1024x684.jpg 1024w, https:\/\/www.goodprofits.online\/wp-content\/uploads\/2022\/03\/comunidad-fem-2-1200x800-1-768x513.jpg 768w\" sizes=\"(max-width: 1199px) 100vw, 1199px\" \/><\/div>\r\n<div class=\"item target col-md-5\">\r\n<h2 class=\"section-subtitle\">\u00a0<\/h2>\r\n<div class=\"fusion-text fusion-text-1\">\r\n<p>La Fundaci\u00f3 Esclerosi M\u00faltiple dona suport a persones que pateixen la malaltia i el seu entorn, per tal de millorar la seva qualitat de vida.<\/p>\r\n<\/div>\r\n<div class=\"fusion-text fusion-text-2\">\r\n<p>La FEM ofereix informaci\u00f3 rigorosa sobre la malaltia i els temes relacionats mitjan\u00e7ant l&#8217;Observatori de l&#8217;Esclerosi M\u00faltiple que, hist\u00f2ricament, es publicava en un website separat i independent del site corporatiu. Aquesta situaci\u00f3 no era \u00f2ptima per aprofitar el potencial de generaci\u00f3 de tr\u00e0nsit de l&#8217;Observatori i, per aix\u00f2, hem traslladat tot el contingut al web principal. Un projecte de migraci\u00f3 d&#8217;un web molt complex amb un gran volum de continguts i tr\u00e0nsit per integrar-lo dins del web de la FEM. El site estava desenvolupat sobre tecnologia Typo3 que hem convertit a format WordPress. A m\u00e9s, hem realitzat una migraci\u00f3 del posicionament SEO de manera que no s&#8217;ha produ\u00eft p\u00e8rdua de posicionament i, en nom\u00e9s dues setmanes, hem aconseguit traslladar el tr\u00e0nsit org\u00e0nic de l&#8217;Observatori EM al web de la FEM.<\/p>\r\n<p>Despr\u00e9s de la fase de migraci\u00f3 i upgrade, hem afegit una capa de comunitat en l\u00ednia per estructurar tots els continguts, recursos, esdeveniments, serveis, etc. que ofereix la FEM a la seva web sota el paraigua de la comunitat EM. D&#8217;aquesta manera, totes les persones que formen part de la base social de la FEM (beneficiaris, socis, donants, voluntaris i simpatitzants) disposen d&#8217;un usuari i una contrasenya \u00fanics per realitzar qualsevol acci\u00f3 a la web. I tota aquesta activitat quedar\u00e0 registrada al CRM de forma autom\u00e0tica per a futures segmentacions i automatitzaci\u00f3 de m\u00e0rqueting.<\/p>\r\n<p>Amb la nova capa de comunitat que hem desenvolupat, el web de la FEM ofereix a l&#8217;usuari un ventall de funcionalitats que far\u00e0 que es vinculi amb l&#8217;organitzaci\u00f3 i mantingui la relaci\u00f3 al llarg del temps. M\u00e9s informaci\u00f3 a: <a href=\"https:\/\/www.goodprofits.online\/comunidad-em-para-la-fundacio-esclerosi-multiple\/\" target=\"_blank\" rel=\"noopener\">&gt;&gt; comunidad-em-para-la-fundacio-esclerosi-multiple\/<\/a><\/p>\r\n<\/div>\r\n<div class=\"fusion-text fusion-text-3\">\r\n<p><strong>\u201cLa combinaci\u00f3 de coneixements tecnol\u00f2gics, de comunicaci\u00f3 i marketing fan de GoodProfits un partner estrat\u00e8gic. A m\u00e9s, coneixen la realitat del tercer sector i ens ajuden a prendre decisions\u201d. <\/strong><\/p>\r\n<p><strong>\u00cdria Saa, Directora de Comunicaci\u00f3 y Fundraising. <\/strong><\/p>\r\n<p>&nbsp;<\/p>\r\n<div class=\"fusion-text fusion-text-3\">\u00a0<\/div>\r\n<\/div>\r\n<\/div>\r\n<\/div>\r\n<\/div>\r\n<\/div>","protected":false},"excerpt":{"rendered":"<p>Fundaci\u00f3 Esclerosi M\u00faltiple Upgrade web y comunitat online per a la FEM \u00a0 \u00a0 \u00a0 CLIENT Fundaci\u00f3 Esclerosi M\u00faltiple \u00c1REES Desenvolupament web, SEO, comunitat online VEURE WEB https:\/\/www.fem.es\/es\/comunidad-em\/ \u00a0 La Fundaci\u00f3 Esclerosi M\u00faltiple dona suport a persones que pateixen la malaltia i el seu entorn, per tal de millorar la seva qualitat de vida. La [&hellip;]<\/p>\n","protected":false},"author":3,"featured_media":1473,"parent":360,"menu_order":0,"comment_status":"closed","ping_status":"closed","template":"_tmp-page-works.php","meta":[],"tags":[],"yoast_head":"<!-- This site is optimized with the Yoast SEO plugin v20.0 - https:\/\/yoast.com\/wordpress\/plugins\/seo\/ -->\n<title>GoodProfits - Fundaci\u00f3 Esclerosi M\u00faltiple<\/title>\n<meta name=\"description\" content=\"- Fundaci\u00f3 Esclerosi M\u00faltiple - GoodProfits\" \/>\n<meta name=\"robots\" content=\"index, follow, max-snippet:-1, max-image-preview:large, max-video-preview:-1\" \/>\n<link rel=\"canonical\" href=\"https:\/\/www.goodprofits.online\/ca\/projectes\/fundacion-esclerosis-multilple\/\" \/>\n<meta property=\"og:locale\" content=\"ca_ES\" \/>\n<meta property=\"og:type\" content=\"article\" \/>\n<meta property=\"og:title\" content=\"GoodProfits - Fundaci\u00f3 Esclerosi M\u00faltiple\" \/>\n<meta property=\"og:description\" content=\"- Fundaci\u00f3 Esclerosi M\u00faltiple - GoodProfits\" \/>\n<meta property=\"og:url\" content=\"https:\/\/www.goodprofits.online\/ca\/projectes\/fundacion-esclerosis-multilple\/\" \/>\n<meta property=\"og:site_name\" content=\"GoodProfits\" \/>\n<meta property=\"article:modified_time\" content=\"2022-05-17T09:52:36+00:00\" \/>\n<meta property=\"og:image\" content=\"https:\/\/www.goodprofits.online\/wp-content\/uploads\/2022\/05\/banner_comunidad-1600x1200-1.jpg\" \/>\n\t<meta property=\"og:image:width\" content=\"1600\" \/>\n\t<meta property=\"og:image:height\" content=\"1200\" \/>\n\t<meta property=\"og:image:type\" content=\"image\/jpeg\" \/>\n<meta name=\"twitter:card\" content=\"summary_large_image\" \/>\n<meta name=\"twitter:site\" content=\"@GoodProfitsOn\" \/>\n<script type=\"application\/ld+json\" class=\"yoast-schema-graph\">{\"@context\":\"https:\/\/schema.org\",\"@graph\":[{\"@type\":\"WebPage\",\"@id\":\"https:\/\/www.goodprofits.online\/ca\/projectes\/fundacion-esclerosis-multilple\/\",\"url\":\"https:\/\/www.goodprofits.online\/ca\/projectes\/fundacion-esclerosis-multilple\/\",\"name\":\"GoodProfits - Fundaci\u00f3 Esclerosi M\u00faltiple\",\"isPartOf\":{\"@id\":\"https:\/\/www.goodprofits.online\/ca\/#website\"},\"datePublished\":\"2022-05-10T08:07:27+00:00\",\"dateModified\":\"2022-05-17T09:52:36+00:00\",\"description\":\"- Fundaci\u00f3 Esclerosi M\u00faltiple - GoodProfits\",\"breadcrumb\":{\"@id\":\"https:\/\/www.goodprofits.online\/ca\/projectes\/fundacion-esclerosis-multilple\/#breadcrumb\"},\"inLanguage\":\"ca\",\"potentialAction\":[{\"@type\":\"ReadAction\",\"target\":[\"https:\/\/www.goodprofits.online\/ca\/projectes\/fundacion-esclerosis-multilple\/\"]}]},{\"@type\":\"BreadcrumbList\",\"@id\":\"https:\/\/www.goodprofits.online\/ca\/projectes\/fundacion-esclerosis-multilple\/#breadcrumb\",\"itemListElement\":[{\"@type\":\"ListItem\",\"position\":1,\"name\":\"Home\",\"item\":\"https:\/\/www.goodprofits.online\/ca\/\"},{\"@type\":\"ListItem\",\"position\":2,\"name\":\"Projectes\",\"item\":\"https:\/\/www.goodprofits.online\/ca\/projectes\/\"},{\"@type\":\"ListItem\",\"position\":3,\"name\":\"Fundaci\u00f3 Esclerosi M\u00faltiple\"}]},{\"@type\":\"WebSite\",\"@id\":\"https:\/\/www.goodprofits.online\/ca\/#website\",\"url\":\"https:\/\/www.goodprofits.online\/ca\/\",\"name\":\"GoodProfits fundraising digital\",\"description\":\"Digital Fundraising\",\"publisher\":{\"@id\":\"https:\/\/www.goodprofits.online\/ca\/#organization\"},\"potentialAction\":[{\"@type\":\"SearchAction\",\"target\":{\"@type\":\"EntryPoint\",\"urlTemplate\":\"https:\/\/www.goodprofits.online\/ca\/?s={search_term_string}\"},\"query-input\":\"required name=search_term_string\"}],\"inLanguage\":\"ca\"},{\"@type\":\"Organization\",\"@id\":\"https:\/\/www.goodprofits.online\/ca\/#organization\",\"name\":\"GoodProfits Online\",\"url\":\"https:\/\/www.goodprofits.online\/ca\/\",\"logo\":{\"@type\":\"ImageObject\",\"inLanguage\":\"ca\",\"@id\":\"https:\/\/www.goodprofits.online\/ca\/#\/schema\/logo\/image\/\",\"url\":\"https:\/\/www.goodprofits.online\/wp-content\/uploads\/2023\/01\/LogoImago-B-Red_Gsuite.png\",\"contentUrl\":\"https:\/\/www.goodprofits.online\/wp-content\/uploads\/2023\/01\/LogoImago-B-Red_Gsuite.png\",\"width\":320,\"height\":68,\"caption\":\"GoodProfits Online\"},\"image\":{\"@id\":\"https:\/\/www.goodprofits.online\/ca\/#\/schema\/logo\/image\/\"},\"sameAs\":[\"https:\/\/www.linkedin.com\/company\/goodprofitsonline\/\",\"https:\/\/twitter.com\/GoodProfitsOn\"]}]}<\/script>\n<!-- \/ Yoast SEO plugin. -->","yoast_head_json":{"title":"GoodProfits - Fundaci\u00f3 Esclerosi M\u00faltiple","description":"- Fundaci\u00f3 Esclerosi M\u00faltiple - GoodProfits","robots":{"index":"index","follow":"follow","max-snippet":"max-snippet:-1","max-image-preview":"max-image-preview:large","max-video-preview":"max-video-preview:-1"},"canonical":"https:\/\/www.goodprofits.online\/ca\/projectes\/fundacion-esclerosis-multilple\/","og_locale":"ca_ES","og_type":"article","og_title":"GoodProfits - Fundaci\u00f3 Esclerosi M\u00faltiple","og_description":"- Fundaci\u00f3 Esclerosi M\u00faltiple - GoodProfits","og_url":"https:\/\/www.goodprofits.online\/ca\/projectes\/fundacion-esclerosis-multilple\/","og_site_name":"GoodProfits","article_modified_time":"2022-05-17T09:52:36+00:00","og_image":[{"width":1600,"height":1200,"url":"https:\/\/www.goodprofits.online\/wp-content\/uploads\/2022\/05\/banner_comunidad-1600x1200-1.jpg","type":"image\/jpeg"}],"twitter_card":"summary_large_image","twitter_site":"@GoodProfitsOn","schema":{"@context":"https:\/\/schema.org","@graph":[{"@type":"WebPage","@id":"https:\/\/www.goodprofits.online\/ca\/projectes\/fundacion-esclerosis-multilple\/","url":"https:\/\/www.goodprofits.online\/ca\/projectes\/fundacion-esclerosis-multilple\/","name":"GoodProfits - Fundaci\u00f3 Esclerosi M\u00faltiple","isPartOf":{"@id":"https:\/\/www.goodprofits.online\/ca\/#website"},"datePublished":"2022-05-10T08:07:27+00:00","dateModified":"2022-05-17T09:52:36+00:00","description":"- Fundaci\u00f3 Esclerosi M\u00faltiple - GoodProfits","breadcrumb":{"@id":"https:\/\/www.goodprofits.online\/ca\/projectes\/fundacion-esclerosis-multilple\/#breadcrumb"},"inLanguage":"ca","potentialAction":[{"@type":"ReadAction","target":["https:\/\/www.goodprofits.online\/ca\/projectes\/fundacion-esclerosis-multilple\/"]}]},{"@type":"BreadcrumbList","@id":"https:\/\/www.goodprofits.online\/ca\/projectes\/fundacion-esclerosis-multilple\/#breadcrumb","itemListElement":[{"@type":"ListItem","position":1,"name":"Home","item":"https:\/\/www.goodprofits.online\/ca\/"},{"@type":"ListItem","position":2,"name":"Projectes","item":"https:\/\/www.goodprofits.online\/ca\/projectes\/"},{"@type":"ListItem","position":3,"name":"Fundaci\u00f3 Esclerosi M\u00faltiple"}]},{"@type":"WebSite","@id":"https:\/\/www.goodprofits.online\/ca\/#website","url":"https:\/\/www.goodprofits.online\/ca\/","name":"GoodProfits fundraising digital","description":"Digital Fundraising","publisher":{"@id":"https:\/\/www.goodprofits.online\/ca\/#organization"},"potentialAction":[{"@type":"SearchAction","target":{"@type":"EntryPoint","urlTemplate":"https:\/\/www.goodprofits.online\/ca\/?s={search_term_string}"},"query-input":"required name=search_term_string"}],"inLanguage":"ca"},{"@type":"Organization","@id":"https:\/\/www.goodprofits.online\/ca\/#organization","name":"GoodProfits Online","url":"https:\/\/www.goodprofits.online\/ca\/","logo":{"@type":"ImageObject","inLanguage":"ca","@id":"https:\/\/www.goodprofits.online\/ca\/#\/schema\/logo\/image\/","url":"https:\/\/www.goodprofits.online\/wp-content\/uploads\/2023\/01\/LogoImago-B-Red_Gsuite.png","contentUrl":"https:\/\/www.goodprofits.online\/wp-content\/uploads\/2023\/01\/LogoImago-B-Red_Gsuite.png","width":320,"height":68,"caption":"GoodProfits Online"},"image":{"@id":"https:\/\/www.goodprofits.online\/ca\/#\/schema\/logo\/image\/"},"sameAs":["https:\/\/www.linkedin.com\/company\/goodprofitsonline\/","https:\/\/twitter.com\/GoodProfitsOn"]}]}},"_links":{"self":[{"href":"https:\/\/www.goodprofits.online\/ca\/wp-json\/wp\/v2\/pages\/1546"}],"collection":[{"href":"https:\/\/www.goodprofits.online\/ca\/wp-json\/wp\/v2\/pages"}],"about":[{"href":"https:\/\/www.goodprofits.online\/ca\/wp-json\/wp\/v2\/types\/page"}],"author":[{"embeddable":true,"href":"https:\/\/www.goodprofits.online\/ca\/wp-json\/wp\/v2\/users\/3"}],"replies":[{"embeddable":true,"href":"https:\/\/www.goodprofits.online\/ca\/wp-json\/wp\/v2\/comments?post=1546"}],"version-history":[{"count":6,"href":"https:\/\/www.goodprofits.online\/ca\/wp-json\/wp\/v2\/pages\/1546\/revisions"}],"predecessor-version":[{"id":1553,"href":"https:\/\/www.goodprofits.online\/ca\/wp-json\/wp\/v2\/pages\/1546\/revisions\/1553"}],"up":[{"embeddable":true,"href":"https:\/\/www.goodprofits.online\/ca\/wp-json\/wp\/v2\/pages\/360"}],"wp:featuredmedia":[{"embeddable":true,"href":"https:\/\/www.goodprofits.online\/ca\/wp-json\/wp\/v2\/media\/1473"}],"wp:attachment":[{"href":"https:\/\/www.goodprofits.online\/ca\/wp-json\/wp\/v2\/media?parent=1546"}],"wp:term":[{"taxonomy":"post_tag","embeddable":true,"href":"https:\/\/www.goodprofits.online\/ca\/wp-json\/wp\/v2\/tags?post=1546"}],"curies":[{"name":"wp","href":"https:\/\/api.w.org\/{rel}","templated":true}]}}