{"id":1532,"date":"2022-04-27T09:27:24","date_gmt":"2022-04-27T09:27:24","guid":{"rendered":"https:\/\/www.goodprofits.online\/projectes\/fundacion-eclerosis-multiple-inbound\/"},"modified":"2022-05-17T08:23:57","modified_gmt":"2022-05-17T08:23:57","slug":"fundacion-eclerosis-multiple-inbound","status":"publish","type":"page","link":"https:\/\/www.goodprofits.online\/ca\/projectes\/fundacion-eclerosis-multiple-inbound\/","title":{"rendered":"Fundaci\u00f3 Esclerosi M\u00faltiple"},"content":{"rendered":"<div id=\"projects-intro\" class=\"main-section section container-fluid block\">\r\n<div class=\"target row\">\r\n<div class=\"col-md-5 col-md-preffix-5\">\r\n<h2 class=\"section-title\">Fundaci\u00f3 Esclerosi M\u00faltiple<\/h2>\r\n<h1 class=\"big-title\">Estrat\u00e8gia Digital per a la Fundaci\u00f3 Esclerosi M\u00faltiple<\/h1>\r\n<\/div>\r\n<\/div>\r\n<div class=\"clear\">\u00a0<\/div>\r\n<div id=\"stage1\" class=\"stage-point\" data-bgcolor=\"#00B5E2\" data-bodyclass=\"terciary-white\" data-animate=\"fadein from-bt\">\u00a0<\/div>\r\n<\/div>\r\n<p><!-- BLOCK --><\/p>\r\n<div class=\"projects block container-fluid center-relative\">\r\n<div class=\"row section\">\r\n<div class=\"item target col-md-12\">\u00a0<\/div>\r\n<div id=\"stage2\" class=\"stage-point\" data-bgcolor=\"#d5d5d5\" data-removebodyclass=\"terciary-white\" data-animate=\"fadein from-bt\">\u00a0<\/div>\r\n<\/div>\r\n<\/div>\r\n<p><!-- BLOCK --><\/p>\r\n<div class=\"projects block container-fluid center-relative\">\r\n<div class=\"row section\">\r\n<div class=\"col-md-5 target\">\r\n<h2 class=\"section-subtitle\">CLIENT<\/h2>\r\n<p>Fundaci\u00f3 Esclerosi M\u00faltiple<\/p>\r\n<h2 class=\"section-subtitle\">\u00c0REES<\/h2>\r\n<p>Estrat\u00e8gia Digital, Inbound marketing, SEO, publicitat digital<\/p>\r\n<h2 class=\"section-subtitle\">VEURE WEB<\/h2>\r\n<p><a href=\"https:\/\/www.fem.es\/\" target=\"_blank\" rel=\"noopener\">https:\/\/www.fem.es<\/a><\/p>\r\n<p><img decoding=\"async\" loading=\"lazy\" class=\"alignnone wp-image-1470 size-full\" src=\"https:\/\/www.goodprofits.online\/wp-content\/uploads\/2022\/05\/nens-petita_3-1600x1200-1.jpg\" alt=\"\" width=\"1599\" height=\"1200\" srcset=\"https:\/\/www.goodprofits.online\/wp-content\/uploads\/2022\/05\/nens-petita_3-1600x1200-1.jpg 1599w, https:\/\/www.goodprofits.online\/wp-content\/uploads\/2022\/05\/nens-petita_3-1600x1200-1-300x225.jpg 300w, https:\/\/www.goodprofits.online\/wp-content\/uploads\/2022\/05\/nens-petita_3-1600x1200-1-1024x768.jpg 1024w, https:\/\/www.goodprofits.online\/wp-content\/uploads\/2022\/05\/nens-petita_3-1600x1200-1-768x576.jpg 768w, https:\/\/www.goodprofits.online\/wp-content\/uploads\/2022\/05\/nens-petita_3-1600x1200-1-1536x1153.jpg 1536w\" sizes=\"(max-width: 1599px) 100vw, 1599px\" \/><\/p>\r\n<\/div>\r\n<div class=\"item target col-md-5\">\r\n<h2 class=\"section-subtitle\">\u00a0<\/h2>\r\n<div class=\"fusion-text fusion-text-1\">\r\n<p>La Fundaci\u00f3 Esclerosi M\u00faltiple dona suport a persones que pateixen la malaltia i el seu entorn, per tal de millorar la seva qualitat de vida. Despr\u00e9s d\u2019ajudar-los a definir una estrat\u00e8gia de fundraising digital, els estem acompanyant en el seu desplegament.<\/p>\r\n<\/div>\r\n<div class=\"fusion-text fusion-text-1\">\r\n<p>Aquesta estrat\u00e8gia est\u00e0 basada en l&#8217;Inbound Marketing i el seu objectiu \u00e9s ajudar la fundaci\u00f3 a generar continguts atractius per als seus simpatitzants, amb els quals augmentar el nivell d&#8217;engagement i la capacitat d&#8217;ampliar la base social.<\/p>\r\n<\/div>\r\n<p>Hem definit una estrat\u00e8gia de continguts i serveis en l\u00ednia estructurats mitjan\u00e7ant l&#8217;Observatori de l&#8217;Esclerosi M\u00faltiple i la Comunitat EM que ens permet donar resposta als dubtes i necessitats de persones amb Esclerosi M\u00faltiple, cuidadors i familiars. I hem desplegat un pla SEO, de publicitat digital i xarxes socials per atraure aquest p\u00fablic i convertir-lo en simpatitzants de l&#8217;organitzaci\u00f3.<\/p>\r\n<div class=\"fusion-text fusion-text-1\">\r\n<p>A m\u00e9s, estem desplegant una capa d&#8217;automatitzaci\u00f3 de marketing que ens permet augmentar el nivell de vinculaci\u00f3 d&#8217;aquestes persones perqu\u00e8 es converteixin en col\u00b7laborades econ\u00f2miques de la FEM.<\/p>\r\n<p>&nbsp;<\/p>\r\n<\/div>\r\n<div class=\"fusion-text fusion-text-3\">\r\n<p><strong>\u201cLa combinaci\u00f3 de coneixements tecnol\u00f2gics, de comunicaci\u00f3 i marketing fan de GoodProfits un partner estrat\u00e8gic. A m\u00e9s, coneixen la realitat del tercer sector i ens ajuden a prendre decisions\u201d. <\/strong><\/p>\r\n<p><strong>\u00cdria Saa, Directora de Comunicaci\u00f3 i Fundraising.<\/strong><\/p>\r\n<\/div>\r\n<\/div>\r\n<div id=\"stage3\" class=\"stage-point\" data-bgcolor=\"#d5d5d5\" data-animate=\"fadein from-bt\">\u00a0<\/div>\r\n<\/div>\r\n<\/div>","protected":false},"excerpt":{"rendered":"<p>Fundaci\u00f3 Esclerosi M\u00faltiple Estrat\u00e8gia Digital per a la Fundaci\u00f3 Esclerosi M\u00faltiple \u00a0 \u00a0 \u00a0 \u00a0 CLIENT Fundaci\u00f3 Esclerosi M\u00faltiple \u00c0REES Estrat\u00e8gia Digital, Inbound marketing, SEO, publicitat digital VEURE WEB https:\/\/www.fem.es \u00a0 La Fundaci\u00f3 Esclerosi M\u00faltiple dona suport a persones que pateixen la malaltia i el seu entorn, per tal de millorar la seva qualitat de [&hellip;]<\/p>\n","protected":false},"author":3,"featured_media":1467,"parent":360,"menu_order":3,"comment_status":"closed","ping_status":"closed","template":"_tmp-page-works.php","meta":[],"tags":[],"yoast_head":"<!-- This site is optimized with the Yoast SEO plugin v20.0 - https:\/\/yoast.com\/wordpress\/plugins\/seo\/ -->\n<title>GoodProfits - Fundaci\u00f3 Esclerosi M\u00faltiple<\/title>\n<meta name=\"description\" content=\"- Fundaci\u00f3 Esclerosi M\u00faltiple - GoodProfits\" \/>\n<meta name=\"robots\" content=\"index, follow, max-snippet:-1, max-image-preview:large, max-video-preview:-1\" \/>\n<link rel=\"canonical\" href=\"https:\/\/www.goodprofits.online\/ca\/projectes\/fundacion-eclerosis-multiple-inbound\/\" \/>\n<meta property=\"og:locale\" content=\"ca_ES\" \/>\n<meta property=\"og:type\" content=\"article\" \/>\n<meta property=\"og:title\" content=\"GoodProfits - Fundaci\u00f3 Esclerosi M\u00faltiple\" \/>\n<meta property=\"og:description\" content=\"- Fundaci\u00f3 Esclerosi M\u00faltiple - GoodProfits\" \/>\n<meta property=\"og:url\" content=\"https:\/\/www.goodprofits.online\/ca\/projectes\/fundacion-eclerosis-multiple-inbound\/\" \/>\n<meta property=\"og:site_name\" content=\"GoodProfits\" \/>\n<meta property=\"article:modified_time\" content=\"2022-05-17T08:23:57+00:00\" \/>\n<meta property=\"og:image\" content=\"https:\/\/www.goodprofits.online\/wp-content\/uploads\/2022\/05\/nens-petita_3-1.jpg\" \/>\n\t<meta property=\"og:image:width\" content=\"1600\" \/>\n\t<meta property=\"og:image:height\" content=\"1138\" \/>\n\t<meta property=\"og:image:type\" content=\"image\/jpeg\" \/>\n<meta name=\"twitter:card\" content=\"summary_large_image\" \/>\n<meta name=\"twitter:site\" content=\"@GoodProfitsOn\" \/>\n<script type=\"application\/ld+json\" class=\"yoast-schema-graph\">{\"@context\":\"https:\/\/schema.org\",\"@graph\":[{\"@type\":\"WebPage\",\"@id\":\"https:\/\/www.goodprofits.online\/ca\/projectes\/fundacion-eclerosis-multiple-inbound\/\",\"url\":\"https:\/\/www.goodprofits.online\/ca\/projectes\/fundacion-eclerosis-multiple-inbound\/\",\"name\":\"GoodProfits - Fundaci\u00f3 Esclerosi M\u00faltiple\",\"isPartOf\":{\"@id\":\"https:\/\/www.goodprofits.online\/ca\/#website\"},\"datePublished\":\"2022-04-27T09:27:24+00:00\",\"dateModified\":\"2022-05-17T08:23:57+00:00\",\"description\":\"- Fundaci\u00f3 Esclerosi M\u00faltiple - GoodProfits\",\"breadcrumb\":{\"@id\":\"https:\/\/www.goodprofits.online\/ca\/projectes\/fundacion-eclerosis-multiple-inbound\/#breadcrumb\"},\"inLanguage\":\"ca\",\"potentialAction\":[{\"@type\":\"ReadAction\",\"target\":[\"https:\/\/www.goodprofits.online\/ca\/projectes\/fundacion-eclerosis-multiple-inbound\/\"]}]},{\"@type\":\"BreadcrumbList\",\"@id\":\"https:\/\/www.goodprofits.online\/ca\/projectes\/fundacion-eclerosis-multiple-inbound\/#breadcrumb\",\"itemListElement\":[{\"@type\":\"ListItem\",\"position\":1,\"name\":\"Home\",\"item\":\"https:\/\/www.goodprofits.online\/ca\/\"},{\"@type\":\"ListItem\",\"position\":2,\"name\":\"Projectes\",\"item\":\"https:\/\/www.goodprofits.online\/ca\/projectes\/\"},{\"@type\":\"ListItem\",\"position\":3,\"name\":\"Fundaci\u00f3 Esclerosi M\u00faltiple\"}]},{\"@type\":\"WebSite\",\"@id\":\"https:\/\/www.goodprofits.online\/ca\/#website\",\"url\":\"https:\/\/www.goodprofits.online\/ca\/\",\"name\":\"GoodProfits fundraising digital\",\"description\":\"Digital Fundraising\",\"publisher\":{\"@id\":\"https:\/\/www.goodprofits.online\/ca\/#organization\"},\"potentialAction\":[{\"@type\":\"SearchAction\",\"target\":{\"@type\":\"EntryPoint\",\"urlTemplate\":\"https:\/\/www.goodprofits.online\/ca\/?s={search_term_string}\"},\"query-input\":\"required name=search_term_string\"}],\"inLanguage\":\"ca\"},{\"@type\":\"Organization\",\"@id\":\"https:\/\/www.goodprofits.online\/ca\/#organization\",\"name\":\"GoodProfits Online\",\"url\":\"https:\/\/www.goodprofits.online\/ca\/\",\"logo\":{\"@type\":\"ImageObject\",\"inLanguage\":\"ca\",\"@id\":\"https:\/\/www.goodprofits.online\/ca\/#\/schema\/logo\/image\/\",\"url\":\"https:\/\/www.goodprofits.online\/wp-content\/uploads\/2023\/01\/LogoImago-B-Red_Gsuite.png\",\"contentUrl\":\"https:\/\/www.goodprofits.online\/wp-content\/uploads\/2023\/01\/LogoImago-B-Red_Gsuite.png\",\"width\":320,\"height\":68,\"caption\":\"GoodProfits Online\"},\"image\":{\"@id\":\"https:\/\/www.goodprofits.online\/ca\/#\/schema\/logo\/image\/\"},\"sameAs\":[\"https:\/\/www.linkedin.com\/company\/goodprofitsonline\/\",\"https:\/\/twitter.com\/GoodProfitsOn\"]}]}<\/script>\n<!-- \/ Yoast SEO plugin. -->","yoast_head_json":{"title":"GoodProfits - Fundaci\u00f3 Esclerosi M\u00faltiple","description":"- Fundaci\u00f3 Esclerosi M\u00faltiple - GoodProfits","robots":{"index":"index","follow":"follow","max-snippet":"max-snippet:-1","max-image-preview":"max-image-preview:large","max-video-preview":"max-video-preview:-1"},"canonical":"https:\/\/www.goodprofits.online\/ca\/projectes\/fundacion-eclerosis-multiple-inbound\/","og_locale":"ca_ES","og_type":"article","og_title":"GoodProfits - Fundaci\u00f3 Esclerosi M\u00faltiple","og_description":"- Fundaci\u00f3 Esclerosi M\u00faltiple - GoodProfits","og_url":"https:\/\/www.goodprofits.online\/ca\/projectes\/fundacion-eclerosis-multiple-inbound\/","og_site_name":"GoodProfits","article_modified_time":"2022-05-17T08:23:57+00:00","og_image":[{"width":1600,"height":1138,"url":"https:\/\/www.goodprofits.online\/wp-content\/uploads\/2022\/05\/nens-petita_3-1.jpg","type":"image\/jpeg"}],"twitter_card":"summary_large_image","twitter_site":"@GoodProfitsOn","schema":{"@context":"https:\/\/schema.org","@graph":[{"@type":"WebPage","@id":"https:\/\/www.goodprofits.online\/ca\/projectes\/fundacion-eclerosis-multiple-inbound\/","url":"https:\/\/www.goodprofits.online\/ca\/projectes\/fundacion-eclerosis-multiple-inbound\/","name":"GoodProfits - Fundaci\u00f3 Esclerosi M\u00faltiple","isPartOf":{"@id":"https:\/\/www.goodprofits.online\/ca\/#website"},"datePublished":"2022-04-27T09:27:24+00:00","dateModified":"2022-05-17T08:23:57+00:00","description":"- Fundaci\u00f3 Esclerosi M\u00faltiple - GoodProfits","breadcrumb":{"@id":"https:\/\/www.goodprofits.online\/ca\/projectes\/fundacion-eclerosis-multiple-inbound\/#breadcrumb"},"inLanguage":"ca","potentialAction":[{"@type":"ReadAction","target":["https:\/\/www.goodprofits.online\/ca\/projectes\/fundacion-eclerosis-multiple-inbound\/"]}]},{"@type":"BreadcrumbList","@id":"https:\/\/www.goodprofits.online\/ca\/projectes\/fundacion-eclerosis-multiple-inbound\/#breadcrumb","itemListElement":[{"@type":"ListItem","position":1,"name":"Home","item":"https:\/\/www.goodprofits.online\/ca\/"},{"@type":"ListItem","position":2,"name":"Projectes","item":"https:\/\/www.goodprofits.online\/ca\/projectes\/"},{"@type":"ListItem","position":3,"name":"Fundaci\u00f3 Esclerosi M\u00faltiple"}]},{"@type":"WebSite","@id":"https:\/\/www.goodprofits.online\/ca\/#website","url":"https:\/\/www.goodprofits.online\/ca\/","name":"GoodProfits fundraising digital","description":"Digital Fundraising","publisher":{"@id":"https:\/\/www.goodprofits.online\/ca\/#organization"},"potentialAction":[{"@type":"SearchAction","target":{"@type":"EntryPoint","urlTemplate":"https:\/\/www.goodprofits.online\/ca\/?s={search_term_string}"},"query-input":"required name=search_term_string"}],"inLanguage":"ca"},{"@type":"Organization","@id":"https:\/\/www.goodprofits.online\/ca\/#organization","name":"GoodProfits Online","url":"https:\/\/www.goodprofits.online\/ca\/","logo":{"@type":"ImageObject","inLanguage":"ca","@id":"https:\/\/www.goodprofits.online\/ca\/#\/schema\/logo\/image\/","url":"https:\/\/www.goodprofits.online\/wp-content\/uploads\/2023\/01\/LogoImago-B-Red_Gsuite.png","contentUrl":"https:\/\/www.goodprofits.online\/wp-content\/uploads\/2023\/01\/LogoImago-B-Red_Gsuite.png","width":320,"height":68,"caption":"GoodProfits Online"},"image":{"@id":"https:\/\/www.goodprofits.online\/ca\/#\/schema\/logo\/image\/"},"sameAs":["https:\/\/www.linkedin.com\/company\/goodprofitsonline\/","https:\/\/twitter.com\/GoodProfitsOn"]}]}},"_links":{"self":[{"href":"https:\/\/www.goodprofits.online\/ca\/wp-json\/wp\/v2\/pages\/1532"}],"collection":[{"href":"https:\/\/www.goodprofits.online\/ca\/wp-json\/wp\/v2\/pages"}],"about":[{"href":"https:\/\/www.goodprofits.online\/ca\/wp-json\/wp\/v2\/types\/page"}],"author":[{"embeddable":true,"href":"https:\/\/www.goodprofits.online\/ca\/wp-json\/wp\/v2\/users\/3"}],"replies":[{"embeddable":true,"href":"https:\/\/www.goodprofits.online\/ca\/wp-json\/wp\/v2\/comments?post=1532"}],"version-history":[{"count":6,"href":"https:\/\/www.goodprofits.online\/ca\/wp-json\/wp\/v2\/pages\/1532\/revisions"}],"predecessor-version":[{"id":1542,"href":"https:\/\/www.goodprofits.online\/ca\/wp-json\/wp\/v2\/pages\/1532\/revisions\/1542"}],"up":[{"embeddable":true,"href":"https:\/\/www.goodprofits.online\/ca\/wp-json\/wp\/v2\/pages\/360"}],"wp:featuredmedia":[{"embeddable":true,"href":"https:\/\/www.goodprofits.online\/ca\/wp-json\/wp\/v2\/media\/1467"}],"wp:attachment":[{"href":"https:\/\/www.goodprofits.online\/ca\/wp-json\/wp\/v2\/media?parent=1532"}],"wp:term":[{"taxonomy":"post_tag","embeddable":true,"href":"https:\/\/www.goodprofits.online\/ca\/wp-json\/wp\/v2\/tags?post=1532"}],"curies":[{"name":"wp","href":"https:\/\/api.w.org\/{rel}","templated":true}]}}