{"id":1045,"date":"2022-04-28T08:13:37","date_gmt":"2022-04-28T08:13:37","guid":{"rendered":"https:\/\/www.goodprofits.online\/?page_id=1045"},"modified":"2022-05-17T08:31:36","modified_gmt":"2022-05-17T08:31:36","slug":"1045-2","status":"publish","type":"page","link":"https:\/\/www.goodprofits.online\/ca\/projectes\/1045-2\/","title":{"rendered":"The Ricky Rubio Foundation"},"content":{"rendered":"<div id=\"projects-intro\" class=\"main-section section container-fluid block\">\r\n<div class=\"target row\">\r\n<div class=\"col-md-5 col-md-preffix-5\">\r\n<h2 class=\"section-title\">The Ricky Rubio Foundation<\/h2>\r\n<h1 class=\"big-title\">Campanya #APlenoPulm\u00f3n per a The Ricky Rubio Foundation<\/h1>\r\n<\/div>\r\n<\/div>\r\n<div class=\"clear\">\u00a0<\/div>\r\n<div id=\"stage1\" class=\"stage-point\" data-bgcolor=\"#00B5E2\" data-bodyclass=\"terciary-white\" data-animate=\"fadein from-bt\">\u00a0<\/div>\r\n<\/div>\r\n<p><!-- BLOCK --><\/p>\r\n<div class=\"projects block container-fluid center-relative\">\r\n<div class=\"row section\">\r\n<div class=\"item target col-md-12\">\u00a0<\/div>\r\n<div id=\"stage2\" class=\"stage-point\" data-bgcolor=\"#d5d5d5\" data-removebodyclass=\"terciary-white\" data-animate=\"fadein from-bt\">\u00a0<\/div>\r\n<\/div>\r\n<\/div>\r\n<p><!-- BLOCK --><\/p>\r\n<div class=\"projects block container-fluid center-relative\">\r\n<div class=\"row section\">\r\n<div class=\"col-md-5 target\">\r\n<h2 class=\"section-subtitle\">CLIENT<\/h2>\r\n<p>The Ricky Rubio Foundation<\/p>\r\n<h2 class=\"section-subtitle\">\u00c0REES<\/h2>\r\n<p>Publicitat Digital<\/p>\r\n<h2 class=\"section-subtitle\">VEURE WEB<\/h2>\r\n<p><a href=\"https:\/\/therickyrubiofoundation.org\/\" target=\"_blank\" rel=\"noopener\">https:\/\/therickyrubiofoundation.org\/<\/a><\/p>\r\n<img decoding=\"async\" loading=\"lazy\" class=\"alignnone wp-image-1442 size-full\" src=\"https:\/\/www.goodprofits.online\/wp-content\/uploads\/2022\/05\/header_aplenopulmon-1024x43a.jpg\" alt=\"\" width=\"1024\" height=\"439\" srcset=\"https:\/\/www.goodprofits.online\/wp-content\/uploads\/2022\/05\/header_aplenopulmon-1024x43a.jpg 1024w, https:\/\/www.goodprofits.online\/wp-content\/uploads\/2022\/05\/header_aplenopulmon-1024x43a-300x129.jpg 300w, https:\/\/www.goodprofits.online\/wp-content\/uploads\/2022\/05\/header_aplenopulmon-1024x43a-768x329.jpg 768w\" sizes=\"(max-width: 1024px) 100vw, 1024px\" \/><\/div>\r\n<div class=\"item target col-md-5\">\r\n<h2 class=\"section-subtitle\">\u00a0<\/h2>\r\n<div class=\"fusion-text fusion-text-1\">\r\n<p>The Ricky Rubio Foundation treballa sobre dos eixos principals: la lluites contra el c\u00e0ncer de pulm\u00f3 i la integraci\u00f3 d\u2019infants amb risc d\u2019exclusi\u00f3 mitjan\u00e7ant el b\u00e0squet.<\/p>\r\n<\/div>\r\n<div class=\"fusion-text fusion-text-1\">\r\n<p>El nom de Ricky Rubio, i la seva traject\u00f2ria, \u00e9s un actiu fonamental de la fundaci\u00f3, per\u00f2 m\u00e9s enll\u00e0 d\u2019aix\u00f2 estem treballant amb ells per tal de generar una comunitat de persones implicades en la seva missi\u00f3 i ampliar la seva estructura i capacitat d\u2019acci\u00f3.<\/p>\r\n<\/div>\r\n<div class=\"fusion-text fusion-text-1\">\r\n<p>Un exemple d&#8217;aix\u00f2 \u00e9s la campanya #APlenoPulm\u00f3n: Amb motiu del Dia Mundial del C\u00e0ncer de Pulm\u00f3, la fundaci\u00f3 promou una campanya de sensibilitzaci\u00f3, prevenci\u00f3 i detecci\u00f3 preco\u00e7. I fan proves espirom\u00e8triques gratu\u00eftes perqu\u00e8 els participants puguin con\u00e8ixer la seva edat pulmonar i rebre recomanacions m\u00e8diques.<\/p>\r\n<\/div>\r\n<div class=\"fusion-text fusion-text-1\">\r\n<p>Des de GoodProfits els hem ajudat a traduir la campanya f\u00edsica al m\u00f3n digital i anar un pas m\u00e9s enll\u00e0 de la comunicaci\u00f3 i sensibilitzaci\u00f3: aprofitar l&#8217;acci\u00f3 per generar leads que ampli\u00efn la base social. La idea era senzilla, dissenyar una landing amb un test en l\u00ednia i generar tr\u00e0nsit mitjan\u00e7ant publicitat digital.<\/p>\r\n<p>&nbsp;<\/p>\r\n<div class=\"fusion-text fusion-text-1\">\r\n<p><strong>\u201cComen\u00e7ar amb el marketing digital de la m\u00e0 de professionals com els de l\u2019equip de GoodProfits et dona molta tranquil\u00b7litat per la transpar\u00e8ncia, la confian\u00e7a i el coneixement que tenen del mitj\u00e0\u201d. <\/strong><\/p>\r\n<p><strong>Josep Heredia, Director.<\/strong><\/p>\r\n<p>&nbsp;<\/p>\r\n<div class=\"fusion-text fusion-text-3\">\r\n<p>Campanya #APlenoPulm\u00f3n. Dades principals de rendiment:<\/p>\r\n<div class=\"fusion-text fusion-text-3\">\r\n<p>Hem desenvolupat una landing page de campanya amb un tes en l\u00ednia sobre salut pulmonar. Hem aconseguit m\u00e9s de 1.000 leads (persones que han completat el test) mitjan\u00e7ant una campanya d&#8217;un mes de durada a Facebook i Instagram a la qual hem destinat una inversi\u00f3 de 2.000\u202f\u20ac. L&#8217;abast total de la campanya ha estat de 285.000 persones (persones que han vist m\u00e9s d&#8217;una vegada).<\/p>\r\n<\/div>\r\n<\/div>\r\n<div id=\"stage3\" class=\"stage-point\" data-bgcolor=\"#d5d5d5\" data-animate=\"fadein from-bt\">\u00a0<\/div>\r\n<\/div>\r\n<\/div>\r\n<\/div>\r\n<\/div>\r\n<\/div>","protected":false},"excerpt":{"rendered":"<p>The Ricky Rubio Foundation Campanya #APlenoPulm\u00f3n per a The Ricky Rubio Foundation \u00a0 \u00a0 \u00a0 \u00a0 CLIENT The Ricky Rubio Foundation \u00c0REES Publicitat Digital VEURE WEB https:\/\/therickyrubiofoundation.org\/ \u00a0 The Ricky Rubio Foundation treballa sobre dos eixos principals: la lluites contra el c\u00e0ncer de pulm\u00f3 i la integraci\u00f3 d\u2019infants amb risc d\u2019exclusi\u00f3 mitjan\u00e7ant el b\u00e0squet. El [&hellip;]<\/p>\n","protected":false},"author":3,"featured_media":1066,"parent":360,"menu_order":2,"comment_status":"closed","ping_status":"closed","template":"_tmp-page-works.php","meta":[],"tags":[],"yoast_head":"<!-- This site is optimized with the Yoast SEO plugin v20.0 - https:\/\/yoast.com\/wordpress\/plugins\/seo\/ -->\n<title>GoodProfits - The Ricky Rubio Foundation<\/title>\n<meta name=\"description\" content=\"- The Ricky Rubio Foundation - GoodProfits\" \/>\n<meta name=\"robots\" content=\"index, follow, max-snippet:-1, max-image-preview:large, max-video-preview:-1\" \/>\n<link rel=\"canonical\" href=\"https:\/\/www.goodprofits.online\/ca\/projectes\/1045-2\/\" \/>\n<meta property=\"og:locale\" content=\"ca_ES\" \/>\n<meta property=\"og:type\" content=\"article\" \/>\n<meta property=\"og:title\" content=\"GoodProfits - The Ricky Rubio Foundation\" \/>\n<meta property=\"og:description\" content=\"- The Ricky Rubio Foundation - GoodProfits\" \/>\n<meta property=\"og:url\" content=\"https:\/\/www.goodprofits.online\/ca\/projectes\/1045-2\/\" \/>\n<meta property=\"og:site_name\" content=\"GoodProfits\" \/>\n<meta property=\"article:modified_time\" content=\"2022-05-17T08:31:36+00:00\" \/>\n<meta property=\"og:image\" content=\"https:\/\/www.goodprofits.online\/wp-content\/uploads\/2022\/04\/a-pleno-pulmon-ricky-rubio-c.jpg\" \/>\n\t<meta property=\"og:image:width\" content=\"680\" \/>\n\t<meta property=\"og:image:height\" content=\"390\" \/>\n\t<meta property=\"og:image:type\" content=\"image\/jpeg\" \/>\n<meta name=\"twitter:card\" content=\"summary_large_image\" \/>\n<meta name=\"twitter:site\" content=\"@GoodProfitsOn\" \/>\n<script type=\"application\/ld+json\" class=\"yoast-schema-graph\">{\"@context\":\"https:\/\/schema.org\",\"@graph\":[{\"@type\":\"WebPage\",\"@id\":\"https:\/\/www.goodprofits.online\/ca\/projectes\/1045-2\/\",\"url\":\"https:\/\/www.goodprofits.online\/ca\/projectes\/1045-2\/\",\"name\":\"GoodProfits - The Ricky Rubio Foundation\",\"isPartOf\":{\"@id\":\"https:\/\/www.goodprofits.online\/ca\/#website\"},\"datePublished\":\"2022-04-28T08:13:37+00:00\",\"dateModified\":\"2022-05-17T08:31:36+00:00\",\"description\":\"- The Ricky Rubio Foundation - GoodProfits\",\"breadcrumb\":{\"@id\":\"https:\/\/www.goodprofits.online\/ca\/projectes\/1045-2\/#breadcrumb\"},\"inLanguage\":\"ca\",\"potentialAction\":[{\"@type\":\"ReadAction\",\"target\":[\"https:\/\/www.goodprofits.online\/ca\/projectes\/1045-2\/\"]}]},{\"@type\":\"BreadcrumbList\",\"@id\":\"https:\/\/www.goodprofits.online\/ca\/projectes\/1045-2\/#breadcrumb\",\"itemListElement\":[{\"@type\":\"ListItem\",\"position\":1,\"name\":\"Home\",\"item\":\"https:\/\/www.goodprofits.online\/ca\/\"},{\"@type\":\"ListItem\",\"position\":2,\"name\":\"Projectes\",\"item\":\"https:\/\/www.goodprofits.online\/ca\/projectes\/\"},{\"@type\":\"ListItem\",\"position\":3,\"name\":\"The Ricky Rubio Foundation\"}]},{\"@type\":\"WebSite\",\"@id\":\"https:\/\/www.goodprofits.online\/ca\/#website\",\"url\":\"https:\/\/www.goodprofits.online\/ca\/\",\"name\":\"GoodProfits fundraising digital\",\"description\":\"Digital Fundraising\",\"publisher\":{\"@id\":\"https:\/\/www.goodprofits.online\/ca\/#organization\"},\"potentialAction\":[{\"@type\":\"SearchAction\",\"target\":{\"@type\":\"EntryPoint\",\"urlTemplate\":\"https:\/\/www.goodprofits.online\/ca\/?s={search_term_string}\"},\"query-input\":\"required name=search_term_string\"}],\"inLanguage\":\"ca\"},{\"@type\":\"Organization\",\"@id\":\"https:\/\/www.goodprofits.online\/ca\/#organization\",\"name\":\"GoodProfits Online\",\"url\":\"https:\/\/www.goodprofits.online\/ca\/\",\"logo\":{\"@type\":\"ImageObject\",\"inLanguage\":\"ca\",\"@id\":\"https:\/\/www.goodprofits.online\/ca\/#\/schema\/logo\/image\/\",\"url\":\"https:\/\/www.goodprofits.online\/wp-content\/uploads\/2023\/01\/LogoImago-B-Red_Gsuite.png\",\"contentUrl\":\"https:\/\/www.goodprofits.online\/wp-content\/uploads\/2023\/01\/LogoImago-B-Red_Gsuite.png\",\"width\":320,\"height\":68,\"caption\":\"GoodProfits Online\"},\"image\":{\"@id\":\"https:\/\/www.goodprofits.online\/ca\/#\/schema\/logo\/image\/\"},\"sameAs\":[\"https:\/\/www.linkedin.com\/company\/goodprofitsonline\/\",\"https:\/\/twitter.com\/GoodProfitsOn\"]}]}<\/script>\n<!-- \/ Yoast SEO plugin. -->","yoast_head_json":{"title":"GoodProfits - The Ricky Rubio Foundation","description":"- The Ricky Rubio Foundation - GoodProfits","robots":{"index":"index","follow":"follow","max-snippet":"max-snippet:-1","max-image-preview":"max-image-preview:large","max-video-preview":"max-video-preview:-1"},"canonical":"https:\/\/www.goodprofits.online\/ca\/projectes\/1045-2\/","og_locale":"ca_ES","og_type":"article","og_title":"GoodProfits - The Ricky Rubio Foundation","og_description":"- The Ricky Rubio Foundation - GoodProfits","og_url":"https:\/\/www.goodprofits.online\/ca\/projectes\/1045-2\/","og_site_name":"GoodProfits","article_modified_time":"2022-05-17T08:31:36+00:00","og_image":[{"width":680,"height":390,"url":"https:\/\/www.goodprofits.online\/wp-content\/uploads\/2022\/04\/a-pleno-pulmon-ricky-rubio-c.jpg","type":"image\/jpeg"}],"twitter_card":"summary_large_image","twitter_site":"@GoodProfitsOn","schema":{"@context":"https:\/\/schema.org","@graph":[{"@type":"WebPage","@id":"https:\/\/www.goodprofits.online\/ca\/projectes\/1045-2\/","url":"https:\/\/www.goodprofits.online\/ca\/projectes\/1045-2\/","name":"GoodProfits - The Ricky Rubio Foundation","isPartOf":{"@id":"https:\/\/www.goodprofits.online\/ca\/#website"},"datePublished":"2022-04-28T08:13:37+00:00","dateModified":"2022-05-17T08:31:36+00:00","description":"- The Ricky Rubio Foundation - GoodProfits","breadcrumb":{"@id":"https:\/\/www.goodprofits.online\/ca\/projectes\/1045-2\/#breadcrumb"},"inLanguage":"ca","potentialAction":[{"@type":"ReadAction","target":["https:\/\/www.goodprofits.online\/ca\/projectes\/1045-2\/"]}]},{"@type":"BreadcrumbList","@id":"https:\/\/www.goodprofits.online\/ca\/projectes\/1045-2\/#breadcrumb","itemListElement":[{"@type":"ListItem","position":1,"name":"Home","item":"https:\/\/www.goodprofits.online\/ca\/"},{"@type":"ListItem","position":2,"name":"Projectes","item":"https:\/\/www.goodprofits.online\/ca\/projectes\/"},{"@type":"ListItem","position":3,"name":"The Ricky Rubio Foundation"}]},{"@type":"WebSite","@id":"https:\/\/www.goodprofits.online\/ca\/#website","url":"https:\/\/www.goodprofits.online\/ca\/","name":"GoodProfits fundraising digital","description":"Digital Fundraising","publisher":{"@id":"https:\/\/www.goodprofits.online\/ca\/#organization"},"potentialAction":[{"@type":"SearchAction","target":{"@type":"EntryPoint","urlTemplate":"https:\/\/www.goodprofits.online\/ca\/?s={search_term_string}"},"query-input":"required name=search_term_string"}],"inLanguage":"ca"},{"@type":"Organization","@id":"https:\/\/www.goodprofits.online\/ca\/#organization","name":"GoodProfits Online","url":"https:\/\/www.goodprofits.online\/ca\/","logo":{"@type":"ImageObject","inLanguage":"ca","@id":"https:\/\/www.goodprofits.online\/ca\/#\/schema\/logo\/image\/","url":"https:\/\/www.goodprofits.online\/wp-content\/uploads\/2023\/01\/LogoImago-B-Red_Gsuite.png","contentUrl":"https:\/\/www.goodprofits.online\/wp-content\/uploads\/2023\/01\/LogoImago-B-Red_Gsuite.png","width":320,"height":68,"caption":"GoodProfits Online"},"image":{"@id":"https:\/\/www.goodprofits.online\/ca\/#\/schema\/logo\/image\/"},"sameAs":["https:\/\/www.linkedin.com\/company\/goodprofitsonline\/","https:\/\/twitter.com\/GoodProfitsOn"]}]}},"_links":{"self":[{"href":"https:\/\/www.goodprofits.online\/ca\/wp-json\/wp\/v2\/pages\/1045"}],"collection":[{"href":"https:\/\/www.goodprofits.online\/ca\/wp-json\/wp\/v2\/pages"}],"about":[{"href":"https:\/\/www.goodprofits.online\/ca\/wp-json\/wp\/v2\/types\/page"}],"author":[{"embeddable":true,"href":"https:\/\/www.goodprofits.online\/ca\/wp-json\/wp\/v2\/users\/3"}],"replies":[{"embeddable":true,"href":"https:\/\/www.goodprofits.online\/ca\/wp-json\/wp\/v2\/comments?post=1045"}],"version-history":[{"count":17,"href":"https:\/\/www.goodprofits.online\/ca\/wp-json\/wp\/v2\/pages\/1045\/revisions"}],"predecessor-version":[{"id":1544,"href":"https:\/\/www.goodprofits.online\/ca\/wp-json\/wp\/v2\/pages\/1045\/revisions\/1544"}],"up":[{"embeddable":true,"href":"https:\/\/www.goodprofits.online\/ca\/wp-json\/wp\/v2\/pages\/360"}],"wp:featuredmedia":[{"embeddable":true,"href":"https:\/\/www.goodprofits.online\/ca\/wp-json\/wp\/v2\/media\/1066"}],"wp:attachment":[{"href":"https:\/\/www.goodprofits.online\/ca\/wp-json\/wp\/v2\/media?parent=1045"}],"wp:term":[{"taxonomy":"post_tag","embeddable":true,"href":"https:\/\/www.goodprofits.online\/ca\/wp-json\/wp\/v2\/tags?post=1045"}],"curies":[{"name":"wp","href":"https:\/\/api.w.org\/{rel}","templated":true}]}}