{"id":1008,"date":"2022-04-26T10:52:51","date_gmt":"2022-04-26T10:52:51","guid":{"rendered":"https:\/\/www.goodprofits.online\/?page_id=1008"},"modified":"2022-05-03T11:24:32","modified_gmt":"2022-05-03T11:24:32","slug":"centro-excursionista-de-cataluna","status":"publish","type":"page","link":"https:\/\/www.goodprofits.online\/ca\/projectes\/centro-excursionista-de-cataluna\/","title":{"rendered":"Centre Excursionista de Catalunya"},"content":{"rendered":"<p><!-- BLOCK --><\/p>\r\n<div id=\"projects-intro\" class=\"main-section section container-fluid block\">\r\n<div class=\"target row\">\r\n<div class=\"col-md-5 col-md-preffix-5\">\r\n<h2 class=\"section-title\">Centre Excursionista de Catalunya<\/h2>\r\n<h1 class=\"big-title\">Campanya digital per al Centre Excursionista de Catalunya<\/h1>\r\n<\/div>\r\n<\/div>\r\n<div class=\"clear\">\u00a0<\/div>\r\n<div id=\"stage1\" class=\"stage-point\" data-bgcolor=\"#00B5E2\" data-bodyclass=\"terciary-white\" data-animate=\"fadein from-bt\">\u00a0<\/div>\r\n<\/div>\r\n<p><!-- BLOCK --><\/p>\r\n<div class=\"projects block container-fluid center-relative\">\r\n<div class=\"row section\">\r\n<div class=\"item target col-md-12\"><img decoding=\"async\" loading=\"lazy\" class=\"alignnone wp-image-1316 size-full\" src=\"https:\/\/www.goodprofits.online\/wp-content\/uploads\/2022\/05\/proyectos-cec-imagen-a-1600x1200-3.jpg\" alt=\"\" width=\"1600\" height=\"1200\" srcset=\"https:\/\/www.goodprofits.online\/wp-content\/uploads\/2022\/05\/proyectos-cec-imagen-a-1600x1200-3.jpg 1600w, https:\/\/www.goodprofits.online\/wp-content\/uploads\/2022\/05\/proyectos-cec-imagen-a-1600x1200-3-300x225.jpg 300w, https:\/\/www.goodprofits.online\/wp-content\/uploads\/2022\/05\/proyectos-cec-imagen-a-1600x1200-3-1024x768.jpg 1024w, https:\/\/www.goodprofits.online\/wp-content\/uploads\/2022\/05\/proyectos-cec-imagen-a-1600x1200-3-768x576.jpg 768w, https:\/\/www.goodprofits.online\/wp-content\/uploads\/2022\/05\/proyectos-cec-imagen-a-1600x1200-3-1536x1152.jpg 1536w\" sizes=\"(max-width: 1600px) 100vw, 1600px\" \/><\/div>\r\n<div id=\"stage2\" class=\"stage-point\" data-bgcolor=\"#d5d5d5\" data-removebodyclass=\"terciary-white\" data-animate=\"fadein from-bt\">\u00a0<\/div>\r\n<\/div>\r\n<\/div>\r\n<p><!-- BLOCK --><\/p>\r\n<div class=\"projects block container-fluid center-relative\">\r\n<div class=\"row section\">\r\n<div class=\"col-md-5 target\">\r\n<h2 class=\"section-subtitle\">CLIENT<\/h2>\r\n<p>Centre Excursionista de Catalunya<\/p>\r\n<h2 class=\"section-subtitle\">\u00c0REES<\/h2>\r\n<p>Publicitat Digital i Inbound Marketing<\/p>\r\n<h2 class=\"section-subtitle\">VEURE WEB<\/h2>\r\n<p><a href=\"https:\/\/cec.cat\/\" target=\"_blank\" rel=\"noopener\">https:\/\/cec.cat\/<\/a><\/p>\r\n<img decoding=\"async\" loading=\"lazy\" class=\"alignnone wp-image-999 size-full\" src=\"https:\/\/www.goodprofits.online\/wp-content\/uploads\/2022\/04\/proyectos-cec-imagen-2.jpg\" alt=\"\" width=\"900\" height=\"600\" srcset=\"https:\/\/www.goodprofits.online\/wp-content\/uploads\/2022\/04\/proyectos-cec-imagen-2.jpg 900w, https:\/\/www.goodprofits.online\/wp-content\/uploads\/2022\/04\/proyectos-cec-imagen-2-300x200.jpg 300w, https:\/\/www.goodprofits.online\/wp-content\/uploads\/2022\/04\/proyectos-cec-imagen-2-768x512.jpg 768w\" sizes=\"(max-width: 900px) 100vw, 900px\" \/><\/div>\r\n<div class=\"item target col-md-5\">\r\n<h2 class=\"section-subtitle\">\u00a0<\/h2>\r\n<div class=\"fusion-text fusion-text-1\">\r\n<p>El Centre Excursionista de Catalunya \u00e9s un referent del m\u00f3n de la muntanya des de l&#8217;any 1876, una associaci\u00f3 esportiva i cultural declarada entitat d&#8217;utilitat p\u00fablica.<\/p>\r\n<\/div>\r\n<div class=\"fusion-text fusion-text-2\">\r\n<p>Per acompanyar l&#8217;associaci\u00f3 en la seva adaptaci\u00f3 al mitj\u00e0 digital hem dissenyat una campanya de publicitat digital de dos mesos de durada com a pilot per &#8220;provar&#8221; el mitj\u00e0. Aquesta s&#8217;ha centrat a Facebook i Instagram, comptant una inversi\u00f3 de 3.000\u202f\u20ac repartida entre generar tr\u00e0nsit cap a una landig de desc\u00e0rrega i Facebook Leads Ads.<\/p>\r\n<p>A m\u00e9s, estem desplegant amb ells una estrat\u00e8gia Inbound Marketing que els ajudi a ampliar la base del funnel de conversi\u00f3 per augmentar i rejovenir la seva base social.<\/p>\r\n<p>&nbsp;<\/p>\r\n<div class=\"fusion-text fusion-text-3\">\r\n<p><strong>\u201cA banda dels seus coneixements, jo destacaria el comprom\u00eds de l\u2019equip de GoodProfits. Es fan seus els projectes i s\u2019impliquen per fer que funcionin\u201d. Ton Barnils, Director.<\/strong><\/p>\r\n<p>&nbsp;<\/p>\r\n<div class=\"fusion-text fusion-text-3\">\r\n<p>Campanya de leads de tardor. Dades principals de rendiment:<\/p>\r\n<\/div>\r\n<div class=\"fusion-text fusion-text-2\">\r\n<p>Hem aconseguit 5.980 leads (persones que han descarregat la guia Catalunya Mass\u00eds a Mass\u00eds).<\/p>\r\n<p>L\u2019abast total de la campanya ha estat de 380.000 persones (persones que l\u2019han vista m\u00e9s d\u2019una vegada).<\/p>\r\n<\/div>\r\n<\/div>\r\n<div id=\"stage3\" class=\"stage-point\" data-bgcolor=\"#d5d5d5\" data-animate=\"fadein from-bt\">\u00a0<\/div>\r\n<\/div>\r\n<\/div>\r\n<\/div>\r\n<\/div>","protected":false},"excerpt":{"rendered":"<p>Centre Excursionista de Catalunya Campanya digital per al Centre Excursionista de Catalunya \u00a0 \u00a0 \u00a0 CLIENT Centre Excursionista de Catalunya \u00c0REES Publicitat Digital i Inbound Marketing VEURE WEB https:\/\/cec.cat\/ \u00a0 El Centre Excursionista de Catalunya \u00e9s un referent del m\u00f3n de la muntanya des de l&#8217;any 1876, una associaci\u00f3 esportiva i cultural declarada entitat d&#8217;utilitat [&hellip;]<\/p>\n","protected":false},"author":3,"featured_media":1316,"parent":360,"menu_order":0,"comment_status":"closed","ping_status":"closed","template":"_tmp-page-works.php","meta":[],"tags":[],"yoast_head":"<!-- This site is optimized with the Yoast SEO plugin v20.0 - https:\/\/yoast.com\/wordpress\/plugins\/seo\/ -->\n<title>GoodProfits - Centre Excursionista de Catalunya<\/title>\n<meta name=\"description\" content=\"- Centre Excursionista de Catalunya - GoodProfits\" \/>\n<meta name=\"robots\" content=\"index, follow, max-snippet:-1, max-image-preview:large, max-video-preview:-1\" \/>\n<link rel=\"canonical\" href=\"https:\/\/www.goodprofits.online\/ca\/projectes\/centro-excursionista-de-cataluna\/\" \/>\n<meta property=\"og:locale\" content=\"ca_ES\" \/>\n<meta property=\"og:type\" content=\"article\" \/>\n<meta property=\"og:title\" content=\"GoodProfits - Centre Excursionista de Catalunya\" \/>\n<meta property=\"og:description\" content=\"- Centre Excursionista de Catalunya - GoodProfits\" \/>\n<meta property=\"og:url\" content=\"https:\/\/www.goodprofits.online\/ca\/projectes\/centro-excursionista-de-cataluna\/\" \/>\n<meta property=\"og:site_name\" content=\"GoodProfits\" \/>\n<meta property=\"article:modified_time\" content=\"2022-05-03T11:24:32+00:00\" \/>\n<meta property=\"og:image\" content=\"https:\/\/www.goodprofits.online\/wp-content\/uploads\/2022\/05\/proyectos-cec-imagen-a-1600x1200-3.jpg\" \/>\n\t<meta property=\"og:image:width\" content=\"1600\" \/>\n\t<meta property=\"og:image:height\" content=\"1200\" \/>\n\t<meta property=\"og:image:type\" content=\"image\/jpeg\" \/>\n<meta name=\"twitter:card\" content=\"summary_large_image\" \/>\n<meta name=\"twitter:site\" content=\"@GoodProfitsOn\" \/>\n<script type=\"application\/ld+json\" class=\"yoast-schema-graph\">{\"@context\":\"https:\/\/schema.org\",\"@graph\":[{\"@type\":\"WebPage\",\"@id\":\"https:\/\/www.goodprofits.online\/ca\/projectes\/centro-excursionista-de-cataluna\/\",\"url\":\"https:\/\/www.goodprofits.online\/ca\/projectes\/centro-excursionista-de-cataluna\/\",\"name\":\"GoodProfits - Centre Excursionista de Catalunya\",\"isPartOf\":{\"@id\":\"https:\/\/www.goodprofits.online\/ca\/#website\"},\"datePublished\":\"2022-04-26T10:52:51+00:00\",\"dateModified\":\"2022-05-03T11:24:32+00:00\",\"description\":\"- Centre Excursionista de Catalunya - GoodProfits\",\"breadcrumb\":{\"@id\":\"https:\/\/www.goodprofits.online\/ca\/projectes\/centro-excursionista-de-cataluna\/#breadcrumb\"},\"inLanguage\":\"ca\",\"potentialAction\":[{\"@type\":\"ReadAction\",\"target\":[\"https:\/\/www.goodprofits.online\/ca\/projectes\/centro-excursionista-de-cataluna\/\"]}]},{\"@type\":\"BreadcrumbList\",\"@id\":\"https:\/\/www.goodprofits.online\/ca\/projectes\/centro-excursionista-de-cataluna\/#breadcrumb\",\"itemListElement\":[{\"@type\":\"ListItem\",\"position\":1,\"name\":\"Home\",\"item\":\"https:\/\/www.goodprofits.online\/ca\/\"},{\"@type\":\"ListItem\",\"position\":2,\"name\":\"Projectes\",\"item\":\"https:\/\/www.goodprofits.online\/ca\/projectes\/\"},{\"@type\":\"ListItem\",\"position\":3,\"name\":\"Centre Excursionista de Catalunya\"}]},{\"@type\":\"WebSite\",\"@id\":\"https:\/\/www.goodprofits.online\/ca\/#website\",\"url\":\"https:\/\/www.goodprofits.online\/ca\/\",\"name\":\"GoodProfits fundraising digital\",\"description\":\"Digital Fundraising\",\"publisher\":{\"@id\":\"https:\/\/www.goodprofits.online\/ca\/#organization\"},\"potentialAction\":[{\"@type\":\"SearchAction\",\"target\":{\"@type\":\"EntryPoint\",\"urlTemplate\":\"https:\/\/www.goodprofits.online\/ca\/?s={search_term_string}\"},\"query-input\":\"required name=search_term_string\"}],\"inLanguage\":\"ca\"},{\"@type\":\"Organization\",\"@id\":\"https:\/\/www.goodprofits.online\/ca\/#organization\",\"name\":\"GoodProfits Online\",\"url\":\"https:\/\/www.goodprofits.online\/ca\/\",\"logo\":{\"@type\":\"ImageObject\",\"inLanguage\":\"ca\",\"@id\":\"https:\/\/www.goodprofits.online\/ca\/#\/schema\/logo\/image\/\",\"url\":\"https:\/\/www.goodprofits.online\/wp-content\/uploads\/2023\/01\/LogoImago-B-Red_Gsuite.png\",\"contentUrl\":\"https:\/\/www.goodprofits.online\/wp-content\/uploads\/2023\/01\/LogoImago-B-Red_Gsuite.png\",\"width\":320,\"height\":68,\"caption\":\"GoodProfits Online\"},\"image\":{\"@id\":\"https:\/\/www.goodprofits.online\/ca\/#\/schema\/logo\/image\/\"},\"sameAs\":[\"https:\/\/www.linkedin.com\/company\/goodprofitsonline\/\",\"https:\/\/twitter.com\/GoodProfitsOn\"]}]}<\/script>\n<!-- \/ Yoast SEO plugin. -->","yoast_head_json":{"title":"GoodProfits - Centre Excursionista de Catalunya","description":"- Centre Excursionista de Catalunya - GoodProfits","robots":{"index":"index","follow":"follow","max-snippet":"max-snippet:-1","max-image-preview":"max-image-preview:large","max-video-preview":"max-video-preview:-1"},"canonical":"https:\/\/www.goodprofits.online\/ca\/projectes\/centro-excursionista-de-cataluna\/","og_locale":"ca_ES","og_type":"article","og_title":"GoodProfits - Centre Excursionista de Catalunya","og_description":"- Centre Excursionista de Catalunya - GoodProfits","og_url":"https:\/\/www.goodprofits.online\/ca\/projectes\/centro-excursionista-de-cataluna\/","og_site_name":"GoodProfits","article_modified_time":"2022-05-03T11:24:32+00:00","og_image":[{"width":1600,"height":1200,"url":"https:\/\/www.goodprofits.online\/wp-content\/uploads\/2022\/05\/proyectos-cec-imagen-a-1600x1200-3.jpg","type":"image\/jpeg"}],"twitter_card":"summary_large_image","twitter_site":"@GoodProfitsOn","schema":{"@context":"https:\/\/schema.org","@graph":[{"@type":"WebPage","@id":"https:\/\/www.goodprofits.online\/ca\/projectes\/centro-excursionista-de-cataluna\/","url":"https:\/\/www.goodprofits.online\/ca\/projectes\/centro-excursionista-de-cataluna\/","name":"GoodProfits - Centre Excursionista de Catalunya","isPartOf":{"@id":"https:\/\/www.goodprofits.online\/ca\/#website"},"datePublished":"2022-04-26T10:52:51+00:00","dateModified":"2022-05-03T11:24:32+00:00","description":"- Centre Excursionista de Catalunya - GoodProfits","breadcrumb":{"@id":"https:\/\/www.goodprofits.online\/ca\/projectes\/centro-excursionista-de-cataluna\/#breadcrumb"},"inLanguage":"ca","potentialAction":[{"@type":"ReadAction","target":["https:\/\/www.goodprofits.online\/ca\/projectes\/centro-excursionista-de-cataluna\/"]}]},{"@type":"BreadcrumbList","@id":"https:\/\/www.goodprofits.online\/ca\/projectes\/centro-excursionista-de-cataluna\/#breadcrumb","itemListElement":[{"@type":"ListItem","position":1,"name":"Home","item":"https:\/\/www.goodprofits.online\/ca\/"},{"@type":"ListItem","position":2,"name":"Projectes","item":"https:\/\/www.goodprofits.online\/ca\/projectes\/"},{"@type":"ListItem","position":3,"name":"Centre Excursionista de Catalunya"}]},{"@type":"WebSite","@id":"https:\/\/www.goodprofits.online\/ca\/#website","url":"https:\/\/www.goodprofits.online\/ca\/","name":"GoodProfits fundraising digital","description":"Digital Fundraising","publisher":{"@id":"https:\/\/www.goodprofits.online\/ca\/#organization"},"potentialAction":[{"@type":"SearchAction","target":{"@type":"EntryPoint","urlTemplate":"https:\/\/www.goodprofits.online\/ca\/?s={search_term_string}"},"query-input":"required name=search_term_string"}],"inLanguage":"ca"},{"@type":"Organization","@id":"https:\/\/www.goodprofits.online\/ca\/#organization","name":"GoodProfits Online","url":"https:\/\/www.goodprofits.online\/ca\/","logo":{"@type":"ImageObject","inLanguage":"ca","@id":"https:\/\/www.goodprofits.online\/ca\/#\/schema\/logo\/image\/","url":"https:\/\/www.goodprofits.online\/wp-content\/uploads\/2023\/01\/LogoImago-B-Red_Gsuite.png","contentUrl":"https:\/\/www.goodprofits.online\/wp-content\/uploads\/2023\/01\/LogoImago-B-Red_Gsuite.png","width":320,"height":68,"caption":"GoodProfits Online"},"image":{"@id":"https:\/\/www.goodprofits.online\/ca\/#\/schema\/logo\/image\/"},"sameAs":["https:\/\/www.linkedin.com\/company\/goodprofitsonline\/","https:\/\/twitter.com\/GoodProfitsOn"]}]}},"_links":{"self":[{"href":"https:\/\/www.goodprofits.online\/ca\/wp-json\/wp\/v2\/pages\/1008"}],"collection":[{"href":"https:\/\/www.goodprofits.online\/ca\/wp-json\/wp\/v2\/pages"}],"about":[{"href":"https:\/\/www.goodprofits.online\/ca\/wp-json\/wp\/v2\/types\/page"}],"author":[{"embeddable":true,"href":"https:\/\/www.goodprofits.online\/ca\/wp-json\/wp\/v2\/users\/3"}],"replies":[{"embeddable":true,"href":"https:\/\/www.goodprofits.online\/ca\/wp-json\/wp\/v2\/comments?post=1008"}],"version-history":[{"count":8,"href":"https:\/\/www.goodprofits.online\/ca\/wp-json\/wp\/v2\/pages\/1008\/revisions"}],"predecessor-version":[{"id":1319,"href":"https:\/\/www.goodprofits.online\/ca\/wp-json\/wp\/v2\/pages\/1008\/revisions\/1319"}],"up":[{"embeddable":true,"href":"https:\/\/www.goodprofits.online\/ca\/wp-json\/wp\/v2\/pages\/360"}],"wp:featuredmedia":[{"embeddable":true,"href":"https:\/\/www.goodprofits.online\/ca\/wp-json\/wp\/v2\/media\/1316"}],"wp:attachment":[{"href":"https:\/\/www.goodprofits.online\/ca\/wp-json\/wp\/v2\/media?parent=1008"}],"wp:term":[{"taxonomy":"post_tag","embeddable":true,"href":"https:\/\/www.goodprofits.online\/ca\/wp-json\/wp\/v2\/tags?post=1008"}],"curies":[{"name":"wp","href":"https:\/\/api.w.org\/{rel}","templated":true}]}}